{"id":912,"date":"2024-07-24T12:37:14","date_gmt":"2024-07-24T12:37:14","guid":{"rendered":"https:\/\/cavernart.com\/?post_type=product&#038;p=912"},"modified":"2025-06-24T00:01:29","modified_gmt":"2025-06-24T00:01:29","slug":"diffuseur-en-ceramique-etoile-de-mer","status":"publish","type":"product","link":"https:\/\/cavernart.com\/ar\/boutique\/deco\/diffuseur-en-ceramique-etoile-de-mer\/","title":{"rendered":"Diffuseur en c\u00e9ramique etoile de m\u00e9r"},"content":{"rendered":"<p>Diffuseur en c\u00e9ramique avec decoration \u00e9toile de m\u00e9r<\/p>","protected":false},"excerpt":{"rendered":"<p>Diffuseur en c\u00e9ramique avec decoration \u00e9toile de m\u00e9r<\/p>","protected":false},"featured_media":905,"template":"","meta":{"jetpack_publicize_message":"","jetpack_publicize_feature_enabled":true,"jetpack_social_post_already_shared":true,"jetpack_social_options":{"image_generator_settings":{"template":"highway","default_image_id":0,"font":"","enabled":false},"version":2}},"product_brand":[],"product_cat":[22],"product_tag":[],"class_list":{"0":"post-912","1":"product","2":"type-product","3":"status-publish","4":"has-post-thumbnail","6":"product_cat-deco","8":"first","9":"instock","10":"purchasable","11":"product-type-simple"},"yoast_head":"<!-- This site is optimized with the Yoast SEO plugin v27.4 - https:\/\/yoast.com\/product\/yoast-seo-wordpress\/ -->\n<title>Diffuseur en c\u00e9ramique etoile de m\u00e9r - Cavern Art<\/title>\n<meta name=\"robots\" content=\"index, follow, max-snippet:-1, max-image-preview:large, max-video-preview:-1\" \/>\n<link rel=\"canonical\" href=\"https:\/\/cavernart.com\/ar\/boutique\/deco\/diffuseur-en-ceramique-etoile-de-mer\/\" \/>\n<meta property=\"og:locale\" content=\"ar_AR\" \/>\n<meta property=\"og:type\" content=\"article\" \/>\n<meta property=\"og:title\" content=\"Diffuseur en c\u00e9ramique etoile de m\u00e9r - Cavern Art\" \/>\n<meta property=\"og:description\" content=\"Diffuseur en c\u00e9ramique avec decoration \u00e9toile de m\u00e9r\" \/>\n<meta property=\"og:url\" content=\"https:\/\/cavernart.com\/ar\/boutique\/deco\/diffuseur-en-ceramique-etoile-de-mer\/\" \/>\n<meta property=\"og:site_name\" content=\"Cavern Art\" \/>\n<meta property=\"article:modified_time\" content=\"2025-06-24T00:01:29+00:00\" \/>\n<meta property=\"og:image\" content=\"https:\/\/i0.wp.com\/cavernart.com\/wp-content\/uploads\/2021\/02\/20240723_121844-scaled.jpg?fit=1920%2C2560&ssl=1\" \/>\n\t<meta property=\"og:image:width\" content=\"1920\" \/>\n\t<meta property=\"og:image:height\" content=\"2560\" \/>\n\t<meta property=\"og:image:type\" content=\"image\/jpeg\" \/>\n<meta name=\"twitter:card\" content=\"summary_large_image\" \/>\n<script type=\"application\/ld+json\" class=\"yoast-schema-graph\">{\"@context\":\"https:\\\/\\\/schema.org\",\"@graph\":[{\"@type\":\"WebPage\",\"@id\":\"https:\\\/\\\/cavernart.com\\\/boutique\\\/deco\\\/diffuseur-en-ceramique-etoile-de-mer\\\/\",\"url\":\"https:\\\/\\\/cavernart.com\\\/boutique\\\/deco\\\/diffuseur-en-ceramique-etoile-de-mer\\\/\",\"name\":\"Diffuseur en c\u00e9ramique etoile de m\u00e9r - Cavern Art\",\"isPartOf\":{\"@id\":\"https:\\\/\\\/cavernart.com\\\/#website\"},\"primaryImageOfPage\":{\"@id\":\"https:\\\/\\\/cavernart.com\\\/boutique\\\/deco\\\/diffuseur-en-ceramique-etoile-de-mer\\\/#primaryimage\"},\"image\":{\"@id\":\"https:\\\/\\\/cavernart.com\\\/boutique\\\/deco\\\/diffuseur-en-ceramique-etoile-de-mer\\\/#primaryimage\"},\"thumbnailUrl\":\"https:\\\/\\\/i0.wp.com\\\/cavernart.com\\\/wp-content\\\/uploads\\\/2021\\\/02\\\/20240723_121844-scaled.jpg?fit=1920%2C2560&ssl=1\",\"datePublished\":\"2024-07-24T12:37:14+00:00\",\"dateModified\":\"2025-06-24T00:01:29+00:00\",\"breadcrumb\":{\"@id\":\"https:\\\/\\\/cavernart.com\\\/boutique\\\/deco\\\/diffuseur-en-ceramique-etoile-de-mer\\\/#breadcrumb\"},\"inLanguage\":\"ar\",\"potentialAction\":[{\"@type\":\"ReadAction\",\"target\":[\"https:\\\/\\\/cavernart.com\\\/boutique\\\/deco\\\/diffuseur-en-ceramique-etoile-de-mer\\\/\"]}]},{\"@type\":\"ImageObject\",\"inLanguage\":\"ar\",\"@id\":\"https:\\\/\\\/cavernart.com\\\/boutique\\\/deco\\\/diffuseur-en-ceramique-etoile-de-mer\\\/#primaryimage\",\"url\":\"https:\\\/\\\/i0.wp.com\\\/cavernart.com\\\/wp-content\\\/uploads\\\/2021\\\/02\\\/20240723_121844-scaled.jpg?fit=1920%2C2560&ssl=1\",\"contentUrl\":\"https:\\\/\\\/i0.wp.com\\\/cavernart.com\\\/wp-content\\\/uploads\\\/2021\\\/02\\\/20240723_121844-scaled.jpg?fit=1920%2C2560&ssl=1\",\"width\":1920,\"height\":2560},{\"@type\":\"BreadcrumbList\",\"@id\":\"https:\\\/\\\/cavernart.com\\\/boutique\\\/deco\\\/diffuseur-en-ceramique-etoile-de-mer\\\/#breadcrumb\",\"itemListElement\":[{\"@type\":\"ListItem\",\"position\":1,\"name\":\"Accueil\",\"item\":\"https:\\\/\\\/cavernart.com\\\/\"},{\"@type\":\"ListItem\",\"position\":2,\"name\":\"Boutique\",\"item\":\"https:\\\/\\\/cavernart.com\\\/boutique\\\/\"},{\"@type\":\"ListItem\",\"position\":3,\"name\":\"Diffuseur en c\u00e9ramique etoile de m\u00e9r\"}]},{\"@type\":\"WebSite\",\"@id\":\"https:\\\/\\\/cavernart.com\\\/#website\",\"url\":\"https:\\\/\\\/cavernart.com\\\/\",\"name\":\"Cavern Art\",\"description\":\"Cr\u00e9ons sans limites !\",\"publisher\":{\"@id\":\"https:\\\/\\\/cavernart.com\\\/#organization\"},\"potentialAction\":[{\"@type\":\"SearchAction\",\"target\":{\"@type\":\"EntryPoint\",\"urlTemplate\":\"https:\\\/\\\/cavernart.com\\\/?s={search_term_string}\"},\"query-input\":{\"@type\":\"PropertyValueSpecification\",\"valueRequired\":true,\"valueName\":\"search_term_string\"}}],\"inLanguage\":\"ar\"},{\"@type\":\"Organization\",\"@id\":\"https:\\\/\\\/cavernart.com\\\/#organization\",\"name\":\"Cavern Art\",\"url\":\"https:\\\/\\\/cavernart.com\\\/\",\"logo\":{\"@type\":\"ImageObject\",\"inLanguage\":\"ar\",\"@id\":\"https:\\\/\\\/cavernart.com\\\/#\\\/schema\\\/logo\\\/image\\\/\",\"url\":\"https:\\\/\\\/i0.wp.com\\\/cavernart.com\\\/wp-content\\\/uploads\\\/2022\\\/02\\\/cropped-logo-cavernart-scaled.png?fit=3001%2C3081&ssl=1\",\"contentUrl\":\"https:\\\/\\\/i0.wp.com\\\/cavernart.com\\\/wp-content\\\/uploads\\\/2022\\\/02\\\/cropped-logo-cavernart-scaled.png?fit=3001%2C3081&ssl=1\",\"width\":3001,\"height\":3081,\"caption\":\"Cavern Art\"},\"image\":{\"@id\":\"https:\\\/\\\/cavernart.com\\\/#\\\/schema\\\/logo\\\/image\\\/\"}}]}<\/script>\n<!-- \/ Yoast SEO plugin. -->","yoast_head_json":{"title":"Diffuseur en c\u00e9ramique etoile de m\u00e9r - Cavern Art","robots":{"index":"index","follow":"follow","max-snippet":"max-snippet:-1","max-image-preview":"max-image-preview:large","max-video-preview":"max-video-preview:-1"},"canonical":"https:\/\/cavernart.com\/ar\/boutique\/deco\/diffuseur-en-ceramique-etoile-de-mer\/","og_locale":"ar_AR","og_type":"article","og_title":"Diffuseur en c\u00e9ramique etoile de m\u00e9r - Cavern Art","og_description":"Diffuseur en c\u00e9ramique avec decoration \u00e9toile de m\u00e9r","og_url":"https:\/\/cavernart.com\/ar\/boutique\/deco\/diffuseur-en-ceramique-etoile-de-mer\/","og_site_name":"Cavern Art","article_modified_time":"2025-06-24T00:01:29+00:00","og_image":[{"width":1920,"height":2560,"url":"https:\/\/i0.wp.com\/cavernart.com\/wp-content\/uploads\/2021\/02\/20240723_121844-scaled.jpg?fit=1920%2C2560&ssl=1","type":"image\/jpeg"}],"twitter_card":"summary_large_image","schema":{"@context":"https:\/\/schema.org","@graph":[{"@type":"WebPage","@id":"https:\/\/cavernart.com\/boutique\/deco\/diffuseur-en-ceramique-etoile-de-mer\/","url":"https:\/\/cavernart.com\/boutique\/deco\/diffuseur-en-ceramique-etoile-de-mer\/","name":"Diffuseur en c\u00e9ramique etoile de m\u00e9r - Cavern Art","isPartOf":{"@id":"https:\/\/cavernart.com\/#website"},"primaryImageOfPage":{"@id":"https:\/\/cavernart.com\/boutique\/deco\/diffuseur-en-ceramique-etoile-de-mer\/#primaryimage"},"image":{"@id":"https:\/\/cavernart.com\/boutique\/deco\/diffuseur-en-ceramique-etoile-de-mer\/#primaryimage"},"thumbnailUrl":"https:\/\/i0.wp.com\/cavernart.com\/wp-content\/uploads\/2021\/02\/20240723_121844-scaled.jpg?fit=1920%2C2560&ssl=1","datePublished":"2024-07-24T12:37:14+00:00","dateModified":"2025-06-24T00:01:29+00:00","breadcrumb":{"@id":"https:\/\/cavernart.com\/boutique\/deco\/diffuseur-en-ceramique-etoile-de-mer\/#breadcrumb"},"inLanguage":"ar","potentialAction":[{"@type":"ReadAction","target":["https:\/\/cavernart.com\/boutique\/deco\/diffuseur-en-ceramique-etoile-de-mer\/"]}]},{"@type":"ImageObject","inLanguage":"ar","@id":"https:\/\/cavernart.com\/boutique\/deco\/diffuseur-en-ceramique-etoile-de-mer\/#primaryimage","url":"https:\/\/i0.wp.com\/cavernart.com\/wp-content\/uploads\/2021\/02\/20240723_121844-scaled.jpg?fit=1920%2C2560&ssl=1","contentUrl":"https:\/\/i0.wp.com\/cavernart.com\/wp-content\/uploads\/2021\/02\/20240723_121844-scaled.jpg?fit=1920%2C2560&ssl=1","width":1920,"height":2560},{"@type":"BreadcrumbList","@id":"https:\/\/cavernart.com\/boutique\/deco\/diffuseur-en-ceramique-etoile-de-mer\/#breadcrumb","itemListElement":[{"@type":"ListItem","position":1,"name":"Accueil","item":"https:\/\/cavernart.com\/"},{"@type":"ListItem","position":2,"name":"Boutique","item":"https:\/\/cavernart.com\/boutique\/"},{"@type":"ListItem","position":3,"name":"Diffuseur en c\u00e9ramique etoile de m\u00e9r"}]},{"@type":"WebSite","@id":"https:\/\/cavernart.com\/#website","url":"https:\/\/cavernart.com\/","name":"Cavern Art","description":"Cr\u00e9ons sans limites !","publisher":{"@id":"https:\/\/cavernart.com\/#organization"},"potentialAction":[{"@type":"SearchAction","target":{"@type":"EntryPoint","urlTemplate":"https:\/\/cavernart.com\/?s={search_term_string}"},"query-input":{"@type":"PropertyValueSpecification","valueRequired":true,"valueName":"search_term_string"}}],"inLanguage":"ar"},{"@type":"Organization","@id":"https:\/\/cavernart.com\/#organization","name":"Cavern Art","url":"https:\/\/cavernart.com\/","logo":{"@type":"ImageObject","inLanguage":"ar","@id":"https:\/\/cavernart.com\/#\/schema\/logo\/image\/","url":"https:\/\/i0.wp.com\/cavernart.com\/wp-content\/uploads\/2022\/02\/cropped-logo-cavernart-scaled.png?fit=3001%2C3081&ssl=1","contentUrl":"https:\/\/i0.wp.com\/cavernart.com\/wp-content\/uploads\/2022\/02\/cropped-logo-cavernart-scaled.png?fit=3001%2C3081&ssl=1","width":3001,"height":3081,"caption":"Cavern Art"},"image":{"@id":"https:\/\/cavernart.com\/#\/schema\/logo\/image\/"}}]}},"jetpack_publicize_connections":[],"jetpack_sharing_enabled":true,"jetpack-related-posts":[{"id":909,"url":"https:\/\/cavernart.com\/ar\/boutique\/deco\/diffuseur-en-ceramique-louisa\/","url_meta":{"origin":912,"position":0},"title":"Diffuseur en c\u00e9ramique Louisa","author":"stark","date":"24 \u064a\u0648\u0644\u064a\u0648 2024","format":false,"excerpt":"Diffuseur\u00a0 en c\u00e9ramique avec une louisa en decoration","rel":"","context":"\u062a\u062f\u0648\u064a\u0646\u0629 \u0645\u0634\u0627\u0628\u0647\u0629","block_context":{"text":"\u062a\u062f\u0648\u064a\u0646\u0629 \u0645\u0634\u0627\u0628\u0647\u0629","link":""},"img":{"alt_text":"","src":"https:\/\/i0.wp.com\/cavernart.com\/wp-content\/uploads\/2021\/02\/20240723_121738-scaled.jpg?fit=900%2C1200&ssl=1&resize=350%2C200","width":350,"height":200,"srcset":"https:\/\/i0.wp.com\/cavernart.com\/wp-content\/uploads\/2021\/02\/20240723_121738-scaled.jpg?fit=900%2C1200&ssl=1&resize=350%2C200 1x, https:\/\/i0.wp.com\/cavernart.com\/wp-content\/uploads\/2021\/02\/20240723_121738-scaled.jpg?fit=900%2C1200&ssl=1&resize=525%2C300 1.5x, https:\/\/i0.wp.com\/cavernart.com\/wp-content\/uploads\/2021\/02\/20240723_121738-scaled.jpg?fit=900%2C1200&ssl=1&resize=700%2C400 2x"},"classes":[]},{"id":923,"url":"https:\/\/cavernart.com\/ar\/boutique\/deco\/diffuseur-en-ceramique-pendentif\/","url_meta":{"origin":912,"position":1},"title":"Diffuseur en c\u00e9ramique pendentif","author":"stark","date":"26 \u064a\u0648\u0644\u064a\u0648 2024","format":false,"excerpt":"Pendentif en decoration","rel":"","context":"\u062a\u062f\u0648\u064a\u0646\u0629 \u0645\u0634\u0627\u0628\u0647\u0629","block_context":{"text":"\u062a\u062f\u0648\u064a\u0646\u0629 \u0645\u0634\u0627\u0628\u0647\u0629","link":""},"img":{"alt_text":"","src":"https:\/\/i0.wp.com\/cavernart.com\/wp-content\/uploads\/2021\/02\/20240723_121808-scaled.jpg?fit=900%2C1200&ssl=1&resize=350%2C200","width":350,"height":200,"srcset":"https:\/\/i0.wp.com\/cavernart.com\/wp-content\/uploads\/2021\/02\/20240723_121808-scaled.jpg?fit=900%2C1200&ssl=1&resize=350%2C200 1x, https:\/\/i0.wp.com\/cavernart.com\/wp-content\/uploads\/2021\/02\/20240723_121808-scaled.jpg?fit=900%2C1200&ssl=1&resize=525%2C300 1.5x, https:\/\/i0.wp.com\/cavernart.com\/wp-content\/uploads\/2021\/02\/20240723_121808-scaled.jpg?fit=900%2C1200&ssl=1&resize=700%2C400 2x"},"classes":[]},{"id":533,"url":"https:\/\/cavernart.com\/ar\/boutique\/deco\/vide-poche-en-ceramique-blue-eyes\/","url_meta":{"origin":912,"position":2},"title":"Vide poche en c\u00e9ramique blue eyes","author":"stark","date":"18 \u064a\u0648\u0644\u064a\u0648 2024","format":false,"excerpt":"vide poche en c\u00e9ramique decor\u00e9 avec des yeux bleus","rel":"","context":"\u062a\u062f\u0648\u064a\u0646\u0629 \u0645\u0634\u0627\u0628\u0647\u0629","block_context":{"text":"\u062a\u062f\u0648\u064a\u0646\u0629 \u0645\u0634\u0627\u0628\u0647\u0629","link":""},"img":{"alt_text":"","src":"https:\/\/i0.wp.com\/cavernart.com\/wp-content\/uploads\/2024\/01\/20230919_130158-1200x1200.jpg?fit=1200%2C1200&ssl=1&resize=350%2C200","width":350,"height":200,"srcset":"https:\/\/i0.wp.com\/cavernart.com\/wp-content\/uploads\/2024\/01\/20230919_130158-1200x1200.jpg?fit=1200%2C1200&ssl=1&resize=350%2C200 1x, https:\/\/i0.wp.com\/cavernart.com\/wp-content\/uploads\/2024\/01\/20230919_130158-1200x1200.jpg?fit=1200%2C1200&ssl=1&resize=525%2C300 1.5x, https:\/\/i0.wp.com\/cavernart.com\/wp-content\/uploads\/2024\/01\/20230919_130158-1200x1200.jpg?fit=1200%2C1200&ssl=1&resize=700%2C400 2x, https:\/\/i0.wp.com\/cavernart.com\/wp-content\/uploads\/2024\/01\/20230919_130158-1200x1200.jpg?fit=1200%2C1200&ssl=1&resize=1050%2C600 3x"},"classes":[]},{"id":924,"url":"https:\/\/cavernart.com\/ar\/boutique\/deco\/diffiseur-en-ceramique-fleurs\/","url_meta":{"origin":912,"position":3},"title":"Diffiseur en c\u00e9ramique fleurs","author":"stark","date":"26 \u064a\u0648\u0644\u064a\u0648 2024","format":false,"excerpt":"2 petites fleurs en decoration","rel":"","context":"\u062a\u062f\u0648\u064a\u0646\u0629 \u0645\u0634\u0627\u0628\u0647\u0629","block_context":{"text":"\u062a\u062f\u0648\u064a\u0646\u0629 \u0645\u0634\u0627\u0628\u0647\u0629","link":""},"img":{"alt_text":"","src":"https:\/\/i0.wp.com\/cavernart.com\/wp-content\/uploads\/2021\/02\/20240723_121712-scaled.jpg?fit=900%2C1200&ssl=1&resize=350%2C200","width":350,"height":200,"srcset":"https:\/\/i0.wp.com\/cavernart.com\/wp-content\/uploads\/2021\/02\/20240723_121712-scaled.jpg?fit=900%2C1200&ssl=1&resize=350%2C200 1x, https:\/\/i0.wp.com\/cavernart.com\/wp-content\/uploads\/2021\/02\/20240723_121712-scaled.jpg?fit=900%2C1200&ssl=1&resize=525%2C300 1.5x, https:\/\/i0.wp.com\/cavernart.com\/wp-content\/uploads\/2021\/02\/20240723_121712-scaled.jpg?fit=900%2C1200&ssl=1&resize=700%2C400 2x"},"classes":[]},{"id":16442,"url":"https:\/\/cavernart.com\/ar\/boutique\/deco\/tasse-en-ceramique\/","url_meta":{"origin":912,"position":4},"title":"Tasse en c\u00e9ramique","author":"stark","date":"23 \u0623\u0643\u062a\u0648\u0628\u0631 2025","format":false,"excerpt":"Tasse en c\u00e9ramique model\u00e9e \u00e0 la main Diam\u00e8tre 8cm Hauteur 9cm","rel":"","context":"\u062a\u062f\u0648\u064a\u0646\u0629 \u0645\u0634\u0627\u0628\u0647\u0629","block_context":{"text":"\u062a\u062f\u0648\u064a\u0646\u0629 \u0645\u0634\u0627\u0628\u0647\u0629","link":""},"img":{"alt_text":"","src":"https:\/\/i0.wp.com\/cavernart.com\/wp-content\/uploads\/2025\/10\/9.jpg?fit=1200%2C1200&ssl=1&resize=350%2C200","width":350,"height":200,"srcset":"https:\/\/i0.wp.com\/cavernart.com\/wp-content\/uploads\/2025\/10\/9.jpg?fit=1200%2C1200&ssl=1&resize=350%2C200 1x, https:\/\/i0.wp.com\/cavernart.com\/wp-content\/uploads\/2025\/10\/9.jpg?fit=1200%2C1200&ssl=1&resize=525%2C300 1.5x, https:\/\/i0.wp.com\/cavernart.com\/wp-content\/uploads\/2025\/10\/9.jpg?fit=1200%2C1200&ssl=1&resize=700%2C400 2x, https:\/\/i0.wp.com\/cavernart.com\/wp-content\/uploads\/2025\/10\/9.jpg?fit=1200%2C1200&ssl=1&resize=1050%2C600 3x"},"classes":[]},{"id":532,"url":"https:\/\/cavernart.com\/ar\/boutique\/deco\/vide-poche-en-ceramique-alif\/","url_meta":{"origin":912,"position":5},"title":"Vide poche en c\u00e9ramique Alif","author":"stark","date":"18 \u064a\u0648\u0644\u064a\u0648 2024","format":false,"excerpt":"assiette vide poche en c\u00e9ramique decor\u00e9e de calligraphie","rel":"","context":"\u062a\u062f\u0648\u064a\u0646\u0629 \u0645\u0634\u0627\u0628\u0647\u0629","block_context":{"text":"\u062a\u062f\u0648\u064a\u0646\u0629 \u0645\u0634\u0627\u0628\u0647\u0629","link":""},"img":{"alt_text":"","src":"https:\/\/i0.wp.com\/cavernart.com\/wp-content\/uploads\/2024\/01\/20230919_130318-1200x1200.jpg?fit=1200%2C1200&ssl=1&resize=350%2C200","width":350,"height":200,"srcset":"https:\/\/i0.wp.com\/cavernart.com\/wp-content\/uploads\/2024\/01\/20230919_130318-1200x1200.jpg?fit=1200%2C1200&ssl=1&resize=350%2C200 1x, https:\/\/i0.wp.com\/cavernart.com\/wp-content\/uploads\/2024\/01\/20230919_130318-1200x1200.jpg?fit=1200%2C1200&ssl=1&resize=525%2C300 1.5x, https:\/\/i0.wp.com\/cavernart.com\/wp-content\/uploads\/2024\/01\/20230919_130318-1200x1200.jpg?fit=1200%2C1200&ssl=1&resize=700%2C400 2x, https:\/\/i0.wp.com\/cavernart.com\/wp-content\/uploads\/2024\/01\/20230919_130318-1200x1200.jpg?fit=1200%2C1200&ssl=1&resize=1050%2C600 3x"},"classes":[]}],"_links":{"self":[{"href":"https:\/\/cavernart.com\/ar\/wp-json\/wp\/v2\/product\/912","targetHints":{"allow":["GET"]}}],"collection":[{"href":"https:\/\/cavernart.com\/ar\/wp-json\/wp\/v2\/product"}],"about":[{"href":"https:\/\/cavernart.com\/ar\/wp-json\/wp\/v2\/types\/product"}],"version-history":[{"count":1,"href":"https:\/\/cavernart.com\/ar\/wp-json\/wp\/v2\/product\/912\/revisions"}],"predecessor-version":[{"id":914,"href":"https:\/\/cavernart.com\/ar\/wp-json\/wp\/v2\/product\/912\/revisions\/914"}],"wp:featuredmedia":[{"embeddable":true,"href":"https:\/\/cavernart.com\/ar\/wp-json\/wp\/v2\/media\/905"}],"wp:attachment":[{"href":"https:\/\/cavernart.com\/ar\/wp-json\/wp\/v2\/media?parent=912"}],"wp:term":[{"taxonomy":"product_brand","embeddable":true,"href":"https:\/\/cavernart.com\/ar\/wp-json\/wp\/v2\/product_brand?post=912"},{"taxonomy":"product_cat","embeddable":true,"href":"https:\/\/cavernart.com\/ar\/wp-json\/wp\/v2\/product_cat?post=912"},{"taxonomy":"product_tag","embeddable":true,"href":"https:\/\/cavernart.com\/ar\/wp-json\/wp\/v2\/product_tag?post=912"}],"curies":[{"name":"wp","href":"https:\/\/api.w.org\/{rel}","templated":true}]}}