{"id":763,"date":"2024-07-22T17:33:02","date_gmt":"2024-07-22T17:33:02","guid":{"rendered":"https:\/\/cavernart.com\/?post_type=product&#038;p=763"},"modified":"2025-06-24T00:34:29","modified_gmt":"2025-06-24T00:34:29","slug":"savon-triple-action","status":"publish","type":"product","link":"https:\/\/cavernart.com\/ar\/boutique\/bien-etre\/savon-triple-action\/","title":{"rendered":"Savon triple action"},"content":{"rendered":"<p>Au charbon d\u00e9toxifiant, a l&rsquo;ortie tonifiante et au curcuma anti inflamatoires<\/p>\n<p>ideal pour les peaux grasses, mixtes et acn\u00e9iques<\/p>","protected":false},"excerpt":{"rendered":"<p>Au charbon d\u00e9toxifiant, a l&rsquo;ortie tonifiante et au curcuma anti inflamatoires ideal pour les peaux grasses, mixtes et acn\u00e9iques<\/p>","protected":false},"featured_media":1235,"template":"","meta":{"jetpack_publicize_message":"","jetpack_publicize_feature_enabled":true,"jetpack_social_post_already_shared":true,"jetpack_social_options":{"image_generator_settings":{"template":"highway","default_image_id":0,"font":"","enabled":false},"version":2}},"product_brand":[],"product_cat":[24],"product_tag":[],"class_list":{"0":"post-763","1":"product","2":"type-product","3":"status-publish","4":"has-post-thumbnail","6":"product_cat-bien-etre","8":"first","9":"instock","10":"purchasable","11":"product-type-simple"},"yoast_head":"<!-- This site is optimized with the Yoast SEO plugin v27.4 - https:\/\/yoast.com\/product\/yoast-seo-wordpress\/ -->\n<title>Savon triple action - Cavern Art<\/title>\n<meta name=\"robots\" content=\"index, follow, max-snippet:-1, max-image-preview:large, max-video-preview:-1\" \/>\n<link rel=\"canonical\" href=\"https:\/\/cavernart.com\/ar\/boutique\/bien-etre\/savon-triple-action\/\" \/>\n<meta property=\"og:locale\" content=\"ar_AR\" \/>\n<meta property=\"og:type\" content=\"article\" \/>\n<meta property=\"og:title\" content=\"Savon triple action - Cavern Art\" \/>\n<meta property=\"og:description\" content=\"Au charbon d\u00e9toxifiant, a l&rsquo;ortie tonifiante et au curcuma anti inflamatoires ideal pour les peaux grasses, mixtes et acn\u00e9iques\" \/>\n<meta property=\"og:url\" content=\"https:\/\/cavernart.com\/ar\/boutique\/bien-etre\/savon-triple-action\/\" \/>\n<meta property=\"og:site_name\" content=\"Cavern Art\" \/>\n<meta property=\"article:modified_time\" content=\"2025-06-24T00:34:29+00:00\" \/>\n<meta property=\"og:image\" content=\"https:\/\/i0.wp.com\/cavernart.com\/wp-content\/uploads\/2024\/07\/IMG_2116-1024x1024-2.jpg?fit=1024%2C1024&ssl=1\" \/>\n\t<meta property=\"og:image:width\" content=\"1024\" \/>\n\t<meta property=\"og:image:height\" content=\"1024\" \/>\n\t<meta property=\"og:image:type\" content=\"image\/jpeg\" \/>\n<meta name=\"twitter:card\" content=\"summary_large_image\" \/>\n<script type=\"application\/ld+json\" class=\"yoast-schema-graph\">{\"@context\":\"https:\\\/\\\/schema.org\",\"@graph\":[{\"@type\":\"WebPage\",\"@id\":\"https:\\\/\\\/cavernart.com\\\/boutique\\\/bien-etre\\\/savon-triple-action\\\/\",\"url\":\"https:\\\/\\\/cavernart.com\\\/boutique\\\/bien-etre\\\/savon-triple-action\\\/\",\"name\":\"Savon triple action - Cavern Art\",\"isPartOf\":{\"@id\":\"https:\\\/\\\/cavernart.com\\\/#website\"},\"primaryImageOfPage\":{\"@id\":\"https:\\\/\\\/cavernart.com\\\/boutique\\\/bien-etre\\\/savon-triple-action\\\/#primaryimage\"},\"image\":{\"@id\":\"https:\\\/\\\/cavernart.com\\\/boutique\\\/bien-etre\\\/savon-triple-action\\\/#primaryimage\"},\"thumbnailUrl\":\"https:\\\/\\\/i0.wp.com\\\/cavernart.com\\\/wp-content\\\/uploads\\\/2024\\\/07\\\/IMG_2116-1024x1024-2.jpg?fit=1024%2C1024&ssl=1\",\"datePublished\":\"2024-07-22T17:33:02+00:00\",\"dateModified\":\"2025-06-24T00:34:29+00:00\",\"breadcrumb\":{\"@id\":\"https:\\\/\\\/cavernart.com\\\/boutique\\\/bien-etre\\\/savon-triple-action\\\/#breadcrumb\"},\"inLanguage\":\"ar\",\"potentialAction\":[{\"@type\":\"ReadAction\",\"target\":[\"https:\\\/\\\/cavernart.com\\\/boutique\\\/bien-etre\\\/savon-triple-action\\\/\"]}]},{\"@type\":\"ImageObject\",\"inLanguage\":\"ar\",\"@id\":\"https:\\\/\\\/cavernart.com\\\/boutique\\\/bien-etre\\\/savon-triple-action\\\/#primaryimage\",\"url\":\"https:\\\/\\\/i0.wp.com\\\/cavernart.com\\\/wp-content\\\/uploads\\\/2024\\\/07\\\/IMG_2116-1024x1024-2.jpg?fit=1024%2C1024&ssl=1\",\"contentUrl\":\"https:\\\/\\\/i0.wp.com\\\/cavernart.com\\\/wp-content\\\/uploads\\\/2024\\\/07\\\/IMG_2116-1024x1024-2.jpg?fit=1024%2C1024&ssl=1\",\"width\":1024,\"height\":1024},{\"@type\":\"BreadcrumbList\",\"@id\":\"https:\\\/\\\/cavernart.com\\\/boutique\\\/bien-etre\\\/savon-triple-action\\\/#breadcrumb\",\"itemListElement\":[{\"@type\":\"ListItem\",\"position\":1,\"name\":\"Accueil\",\"item\":\"https:\\\/\\\/cavernart.com\\\/\"},{\"@type\":\"ListItem\",\"position\":2,\"name\":\"Boutique\",\"item\":\"https:\\\/\\\/cavernart.com\\\/boutique\\\/\"},{\"@type\":\"ListItem\",\"position\":3,\"name\":\"Savon triple action\"}]},{\"@type\":\"WebSite\",\"@id\":\"https:\\\/\\\/cavernart.com\\\/#website\",\"url\":\"https:\\\/\\\/cavernart.com\\\/\",\"name\":\"Cavern Art\",\"description\":\"Cr\u00e9ons sans limites !\",\"publisher\":{\"@id\":\"https:\\\/\\\/cavernart.com\\\/#organization\"},\"potentialAction\":[{\"@type\":\"SearchAction\",\"target\":{\"@type\":\"EntryPoint\",\"urlTemplate\":\"https:\\\/\\\/cavernart.com\\\/?s={search_term_string}\"},\"query-input\":{\"@type\":\"PropertyValueSpecification\",\"valueRequired\":true,\"valueName\":\"search_term_string\"}}],\"inLanguage\":\"ar\"},{\"@type\":\"Organization\",\"@id\":\"https:\\\/\\\/cavernart.com\\\/#organization\",\"name\":\"Cavern Art\",\"url\":\"https:\\\/\\\/cavernart.com\\\/\",\"logo\":{\"@type\":\"ImageObject\",\"inLanguage\":\"ar\",\"@id\":\"https:\\\/\\\/cavernart.com\\\/#\\\/schema\\\/logo\\\/image\\\/\",\"url\":\"https:\\\/\\\/i0.wp.com\\\/cavernart.com\\\/wp-content\\\/uploads\\\/2022\\\/02\\\/cropped-logo-cavernart-scaled.png?fit=3001%2C3081&ssl=1\",\"contentUrl\":\"https:\\\/\\\/i0.wp.com\\\/cavernart.com\\\/wp-content\\\/uploads\\\/2022\\\/02\\\/cropped-logo-cavernart-scaled.png?fit=3001%2C3081&ssl=1\",\"width\":3001,\"height\":3081,\"caption\":\"Cavern Art\"},\"image\":{\"@id\":\"https:\\\/\\\/cavernart.com\\\/#\\\/schema\\\/logo\\\/image\\\/\"}}]}<\/script>\n<!-- \/ Yoast SEO plugin. -->","yoast_head_json":{"title":"Savon triple action - Cavern Art","robots":{"index":"index","follow":"follow","max-snippet":"max-snippet:-1","max-image-preview":"max-image-preview:large","max-video-preview":"max-video-preview:-1"},"canonical":"https:\/\/cavernart.com\/ar\/boutique\/bien-etre\/savon-triple-action\/","og_locale":"ar_AR","og_type":"article","og_title":"Savon triple action - Cavern Art","og_description":"Au charbon d\u00e9toxifiant, a l&rsquo;ortie tonifiante et au curcuma anti inflamatoires ideal pour les peaux grasses, mixtes et acn\u00e9iques","og_url":"https:\/\/cavernart.com\/ar\/boutique\/bien-etre\/savon-triple-action\/","og_site_name":"Cavern Art","article_modified_time":"2025-06-24T00:34:29+00:00","og_image":[{"width":1024,"height":1024,"url":"https:\/\/i0.wp.com\/cavernart.com\/wp-content\/uploads\/2024\/07\/IMG_2116-1024x1024-2.jpg?fit=1024%2C1024&ssl=1","type":"image\/jpeg"}],"twitter_card":"summary_large_image","schema":{"@context":"https:\/\/schema.org","@graph":[{"@type":"WebPage","@id":"https:\/\/cavernart.com\/boutique\/bien-etre\/savon-triple-action\/","url":"https:\/\/cavernart.com\/boutique\/bien-etre\/savon-triple-action\/","name":"Savon triple action - Cavern Art","isPartOf":{"@id":"https:\/\/cavernart.com\/#website"},"primaryImageOfPage":{"@id":"https:\/\/cavernart.com\/boutique\/bien-etre\/savon-triple-action\/#primaryimage"},"image":{"@id":"https:\/\/cavernart.com\/boutique\/bien-etre\/savon-triple-action\/#primaryimage"},"thumbnailUrl":"https:\/\/i0.wp.com\/cavernart.com\/wp-content\/uploads\/2024\/07\/IMG_2116-1024x1024-2.jpg?fit=1024%2C1024&ssl=1","datePublished":"2024-07-22T17:33:02+00:00","dateModified":"2025-06-24T00:34:29+00:00","breadcrumb":{"@id":"https:\/\/cavernart.com\/boutique\/bien-etre\/savon-triple-action\/#breadcrumb"},"inLanguage":"ar","potentialAction":[{"@type":"ReadAction","target":["https:\/\/cavernart.com\/boutique\/bien-etre\/savon-triple-action\/"]}]},{"@type":"ImageObject","inLanguage":"ar","@id":"https:\/\/cavernart.com\/boutique\/bien-etre\/savon-triple-action\/#primaryimage","url":"https:\/\/i0.wp.com\/cavernart.com\/wp-content\/uploads\/2024\/07\/IMG_2116-1024x1024-2.jpg?fit=1024%2C1024&ssl=1","contentUrl":"https:\/\/i0.wp.com\/cavernart.com\/wp-content\/uploads\/2024\/07\/IMG_2116-1024x1024-2.jpg?fit=1024%2C1024&ssl=1","width":1024,"height":1024},{"@type":"BreadcrumbList","@id":"https:\/\/cavernart.com\/boutique\/bien-etre\/savon-triple-action\/#breadcrumb","itemListElement":[{"@type":"ListItem","position":1,"name":"Accueil","item":"https:\/\/cavernart.com\/"},{"@type":"ListItem","position":2,"name":"Boutique","item":"https:\/\/cavernart.com\/boutique\/"},{"@type":"ListItem","position":3,"name":"Savon triple action"}]},{"@type":"WebSite","@id":"https:\/\/cavernart.com\/#website","url":"https:\/\/cavernart.com\/","name":"Cavern Art","description":"Cr\u00e9ons sans limites !","publisher":{"@id":"https:\/\/cavernart.com\/#organization"},"potentialAction":[{"@type":"SearchAction","target":{"@type":"EntryPoint","urlTemplate":"https:\/\/cavernart.com\/?s={search_term_string}"},"query-input":{"@type":"PropertyValueSpecification","valueRequired":true,"valueName":"search_term_string"}}],"inLanguage":"ar"},{"@type":"Organization","@id":"https:\/\/cavernart.com\/#organization","name":"Cavern Art","url":"https:\/\/cavernart.com\/","logo":{"@type":"ImageObject","inLanguage":"ar","@id":"https:\/\/cavernart.com\/#\/schema\/logo\/image\/","url":"https:\/\/i0.wp.com\/cavernart.com\/wp-content\/uploads\/2022\/02\/cropped-logo-cavernart-scaled.png?fit=3001%2C3081&ssl=1","contentUrl":"https:\/\/i0.wp.com\/cavernart.com\/wp-content\/uploads\/2022\/02\/cropped-logo-cavernart-scaled.png?fit=3001%2C3081&ssl=1","width":3001,"height":3081,"caption":"Cavern Art"},"image":{"@id":"https:\/\/cavernart.com\/#\/schema\/logo\/image\/"}}]}},"jetpack_publicize_connections":[],"jetpack_sharing_enabled":true,"jetpack-related-posts":[{"id":338,"url":"https:\/\/cavernart.com\/ar\/boutique\/bien-etre\/savon-a-largile-verte\/","url_meta":{"origin":763,"position":0},"title":"Savon a l&rsquo;argile verte","author":"stark","date":"17 \u064a\u0648\u0644\u064a\u0648 2024","format":false,"excerpt":"Pour les peaux grasses, mixtes et acn\u00e9iques","rel":"","context":"\u062a\u062f\u0648\u064a\u0646\u0629 \u0645\u0634\u0627\u0628\u0647\u0629","block_context":{"text":"\u062a\u062f\u0648\u064a\u0646\u0629 \u0645\u0634\u0627\u0628\u0647\u0629","link":""},"img":{"alt_text":"","src":"https:\/\/i0.wp.com\/cavernart.com\/wp-content\/uploads\/2022\/12\/IMG_2123-1536x1536.jpg?fit=1200%2C1200&ssl=1&resize=350%2C200","width":350,"height":200,"srcset":"https:\/\/i0.wp.com\/cavernart.com\/wp-content\/uploads\/2022\/12\/IMG_2123-1536x1536.jpg?fit=1200%2C1200&ssl=1&resize=350%2C200 1x, https:\/\/i0.wp.com\/cavernart.com\/wp-content\/uploads\/2022\/12\/IMG_2123-1536x1536.jpg?fit=1200%2C1200&ssl=1&resize=525%2C300 1.5x, https:\/\/i0.wp.com\/cavernart.com\/wp-content\/uploads\/2022\/12\/IMG_2123-1536x1536.jpg?fit=1200%2C1200&ssl=1&resize=700%2C400 2x, https:\/\/i0.wp.com\/cavernart.com\/wp-content\/uploads\/2022\/12\/IMG_2123-1536x1536.jpg?fit=1200%2C1200&ssl=1&resize=1050%2C600 3x"},"classes":[]},{"id":317,"url":"https:\/\/cavernart.com\/ar\/boutique\/bien-etre\/savon-karite-curcuma\/","url_meta":{"origin":763,"position":1},"title":"Savon Karit\u00e9 Curcuma","author":"stark","date":"17 \u064a\u0648\u0644\u064a\u0648 2024","format":false,"excerpt":"Savon riche pour les peaux r\u00e9actives et sensibles les peaux s\u00e9ches et matures il peut meme etre utilis\u00e9 par les personnes souffrant d'eczema ou de psoriasis et les b\u00e9b\u00e9s","rel":"","context":"\u062a\u062f\u0648\u064a\u0646\u0629 \u0645\u0634\u0627\u0628\u0647\u0629","block_context":{"text":"\u062a\u062f\u0648\u064a\u0646\u0629 \u0645\u0634\u0627\u0628\u0647\u0629","link":""},"img":{"alt_text":"","src":"https:\/\/i0.wp.com\/cavernart.com\/wp-content\/uploads\/2022\/12\/IMG_2183-2048x2048.jpg?fit=1200%2C1200&ssl=1&resize=350%2C200","width":350,"height":200,"srcset":"https:\/\/i0.wp.com\/cavernart.com\/wp-content\/uploads\/2022\/12\/IMG_2183-2048x2048.jpg?fit=1200%2C1200&ssl=1&resize=350%2C200 1x, https:\/\/i0.wp.com\/cavernart.com\/wp-content\/uploads\/2022\/12\/IMG_2183-2048x2048.jpg?fit=1200%2C1200&ssl=1&resize=525%2C300 1.5x, https:\/\/i0.wp.com\/cavernart.com\/wp-content\/uploads\/2022\/12\/IMG_2183-2048x2048.jpg?fit=1200%2C1200&ssl=1&resize=700%2C400 2x, https:\/\/i0.wp.com\/cavernart.com\/wp-content\/uploads\/2022\/12\/IMG_2183-2048x2048.jpg?fit=1200%2C1200&ssl=1&resize=1050%2C600 3x"},"classes":[]},{"id":968,"url":"https:\/\/cavernart.com\/ar\/boutique\/bien-etre\/savon-curcuma-miel\/","url_meta":{"origin":763,"position":2},"title":"Savon Curcuma miel","author":"stark","date":"16 \u0633\u0628\u062a\u0645\u0628\u0631 2024","format":false,"excerpt":"Tous types de peaux","rel":"","context":"\u062a\u062f\u0648\u064a\u0646\u0629 \u0645\u0634\u0627\u0628\u0647\u0629","block_context":{"text":"\u062a\u062f\u0648\u064a\u0646\u0629 \u0645\u0634\u0627\u0628\u0647\u0629","link":""},"img":{"alt_text":"","src":"https:\/\/i0.wp.com\/cavernart.com\/wp-content\/uploads\/2024\/09\/IMG-20250128-WA0005.jpg?fit=810%2C1080&ssl=1&resize=350%2C200","width":350,"height":200,"srcset":"https:\/\/i0.wp.com\/cavernart.com\/wp-content\/uploads\/2024\/09\/IMG-20250128-WA0005.jpg?fit=810%2C1080&ssl=1&resize=350%2C200 1x, https:\/\/i0.wp.com\/cavernart.com\/wp-content\/uploads\/2024\/09\/IMG-20250128-WA0005.jpg?fit=810%2C1080&ssl=1&resize=525%2C300 1.5x, https:\/\/i0.wp.com\/cavernart.com\/wp-content\/uploads\/2024\/09\/IMG-20250128-WA0005.jpg?fit=810%2C1080&ssl=1&resize=700%2C400 2x"},"classes":[]},{"id":1220,"url":"https:\/\/cavernart.com\/ar\/boutique\/bien-etre\/savon-au-lait-de-chevre-et-charbon-vegetal\/","url_meta":{"origin":763,"position":3},"title":"Savon au lait de ch\u00e8vre et charbon v\u00e9g\u00e9tal","author":"stark","date":"2 \u0641\u0628\u0631\u0627\u064a\u0631 2025","format":false,"excerpt":"","rel":"","context":"\u062a\u062f\u0648\u064a\u0646\u0629 \u0645\u0634\u0627\u0628\u0647\u0629","block_context":{"text":"\u062a\u062f\u0648\u064a\u0646\u0629 \u0645\u0634\u0627\u0628\u0647\u0629","link":""},"img":{"alt_text":"","src":"https:\/\/i0.wp.com\/cavernart.com\/wp-content\/uploads\/2025\/02\/IMG-20250128-WA0009-e1761244006455.jpg?fit=810%2C810&ssl=1&resize=350%2C200","width":350,"height":200,"srcset":"https:\/\/i0.wp.com\/cavernart.com\/wp-content\/uploads\/2025\/02\/IMG-20250128-WA0009-e1761244006455.jpg?fit=810%2C810&ssl=1&resize=350%2C200 1x, https:\/\/i0.wp.com\/cavernart.com\/wp-content\/uploads\/2025\/02\/IMG-20250128-WA0009-e1761244006455.jpg?fit=810%2C810&ssl=1&resize=525%2C300 1.5x, https:\/\/i0.wp.com\/cavernart.com\/wp-content\/uploads\/2025\/02\/IMG-20250128-WA0009-e1761244006455.jpg?fit=810%2C810&ssl=1&resize=700%2C400 2x"},"classes":[]},{"id":1486,"url":"https:\/\/cavernart.com\/ar\/boutique\/bien-etre\/pack-skincare-vert\/","url_meta":{"origin":763,"position":4},"title":"Pack skincare vert","author":"djazia","date":"30 \u064a\u0648\u0644\u064a\u0648 2025","format":false,"excerpt":"Un pack id\u00e9al pour prendre soin de votre peau. R\u00e9alis\u00e9 \u00e0 la main avec des tissus et serviette en coton. Le pack se compose de: -1 petit gant de toilette -2 lingettes carr\u00e9es -2 lingettes d\u00e9maquillante rondes -1 bandeau -1 savon","rel":"","context":"\u062a\u062f\u0648\u064a\u0646\u0629 \u0645\u0634\u0627\u0628\u0647\u0629","block_context":{"text":"\u062a\u062f\u0648\u064a\u0646\u0629 \u0645\u0634\u0627\u0628\u0647\u0629","link":""},"img":{"alt_text":"","src":"https:\/\/i0.wp.com\/cavernart.com\/wp-content\/uploads\/2025\/07\/IMG_7018.jpg?fit=1200%2C1200&ssl=1&resize=350%2C200","width":350,"height":200,"srcset":"https:\/\/i0.wp.com\/cavernart.com\/wp-content\/uploads\/2025\/07\/IMG_7018.jpg?fit=1200%2C1200&ssl=1&resize=350%2C200 1x, https:\/\/i0.wp.com\/cavernart.com\/wp-content\/uploads\/2025\/07\/IMG_7018.jpg?fit=1200%2C1200&ssl=1&resize=525%2C300 1.5x, https:\/\/i0.wp.com\/cavernart.com\/wp-content\/uploads\/2025\/07\/IMG_7018.jpg?fit=1200%2C1200&ssl=1&resize=700%2C400 2x, https:\/\/i0.wp.com\/cavernart.com\/wp-content\/uploads\/2025\/07\/IMG_7018.jpg?fit=1200%2C1200&ssl=1&resize=1050%2C600 3x"},"classes":[]},{"id":1484,"url":"https:\/\/cavernart.com\/ar\/boutique\/bien-etre\/pack-skincare-beige\/","url_meta":{"origin":763,"position":5},"title":"Pack skincare beige","author":"djazia","date":"30 \u064a\u0648\u0644\u064a\u0648 2025","format":false,"excerpt":"Un pack id\u00e9al pour prendre soin de votre peau. R\u00e9alis\u00e9 \u00e0 la main avec des tissus et serviette en coton. Le pack se compose de: -1 petit gant de toilette -2 lingettes carr\u00e9es -2 lingettes d\u00e9maquillante rondes -1 bandeau -1 savon","rel":"","context":"\u062a\u062f\u0648\u064a\u0646\u0629 \u0645\u0634\u0627\u0628\u0647\u0629","block_context":{"text":"\u062a\u062f\u0648\u064a\u0646\u0629 \u0645\u0634\u0627\u0628\u0647\u0629","link":""},"img":{"alt_text":"","src":"https:\/\/i0.wp.com\/cavernart.com\/wp-content\/uploads\/2025\/07\/2300-2.jpg?fit=1200%2C1200&ssl=1&resize=350%2C200","width":350,"height":200,"srcset":"https:\/\/i0.wp.com\/cavernart.com\/wp-content\/uploads\/2025\/07\/2300-2.jpg?fit=1200%2C1200&ssl=1&resize=350%2C200 1x, https:\/\/i0.wp.com\/cavernart.com\/wp-content\/uploads\/2025\/07\/2300-2.jpg?fit=1200%2C1200&ssl=1&resize=525%2C300 1.5x, https:\/\/i0.wp.com\/cavernart.com\/wp-content\/uploads\/2025\/07\/2300-2.jpg?fit=1200%2C1200&ssl=1&resize=700%2C400 2x, https:\/\/i0.wp.com\/cavernart.com\/wp-content\/uploads\/2025\/07\/2300-2.jpg?fit=1200%2C1200&ssl=1&resize=1050%2C600 3x"},"classes":[]}],"_links":{"self":[{"href":"https:\/\/cavernart.com\/ar\/wp-json\/wp\/v2\/product\/763","targetHints":{"allow":["GET"]}}],"collection":[{"href":"https:\/\/cavernart.com\/ar\/wp-json\/wp\/v2\/product"}],"about":[{"href":"https:\/\/cavernart.com\/ar\/wp-json\/wp\/v2\/types\/product"}],"version-history":[{"count":1,"href":"https:\/\/cavernart.com\/ar\/wp-json\/wp\/v2\/product\/763\/revisions"}],"predecessor-version":[{"id":764,"href":"https:\/\/cavernart.com\/ar\/wp-json\/wp\/v2\/product\/763\/revisions\/764"}],"wp:featuredmedia":[{"embeddable":true,"href":"https:\/\/cavernart.com\/ar\/wp-json\/wp\/v2\/media\/1235"}],"wp:attachment":[{"href":"https:\/\/cavernart.com\/ar\/wp-json\/wp\/v2\/media?parent=763"}],"wp:term":[{"taxonomy":"product_brand","embeddable":true,"href":"https:\/\/cavernart.com\/ar\/wp-json\/wp\/v2\/product_brand?post=763"},{"taxonomy":"product_cat","embeddable":true,"href":"https:\/\/cavernart.com\/ar\/wp-json\/wp\/v2\/product_cat?post=763"},{"taxonomy":"product_tag","embeddable":true,"href":"https:\/\/cavernart.com\/ar\/wp-json\/wp\/v2\/product_tag?post=763"}],"curies":[{"name":"wp","href":"https:\/\/api.w.org\/{rel}","templated":true}]}}