{"id":659,"date":"2024-07-19T17:40:03","date_gmt":"2024-07-19T17:40:03","guid":{"rendered":"https:\/\/cavernart.com\/?post_type=product&#038;p=659"},"modified":"2025-07-05T19:55:33","modified_gmt":"2025-07-05T19:55:33","slug":"mini-cross-blue-bodo","status":"publish","type":"product","link":"https:\/\/cavernart.com\/ar\/boutique\/sacs\/mini-cross-blue-bodo\/","title":{"rendered":"Mini cross blue Bodo"},"content":{"rendered":"<p>Totalement et en cuir Handmade<\/p>","protected":false},"excerpt":{"rendered":"<p>Totalement et en cuir Handmade<\/p>","protected":false},"featured_media":507,"template":"","meta":{"jetpack_publicize_message":"","jetpack_publicize_feature_enabled":true,"jetpack_social_post_already_shared":true,"jetpack_social_options":{"image_generator_settings":{"template":"highway","default_image_id":0,"font":"","enabled":false},"version":2}},"product_brand":[],"product_cat":[73],"product_tag":[],"class_list":{"0":"post-659","1":"product","2":"type-product","3":"status-publish","4":"has-post-thumbnail","6":"product_cat-sacs","8":"first","9":"instock","10":"sale","11":"purchasable","12":"product-type-simple"},"yoast_head":"<!-- This site is optimized with the Yoast SEO plugin v27.4 - https:\/\/yoast.com\/product\/yoast-seo-wordpress\/ -->\n<title>Mini cross blue Bodo - Cavern Art<\/title>\n<meta name=\"robots\" content=\"index, follow, max-snippet:-1, max-image-preview:large, max-video-preview:-1\" \/>\n<link rel=\"canonical\" href=\"https:\/\/cavernart.com\/ar\/boutique\/sacs\/mini-cross-blue-bodo\/\" \/>\n<meta property=\"og:locale\" content=\"ar_AR\" \/>\n<meta property=\"og:type\" content=\"article\" \/>\n<meta property=\"og:title\" content=\"Mini cross blue Bodo - Cavern Art\" \/>\n<meta property=\"og:description\" content=\"Totalement et en cuir Handmade\" \/>\n<meta property=\"og:url\" content=\"https:\/\/cavernart.com\/ar\/boutique\/sacs\/mini-cross-blue-bodo\/\" \/>\n<meta property=\"og:site_name\" content=\"Cavern Art\" \/>\n<meta property=\"article:modified_time\" content=\"2025-07-05T19:55:33+00:00\" \/>\n<meta property=\"og:image\" content=\"https:\/\/i0.wp.com\/cavernart.com\/wp-content\/uploads\/2024\/01\/Screenshot_20221102_102532.jpg?fit=1080%2C1052&ssl=1\" \/>\n\t<meta property=\"og:image:width\" content=\"1080\" \/>\n\t<meta property=\"og:image:height\" content=\"1052\" \/>\n\t<meta property=\"og:image:type\" content=\"image\/jpeg\" \/>\n<meta name=\"twitter:card\" content=\"summary_large_image\" \/>\n<script type=\"application\/ld+json\" class=\"yoast-schema-graph\">{\"@context\":\"https:\\\/\\\/schema.org\",\"@graph\":[{\"@type\":\"WebPage\",\"@id\":\"https:\\\/\\\/cavernart.com\\\/boutique\\\/sacs\\\/mini-cross-blue-bodo\\\/\",\"url\":\"https:\\\/\\\/cavernart.com\\\/boutique\\\/sacs\\\/mini-cross-blue-bodo\\\/\",\"name\":\"Mini cross blue Bodo - Cavern Art\",\"isPartOf\":{\"@id\":\"https:\\\/\\\/cavernart.com\\\/#website\"},\"primaryImageOfPage\":{\"@id\":\"https:\\\/\\\/cavernart.com\\\/boutique\\\/sacs\\\/mini-cross-blue-bodo\\\/#primaryimage\"},\"image\":{\"@id\":\"https:\\\/\\\/cavernart.com\\\/boutique\\\/sacs\\\/mini-cross-blue-bodo\\\/#primaryimage\"},\"thumbnailUrl\":\"https:\\\/\\\/i0.wp.com\\\/cavernart.com\\\/wp-content\\\/uploads\\\/2024\\\/01\\\/Screenshot_20221102_102532.jpg?fit=1080%2C1052&ssl=1\",\"datePublished\":\"2024-07-19T17:40:03+00:00\",\"dateModified\":\"2025-07-05T19:55:33+00:00\",\"breadcrumb\":{\"@id\":\"https:\\\/\\\/cavernart.com\\\/boutique\\\/sacs\\\/mini-cross-blue-bodo\\\/#breadcrumb\"},\"inLanguage\":\"ar\",\"potentialAction\":[{\"@type\":\"ReadAction\",\"target\":[\"https:\\\/\\\/cavernart.com\\\/boutique\\\/sacs\\\/mini-cross-blue-bodo\\\/\"]}]},{\"@type\":\"ImageObject\",\"inLanguage\":\"ar\",\"@id\":\"https:\\\/\\\/cavernart.com\\\/boutique\\\/sacs\\\/mini-cross-blue-bodo\\\/#primaryimage\",\"url\":\"https:\\\/\\\/i0.wp.com\\\/cavernart.com\\\/wp-content\\\/uploads\\\/2024\\\/01\\\/Screenshot_20221102_102532.jpg?fit=1080%2C1052&ssl=1\",\"contentUrl\":\"https:\\\/\\\/i0.wp.com\\\/cavernart.com\\\/wp-content\\\/uploads\\\/2024\\\/01\\\/Screenshot_20221102_102532.jpg?fit=1080%2C1052&ssl=1\",\"width\":1080,\"height\":1052},{\"@type\":\"BreadcrumbList\",\"@id\":\"https:\\\/\\\/cavernart.com\\\/boutique\\\/sacs\\\/mini-cross-blue-bodo\\\/#breadcrumb\",\"itemListElement\":[{\"@type\":\"ListItem\",\"position\":1,\"name\":\"Accueil\",\"item\":\"https:\\\/\\\/cavernart.com\\\/\"},{\"@type\":\"ListItem\",\"position\":2,\"name\":\"Boutique\",\"item\":\"https:\\\/\\\/cavernart.com\\\/boutique\\\/\"},{\"@type\":\"ListItem\",\"position\":3,\"name\":\"Mini cross blue Bodo\"}]},{\"@type\":\"WebSite\",\"@id\":\"https:\\\/\\\/cavernart.com\\\/#website\",\"url\":\"https:\\\/\\\/cavernart.com\\\/\",\"name\":\"Cavern Art\",\"description\":\"Cr\u00e9ons sans limites !\",\"publisher\":{\"@id\":\"https:\\\/\\\/cavernart.com\\\/#organization\"},\"potentialAction\":[{\"@type\":\"SearchAction\",\"target\":{\"@type\":\"EntryPoint\",\"urlTemplate\":\"https:\\\/\\\/cavernart.com\\\/?s={search_term_string}\"},\"query-input\":{\"@type\":\"PropertyValueSpecification\",\"valueRequired\":true,\"valueName\":\"search_term_string\"}}],\"inLanguage\":\"ar\"},{\"@type\":\"Organization\",\"@id\":\"https:\\\/\\\/cavernart.com\\\/#organization\",\"name\":\"Cavern Art\",\"url\":\"https:\\\/\\\/cavernart.com\\\/\",\"logo\":{\"@type\":\"ImageObject\",\"inLanguage\":\"ar\",\"@id\":\"https:\\\/\\\/cavernart.com\\\/#\\\/schema\\\/logo\\\/image\\\/\",\"url\":\"https:\\\/\\\/i0.wp.com\\\/cavernart.com\\\/wp-content\\\/uploads\\\/2022\\\/02\\\/cropped-logo-cavernart-scaled.png?fit=3001%2C3081&ssl=1\",\"contentUrl\":\"https:\\\/\\\/i0.wp.com\\\/cavernart.com\\\/wp-content\\\/uploads\\\/2022\\\/02\\\/cropped-logo-cavernart-scaled.png?fit=3001%2C3081&ssl=1\",\"width\":3001,\"height\":3081,\"caption\":\"Cavern Art\"},\"image\":{\"@id\":\"https:\\\/\\\/cavernart.com\\\/#\\\/schema\\\/logo\\\/image\\\/\"}}]}<\/script>\n<!-- \/ Yoast SEO plugin. -->","yoast_head_json":{"title":"Mini cross blue Bodo - Cavern Art","robots":{"index":"index","follow":"follow","max-snippet":"max-snippet:-1","max-image-preview":"max-image-preview:large","max-video-preview":"max-video-preview:-1"},"canonical":"https:\/\/cavernart.com\/ar\/boutique\/sacs\/mini-cross-blue-bodo\/","og_locale":"ar_AR","og_type":"article","og_title":"Mini cross blue Bodo - Cavern Art","og_description":"Totalement et en cuir Handmade","og_url":"https:\/\/cavernart.com\/ar\/boutique\/sacs\/mini-cross-blue-bodo\/","og_site_name":"Cavern Art","article_modified_time":"2025-07-05T19:55:33+00:00","og_image":[{"width":1080,"height":1052,"url":"https:\/\/i0.wp.com\/cavernart.com\/wp-content\/uploads\/2024\/01\/Screenshot_20221102_102532.jpg?fit=1080%2C1052&ssl=1","type":"image\/jpeg"}],"twitter_card":"summary_large_image","schema":{"@context":"https:\/\/schema.org","@graph":[{"@type":"WebPage","@id":"https:\/\/cavernart.com\/boutique\/sacs\/mini-cross-blue-bodo\/","url":"https:\/\/cavernart.com\/boutique\/sacs\/mini-cross-blue-bodo\/","name":"Mini cross blue Bodo - Cavern Art","isPartOf":{"@id":"https:\/\/cavernart.com\/#website"},"primaryImageOfPage":{"@id":"https:\/\/cavernart.com\/boutique\/sacs\/mini-cross-blue-bodo\/#primaryimage"},"image":{"@id":"https:\/\/cavernart.com\/boutique\/sacs\/mini-cross-blue-bodo\/#primaryimage"},"thumbnailUrl":"https:\/\/i0.wp.com\/cavernart.com\/wp-content\/uploads\/2024\/01\/Screenshot_20221102_102532.jpg?fit=1080%2C1052&ssl=1","datePublished":"2024-07-19T17:40:03+00:00","dateModified":"2025-07-05T19:55:33+00:00","breadcrumb":{"@id":"https:\/\/cavernart.com\/boutique\/sacs\/mini-cross-blue-bodo\/#breadcrumb"},"inLanguage":"ar","potentialAction":[{"@type":"ReadAction","target":["https:\/\/cavernart.com\/boutique\/sacs\/mini-cross-blue-bodo\/"]}]},{"@type":"ImageObject","inLanguage":"ar","@id":"https:\/\/cavernart.com\/boutique\/sacs\/mini-cross-blue-bodo\/#primaryimage","url":"https:\/\/i0.wp.com\/cavernart.com\/wp-content\/uploads\/2024\/01\/Screenshot_20221102_102532.jpg?fit=1080%2C1052&ssl=1","contentUrl":"https:\/\/i0.wp.com\/cavernart.com\/wp-content\/uploads\/2024\/01\/Screenshot_20221102_102532.jpg?fit=1080%2C1052&ssl=1","width":1080,"height":1052},{"@type":"BreadcrumbList","@id":"https:\/\/cavernart.com\/boutique\/sacs\/mini-cross-blue-bodo\/#breadcrumb","itemListElement":[{"@type":"ListItem","position":1,"name":"Accueil","item":"https:\/\/cavernart.com\/"},{"@type":"ListItem","position":2,"name":"Boutique","item":"https:\/\/cavernart.com\/boutique\/"},{"@type":"ListItem","position":3,"name":"Mini cross blue Bodo"}]},{"@type":"WebSite","@id":"https:\/\/cavernart.com\/#website","url":"https:\/\/cavernart.com\/","name":"Cavern Art","description":"Cr\u00e9ons sans limites !","publisher":{"@id":"https:\/\/cavernart.com\/#organization"},"potentialAction":[{"@type":"SearchAction","target":{"@type":"EntryPoint","urlTemplate":"https:\/\/cavernart.com\/?s={search_term_string}"},"query-input":{"@type":"PropertyValueSpecification","valueRequired":true,"valueName":"search_term_string"}}],"inLanguage":"ar"},{"@type":"Organization","@id":"https:\/\/cavernart.com\/#organization","name":"Cavern Art","url":"https:\/\/cavernart.com\/","logo":{"@type":"ImageObject","inLanguage":"ar","@id":"https:\/\/cavernart.com\/#\/schema\/logo\/image\/","url":"https:\/\/i0.wp.com\/cavernart.com\/wp-content\/uploads\/2022\/02\/cropped-logo-cavernart-scaled.png?fit=3001%2C3081&ssl=1","contentUrl":"https:\/\/i0.wp.com\/cavernart.com\/wp-content\/uploads\/2022\/02\/cropped-logo-cavernart-scaled.png?fit=3001%2C3081&ssl=1","width":3001,"height":3081,"caption":"Cavern Art"},"image":{"@id":"https:\/\/cavernart.com\/#\/schema\/logo\/image\/"}}]}},"jetpack_publicize_connections":[],"jetpack_sharing_enabled":true,"jetpack-related-posts":[{"id":895,"url":"https:\/\/cavernart.com\/ar\/boutique\/promo\/mini-cross-en-cuir\/","url_meta":{"origin":659,"position":0},"title":"Mini cross en cuir","author":"stark","date":"23 \u064a\u0648\u0644\u064a\u0648 2024","format":false,"excerpt":"","rel":"","context":"\u062a\u062f\u0648\u064a\u0646\u0629 \u0645\u0634\u0627\u0628\u0647\u0629","block_context":{"text":"\u062a\u062f\u0648\u064a\u0646\u0629 \u0645\u0634\u0627\u0628\u0647\u0629","link":""},"img":{"alt_text":"","src":"https:\/\/i0.wp.com\/cavernart.com\/wp-content\/uploads\/2021\/01\/Screenshot_20221102_102520.jpg?fit=1080%2C1051&ssl=1&resize=350%2C200","width":350,"height":200,"srcset":"https:\/\/i0.wp.com\/cavernart.com\/wp-content\/uploads\/2021\/01\/Screenshot_20221102_102520.jpg?fit=1080%2C1051&ssl=1&resize=350%2C200 1x, https:\/\/i0.wp.com\/cavernart.com\/wp-content\/uploads\/2021\/01\/Screenshot_20221102_102520.jpg?fit=1080%2C1051&ssl=1&resize=525%2C300 1.5x, https:\/\/i0.wp.com\/cavernart.com\/wp-content\/uploads\/2021\/01\/Screenshot_20221102_102520.jpg?fit=1080%2C1051&ssl=1&resize=700%2C400 2x, https:\/\/i0.wp.com\/cavernart.com\/wp-content\/uploads\/2021\/01\/Screenshot_20221102_102520.jpg?fit=1080%2C1051&ssl=1&resize=1050%2C600 3x"},"classes":[]},{"id":927,"url":"https:\/\/cavernart.com\/ar\/boutique\/sacs\/tote-bag-bodo\/","url_meta":{"origin":659,"position":1},"title":"Tote bag bodo","author":"stark","date":"28 \u064a\u0648\u0644\u064a\u0648 2024","format":false,"excerpt":"","rel":"","context":"\u062a\u062f\u0648\u064a\u0646\u0629 \u0645\u0634\u0627\u0628\u0647\u0629","block_context":{"text":"\u062a\u062f\u0648\u064a\u0646\u0629 \u0645\u0634\u0627\u0628\u0647\u0629","link":""},"img":{"alt_text":"","src":"https:\/\/i0.wp.com\/cavernart.com\/wp-content\/uploads\/2021\/02\/HAM3-scaled.jpg?fit=1200%2C1200&ssl=1&resize=350%2C200","width":350,"height":200,"srcset":"https:\/\/i0.wp.com\/cavernart.com\/wp-content\/uploads\/2021\/02\/HAM3-scaled.jpg?fit=1200%2C1200&ssl=1&resize=350%2C200 1x, https:\/\/i0.wp.com\/cavernart.com\/wp-content\/uploads\/2021\/02\/HAM3-scaled.jpg?fit=1200%2C1200&ssl=1&resize=525%2C300 1.5x, https:\/\/i0.wp.com\/cavernart.com\/wp-content\/uploads\/2021\/02\/HAM3-scaled.jpg?fit=1200%2C1200&ssl=1&resize=700%2C400 2x, https:\/\/i0.wp.com\/cavernart.com\/wp-content\/uploads\/2021\/02\/HAM3-scaled.jpg?fit=1200%2C1200&ssl=1&resize=1050%2C600 3x"},"classes":[]},{"id":657,"url":"https:\/\/cavernart.com\/ar\/boutique\/sacs\/tote-bag-signe-hamouche\/","url_meta":{"origin":659,"position":2},"title":"Tote Bag sign\u00e9 HAMOUCHE","author":"stark","date":"19 \u064a\u0648\u0644\u064a\u0648 2024","format":false,"excerpt":"Tote bag bodo cr\u00e9ation signe nourdine HAMOUCHE","rel":"","context":"\u062a\u062f\u0648\u064a\u0646\u0629 \u0645\u0634\u0627\u0628\u0647\u0629","block_context":{"text":"\u062a\u062f\u0648\u064a\u0646\u0629 \u0645\u0634\u0627\u0628\u0647\u0629","link":""},"img":{"alt_text":"","src":"https:\/\/i0.wp.com\/cavernart.com\/wp-content\/uploads\/2024\/01\/IMG_4705-scaled-e1671352625582.jpg?fit=1201%2C1201&ssl=1&resize=350%2C200","width":350,"height":200,"srcset":"https:\/\/i0.wp.com\/cavernart.com\/wp-content\/uploads\/2024\/01\/IMG_4705-scaled-e1671352625582.jpg?fit=1201%2C1201&ssl=1&resize=350%2C200 1x, https:\/\/i0.wp.com\/cavernart.com\/wp-content\/uploads\/2024\/01\/IMG_4705-scaled-e1671352625582.jpg?fit=1201%2C1201&ssl=1&resize=525%2C300 1.5x, https:\/\/i0.wp.com\/cavernart.com\/wp-content\/uploads\/2024\/01\/IMG_4705-scaled-e1671352625582.jpg?fit=1201%2C1201&ssl=1&resize=700%2C400 2x, https:\/\/i0.wp.com\/cavernart.com\/wp-content\/uploads\/2024\/01\/IMG_4705-scaled-e1671352625582.jpg?fit=1201%2C1201&ssl=1&resize=1050%2C600 3x"},"classes":[]},{"id":1548,"url":"https:\/\/cavernart.com\/ar\/boutique\/accessoires\/collart-mimi\/","url_meta":{"origin":659,"position":3},"title":"Collart Mimi","author":"djazia","date":"6 \u0633\u0628\u062a\u0645\u0628\u0631 2025","format":false,"excerpt":"Collart en soie peinte \u00e0 la main pouvant se porter de trois diff\u00e9rentes mani\u00e8res ; au tour du cou pour celles qui osent, au tour du poignet en guise de bracelet tendance ou bien sur les la t\u00eates pour des styles diff\u00e9rents. Chaque pi\u00e8ce sera unique et 100% handmade.","rel":"","context":"\u062a\u062f\u0648\u064a\u0646\u0629 \u0645\u0634\u0627\u0628\u0647\u0629","block_context":{"text":"\u062a\u062f\u0648\u064a\u0646\u0629 \u0645\u0634\u0627\u0628\u0647\u0629","link":""},"img":{"alt_text":"","src":"https:\/\/i0.wp.com\/cavernart.com\/wp-content\/uploads\/2025\/09\/1.jpg?fit=567%2C567&ssl=1&resize=350%2C200","width":350,"height":200,"srcset":"https:\/\/i0.wp.com\/cavernart.com\/wp-content\/uploads\/2025\/09\/1.jpg?fit=567%2C567&ssl=1&resize=350%2C200 1x, https:\/\/i0.wp.com\/cavernart.com\/wp-content\/uploads\/2025\/09\/1.jpg?fit=567%2C567&ssl=1&resize=525%2C300 1.5x"},"classes":[]},{"id":974,"url":"https:\/\/cavernart.com\/ar\/boutique\/accessoires\/collier-blue\/","url_meta":{"origin":659,"position":4},"title":"Collier blue khamssa","author":"stark","date":"19 \u0633\u0628\u062a\u0645\u0628\u0631 2024","format":false,"excerpt":"","rel":"","context":"\u062a\u062f\u0648\u064a\u0646\u0629 \u0645\u0634\u0627\u0628\u0647\u0629","block_context":{"text":"\u062a\u062f\u0648\u064a\u0646\u0629 \u0645\u0634\u0627\u0628\u0647\u0629","link":""},"img":{"alt_text":"","src":"https:\/\/i0.wp.com\/cavernart.com\/wp-content\/uploads\/2024\/09\/308496254_1267329047437497_9059174155310543234_n.jpg?fit=896%2C896&ssl=1&resize=350%2C200","width":350,"height":200,"srcset":"https:\/\/i0.wp.com\/cavernart.com\/wp-content\/uploads\/2024\/09\/308496254_1267329047437497_9059174155310543234_n.jpg?fit=896%2C896&ssl=1&resize=350%2C200 1x, https:\/\/i0.wp.com\/cavernart.com\/wp-content\/uploads\/2024\/09\/308496254_1267329047437497_9059174155310543234_n.jpg?fit=896%2C896&ssl=1&resize=525%2C300 1.5x, https:\/\/i0.wp.com\/cavernart.com\/wp-content\/uploads\/2024\/09\/308496254_1267329047437497_9059174155310543234_n.jpg?fit=896%2C896&ssl=1&resize=700%2C400 2x"},"classes":[]},{"id":533,"url":"https:\/\/cavernart.com\/ar\/boutique\/deco\/vide-poche-en-ceramique-blue-eyes\/","url_meta":{"origin":659,"position":5},"title":"Vide poche en c\u00e9ramique blue eyes","author":"stark","date":"18 \u064a\u0648\u0644\u064a\u0648 2024","format":false,"excerpt":"vide poche en c\u00e9ramique decor\u00e9 avec des yeux bleus","rel":"","context":"\u062a\u062f\u0648\u064a\u0646\u0629 \u0645\u0634\u0627\u0628\u0647\u0629","block_context":{"text":"\u062a\u062f\u0648\u064a\u0646\u0629 \u0645\u0634\u0627\u0628\u0647\u0629","link":""},"img":{"alt_text":"","src":"https:\/\/i0.wp.com\/cavernart.com\/wp-content\/uploads\/2024\/01\/20230919_130158-1200x1200.jpg?fit=1200%2C1200&ssl=1&resize=350%2C200","width":350,"height":200,"srcset":"https:\/\/i0.wp.com\/cavernart.com\/wp-content\/uploads\/2024\/01\/20230919_130158-1200x1200.jpg?fit=1200%2C1200&ssl=1&resize=350%2C200 1x, https:\/\/i0.wp.com\/cavernart.com\/wp-content\/uploads\/2024\/01\/20230919_130158-1200x1200.jpg?fit=1200%2C1200&ssl=1&resize=525%2C300 1.5x, https:\/\/i0.wp.com\/cavernart.com\/wp-content\/uploads\/2024\/01\/20230919_130158-1200x1200.jpg?fit=1200%2C1200&ssl=1&resize=700%2C400 2x, https:\/\/i0.wp.com\/cavernart.com\/wp-content\/uploads\/2024\/01\/20230919_130158-1200x1200.jpg?fit=1200%2C1200&ssl=1&resize=1050%2C600 3x"},"classes":[]}],"_links":{"self":[{"href":"https:\/\/cavernart.com\/ar\/wp-json\/wp\/v2\/product\/659","targetHints":{"allow":["GET"]}}],"collection":[{"href":"https:\/\/cavernart.com\/ar\/wp-json\/wp\/v2\/product"}],"about":[{"href":"https:\/\/cavernart.com\/ar\/wp-json\/wp\/v2\/types\/product"}],"version-history":[{"count":1,"href":"https:\/\/cavernart.com\/ar\/wp-json\/wp\/v2\/product\/659\/revisions"}],"predecessor-version":[{"id":660,"href":"https:\/\/cavernart.com\/ar\/wp-json\/wp\/v2\/product\/659\/revisions\/660"}],"wp:featuredmedia":[{"embeddable":true,"href":"https:\/\/cavernart.com\/ar\/wp-json\/wp\/v2\/media\/507"}],"wp:attachment":[{"href":"https:\/\/cavernart.com\/ar\/wp-json\/wp\/v2\/media?parent=659"}],"wp:term":[{"taxonomy":"product_brand","embeddable":true,"href":"https:\/\/cavernart.com\/ar\/wp-json\/wp\/v2\/product_brand?post=659"},{"taxonomy":"product_cat","embeddable":true,"href":"https:\/\/cavernart.com\/ar\/wp-json\/wp\/v2\/product_cat?post=659"},{"taxonomy":"product_tag","embeddable":true,"href":"https:\/\/cavernart.com\/ar\/wp-json\/wp\/v2\/product_tag?post=659"}],"curies":[{"name":"wp","href":"https:\/\/api.w.org\/{rel}","templated":true}]}}