{"id":648,"date":"2024-07-19T15:35:38","date_gmt":"2024-07-19T15:35:38","guid":{"rendered":"https:\/\/cavernart.com\/?post_type=product&#038;p=648"},"modified":"2025-06-24T00:11:31","modified_gmt":"2025-06-24T00:11:31","slug":"eau-de-rose-de-constantine","status":"publish","type":"product","link":"https:\/\/cavernart.com\/ar\/boutique\/bien-etre\/eau-de-rose-de-constantine\/","title":{"rendered":"Eau de rose de constantine"},"content":{"rendered":"<h3 id=\"ybc_heading_h3_3\" class=\"ybc_heading\" dir=\"ltr\">L\u2019eau de rose : hydrate les peaux matures et sensibles<\/h3>\n<p dir=\"ltr\">L&rsquo;eau de rose est connue pour ses\u00a0propri\u00e9t\u00e9s hydratantes et nourrissantes\u00a0qui aident \u00e0 maintenir la peau douce et souple<\/p>\n<p dir=\"ltr\">C\u2019est un humectant qui aide \u00e0\u00a0retenir l&rsquo;humidit\u00e9 dans la peau\u00a0et \u00e0\u00a0pr\u00e9venir la d\u00e9shydratation. Elle peut aussi aider \u00e0 r\u00e9duire la perte d&rsquo;eau trans\u00e9pidermique (TEWL) de l\u2019\u00e9piderme, ce qui contribue \u00e0 maintenir une hydratation optimale. De ce fait, beaucoup de soins hydratants sont souvent formul\u00e9s avec de l\u2019eau de rose et sont particuli\u00e8rement b\u00e9n\u00e9fiques pour la peau s\u00e8che ou d\u00e9shydrat\u00e9e.<\/p>\n<p dir=\"ltr\">C\u2019est aussi un\u00a0antiride tr\u00e8s b\u00e9n\u00e9fique pour les peaux mature<\/p>","protected":false},"excerpt":{"rendered":"<p>L\u2019eau de rose : hydrate les peaux matures et sensibles L&rsquo;eau de rose est connue pour ses\u00a0propri\u00e9t\u00e9s hydratantes et nourrissantes\u00a0qui<\/p>","protected":false},"featured_media":510,"template":"","meta":{"jetpack_publicize_message":"","jetpack_publicize_feature_enabled":true,"jetpack_social_post_already_shared":true,"jetpack_social_options":{"image_generator_settings":{"template":"highway","default_image_id":0,"font":"","enabled":false},"version":2}},"product_brand":[],"product_cat":[24],"product_tag":[],"class_list":{"0":"post-648","1":"product","2":"type-product","3":"status-publish","4":"has-post-thumbnail","6":"product_cat-bien-etre","8":"first","9":"instock","10":"purchasable","11":"product-type-simple"},"yoast_head":"<!-- This site is optimized with the Yoast SEO plugin v27.4 - https:\/\/yoast.com\/product\/yoast-seo-wordpress\/ -->\n<title>Eau de rose de constantine - Cavern Art<\/title>\n<meta name=\"robots\" content=\"index, follow, max-snippet:-1, max-image-preview:large, max-video-preview:-1\" \/>\n<link rel=\"canonical\" href=\"https:\/\/cavernart.com\/ar\/boutique\/bien-etre\/eau-de-rose-de-constantine\/\" \/>\n<meta property=\"og:locale\" content=\"ar_AR\" \/>\n<meta property=\"og:type\" content=\"article\" \/>\n<meta property=\"og:title\" content=\"Eau de rose de constantine - Cavern Art\" \/>\n<meta property=\"og:description\" content=\"L\u2019eau de rose : hydrate les peaux matures et sensibles L&rsquo;eau de rose est connue pour ses\u00a0propri\u00e9t\u00e9s hydratantes et nourrissantes\u00a0qui\" \/>\n<meta property=\"og:url\" content=\"https:\/\/cavernart.com\/ar\/boutique\/bien-etre\/eau-de-rose-de-constantine\/\" \/>\n<meta property=\"og:site_name\" content=\"Cavern Art\" \/>\n<meta property=\"article:modified_time\" content=\"2025-06-24T00:11:31+00:00\" \/>\n<meta property=\"og:image\" content=\"https:\/\/i0.wp.com\/cavernart.com\/wp-content\/uploads\/2024\/01\/Screenshot_20230718_145127.jpg?fit=1080%2C1071&ssl=1\" \/>\n\t<meta property=\"og:image:width\" content=\"1080\" \/>\n\t<meta property=\"og:image:height\" content=\"1071\" \/>\n\t<meta property=\"og:image:type\" content=\"image\/jpeg\" \/>\n<meta name=\"twitter:card\" content=\"summary_large_image\" \/>\n<meta name=\"twitter:label1\" content=\"\u0648\u0642\u062a \u0627\u0644\u0642\u0631\u0627\u0621\u0629 \u0627\u0644\u0645\u064f\u0642\u062f\u0651\u0631\" \/>\n\t<meta name=\"twitter:data1\" content=\"\u062f\u0642\u064a\u0642\u0629 \u0648\u0627\u062d\u062f\u0629\" \/>\n<script type=\"application\/ld+json\" class=\"yoast-schema-graph\">{\"@context\":\"https:\\\/\\\/schema.org\",\"@graph\":[{\"@type\":\"WebPage\",\"@id\":\"https:\\\/\\\/cavernart.com\\\/boutique\\\/bien-etre\\\/eau-de-rose-de-constantine\\\/\",\"url\":\"https:\\\/\\\/cavernart.com\\\/boutique\\\/bien-etre\\\/eau-de-rose-de-constantine\\\/\",\"name\":\"Eau de rose de constantine - Cavern Art\",\"isPartOf\":{\"@id\":\"https:\\\/\\\/cavernart.com\\\/#website\"},\"primaryImageOfPage\":{\"@id\":\"https:\\\/\\\/cavernart.com\\\/boutique\\\/bien-etre\\\/eau-de-rose-de-constantine\\\/#primaryimage\"},\"image\":{\"@id\":\"https:\\\/\\\/cavernart.com\\\/boutique\\\/bien-etre\\\/eau-de-rose-de-constantine\\\/#primaryimage\"},\"thumbnailUrl\":\"https:\\\/\\\/i0.wp.com\\\/cavernart.com\\\/wp-content\\\/uploads\\\/2024\\\/01\\\/Screenshot_20230718_145127.jpg?fit=1080%2C1071&ssl=1\",\"datePublished\":\"2024-07-19T15:35:38+00:00\",\"dateModified\":\"2025-06-24T00:11:31+00:00\",\"breadcrumb\":{\"@id\":\"https:\\\/\\\/cavernart.com\\\/boutique\\\/bien-etre\\\/eau-de-rose-de-constantine\\\/#breadcrumb\"},\"inLanguage\":\"ar\",\"potentialAction\":[{\"@type\":\"ReadAction\",\"target\":[\"https:\\\/\\\/cavernart.com\\\/boutique\\\/bien-etre\\\/eau-de-rose-de-constantine\\\/\"]}]},{\"@type\":\"ImageObject\",\"inLanguage\":\"ar\",\"@id\":\"https:\\\/\\\/cavernart.com\\\/boutique\\\/bien-etre\\\/eau-de-rose-de-constantine\\\/#primaryimage\",\"url\":\"https:\\\/\\\/i0.wp.com\\\/cavernart.com\\\/wp-content\\\/uploads\\\/2024\\\/01\\\/Screenshot_20230718_145127.jpg?fit=1080%2C1071&ssl=1\",\"contentUrl\":\"https:\\\/\\\/i0.wp.com\\\/cavernart.com\\\/wp-content\\\/uploads\\\/2024\\\/01\\\/Screenshot_20230718_145127.jpg?fit=1080%2C1071&ssl=1\",\"width\":1080,\"height\":1071},{\"@type\":\"BreadcrumbList\",\"@id\":\"https:\\\/\\\/cavernart.com\\\/boutique\\\/bien-etre\\\/eau-de-rose-de-constantine\\\/#breadcrumb\",\"itemListElement\":[{\"@type\":\"ListItem\",\"position\":1,\"name\":\"Accueil\",\"item\":\"https:\\\/\\\/cavernart.com\\\/\"},{\"@type\":\"ListItem\",\"position\":2,\"name\":\"Boutique\",\"item\":\"https:\\\/\\\/cavernart.com\\\/boutique\\\/\"},{\"@type\":\"ListItem\",\"position\":3,\"name\":\"Eau de rose de constantine\"}]},{\"@type\":\"WebSite\",\"@id\":\"https:\\\/\\\/cavernart.com\\\/#website\",\"url\":\"https:\\\/\\\/cavernart.com\\\/\",\"name\":\"Cavern Art\",\"description\":\"Cr\u00e9ons sans limites !\",\"publisher\":{\"@id\":\"https:\\\/\\\/cavernart.com\\\/#organization\"},\"potentialAction\":[{\"@type\":\"SearchAction\",\"target\":{\"@type\":\"EntryPoint\",\"urlTemplate\":\"https:\\\/\\\/cavernart.com\\\/?s={search_term_string}\"},\"query-input\":{\"@type\":\"PropertyValueSpecification\",\"valueRequired\":true,\"valueName\":\"search_term_string\"}}],\"inLanguage\":\"ar\"},{\"@type\":\"Organization\",\"@id\":\"https:\\\/\\\/cavernart.com\\\/#organization\",\"name\":\"Cavern Art\",\"url\":\"https:\\\/\\\/cavernart.com\\\/\",\"logo\":{\"@type\":\"ImageObject\",\"inLanguage\":\"ar\",\"@id\":\"https:\\\/\\\/cavernart.com\\\/#\\\/schema\\\/logo\\\/image\\\/\",\"url\":\"https:\\\/\\\/i0.wp.com\\\/cavernart.com\\\/wp-content\\\/uploads\\\/2022\\\/02\\\/cropped-logo-cavernart-scaled.png?fit=3001%2C3081&ssl=1\",\"contentUrl\":\"https:\\\/\\\/i0.wp.com\\\/cavernart.com\\\/wp-content\\\/uploads\\\/2022\\\/02\\\/cropped-logo-cavernart-scaled.png?fit=3001%2C3081&ssl=1\",\"width\":3001,\"height\":3081,\"caption\":\"Cavern Art\"},\"image\":{\"@id\":\"https:\\\/\\\/cavernart.com\\\/#\\\/schema\\\/logo\\\/image\\\/\"}}]}<\/script>\n<!-- \/ Yoast SEO plugin. -->","yoast_head_json":{"title":"Eau de rose de constantine - Cavern Art","robots":{"index":"index","follow":"follow","max-snippet":"max-snippet:-1","max-image-preview":"max-image-preview:large","max-video-preview":"max-video-preview:-1"},"canonical":"https:\/\/cavernart.com\/ar\/boutique\/bien-etre\/eau-de-rose-de-constantine\/","og_locale":"ar_AR","og_type":"article","og_title":"Eau de rose de constantine - Cavern Art","og_description":"L\u2019eau de rose : hydrate les peaux matures et sensibles L&rsquo;eau de rose est connue pour ses\u00a0propri\u00e9t\u00e9s hydratantes et nourrissantes\u00a0qui","og_url":"https:\/\/cavernart.com\/ar\/boutique\/bien-etre\/eau-de-rose-de-constantine\/","og_site_name":"Cavern Art","article_modified_time":"2025-06-24T00:11:31+00:00","og_image":[{"width":1080,"height":1071,"url":"https:\/\/i0.wp.com\/cavernart.com\/wp-content\/uploads\/2024\/01\/Screenshot_20230718_145127.jpg?fit=1080%2C1071&ssl=1","type":"image\/jpeg"}],"twitter_card":"summary_large_image","twitter_misc":{"\u0648\u0642\u062a \u0627\u0644\u0642\u0631\u0627\u0621\u0629 \u0627\u0644\u0645\u064f\u0642\u062f\u0651\u0631":"\u062f\u0642\u064a\u0642\u0629 \u0648\u0627\u062d\u062f\u0629"},"schema":{"@context":"https:\/\/schema.org","@graph":[{"@type":"WebPage","@id":"https:\/\/cavernart.com\/boutique\/bien-etre\/eau-de-rose-de-constantine\/","url":"https:\/\/cavernart.com\/boutique\/bien-etre\/eau-de-rose-de-constantine\/","name":"Eau de rose de constantine - Cavern Art","isPartOf":{"@id":"https:\/\/cavernart.com\/#website"},"primaryImageOfPage":{"@id":"https:\/\/cavernart.com\/boutique\/bien-etre\/eau-de-rose-de-constantine\/#primaryimage"},"image":{"@id":"https:\/\/cavernart.com\/boutique\/bien-etre\/eau-de-rose-de-constantine\/#primaryimage"},"thumbnailUrl":"https:\/\/i0.wp.com\/cavernart.com\/wp-content\/uploads\/2024\/01\/Screenshot_20230718_145127.jpg?fit=1080%2C1071&ssl=1","datePublished":"2024-07-19T15:35:38+00:00","dateModified":"2025-06-24T00:11:31+00:00","breadcrumb":{"@id":"https:\/\/cavernart.com\/boutique\/bien-etre\/eau-de-rose-de-constantine\/#breadcrumb"},"inLanguage":"ar","potentialAction":[{"@type":"ReadAction","target":["https:\/\/cavernart.com\/boutique\/bien-etre\/eau-de-rose-de-constantine\/"]}]},{"@type":"ImageObject","inLanguage":"ar","@id":"https:\/\/cavernart.com\/boutique\/bien-etre\/eau-de-rose-de-constantine\/#primaryimage","url":"https:\/\/i0.wp.com\/cavernart.com\/wp-content\/uploads\/2024\/01\/Screenshot_20230718_145127.jpg?fit=1080%2C1071&ssl=1","contentUrl":"https:\/\/i0.wp.com\/cavernart.com\/wp-content\/uploads\/2024\/01\/Screenshot_20230718_145127.jpg?fit=1080%2C1071&ssl=1","width":1080,"height":1071},{"@type":"BreadcrumbList","@id":"https:\/\/cavernart.com\/boutique\/bien-etre\/eau-de-rose-de-constantine\/#breadcrumb","itemListElement":[{"@type":"ListItem","position":1,"name":"Accueil","item":"https:\/\/cavernart.com\/"},{"@type":"ListItem","position":2,"name":"Boutique","item":"https:\/\/cavernart.com\/boutique\/"},{"@type":"ListItem","position":3,"name":"Eau de rose de constantine"}]},{"@type":"WebSite","@id":"https:\/\/cavernart.com\/#website","url":"https:\/\/cavernart.com\/","name":"Cavern Art","description":"Cr\u00e9ons sans limites !","publisher":{"@id":"https:\/\/cavernart.com\/#organization"},"potentialAction":[{"@type":"SearchAction","target":{"@type":"EntryPoint","urlTemplate":"https:\/\/cavernart.com\/?s={search_term_string}"},"query-input":{"@type":"PropertyValueSpecification","valueRequired":true,"valueName":"search_term_string"}}],"inLanguage":"ar"},{"@type":"Organization","@id":"https:\/\/cavernart.com\/#organization","name":"Cavern Art","url":"https:\/\/cavernart.com\/","logo":{"@type":"ImageObject","inLanguage":"ar","@id":"https:\/\/cavernart.com\/#\/schema\/logo\/image\/","url":"https:\/\/i0.wp.com\/cavernart.com\/wp-content\/uploads\/2022\/02\/cropped-logo-cavernart-scaled.png?fit=3001%2C3081&ssl=1","contentUrl":"https:\/\/i0.wp.com\/cavernart.com\/wp-content\/uploads\/2022\/02\/cropped-logo-cavernart-scaled.png?fit=3001%2C3081&ssl=1","width":3001,"height":3081,"caption":"Cavern Art"},"image":{"@id":"https:\/\/cavernart.com\/#\/schema\/logo\/image\/"}}]}},"jetpack_publicize_connections":[],"jetpack_sharing_enabled":true,"jetpack-related-posts":[{"id":1201,"url":"https:\/\/cavernart.com\/ar\/boutique\/bien-etre\/creme-hydratante-a-lhuile-de-figue-de-barbarie-et-huile-essentielle-de-rose\/","url_meta":{"origin":648,"position":0},"title":"Cr\u00e8me hydratante a l&rsquo;huile de figue de barbarie et huile essentielle de rose","author":"stark","date":"29 \u064a\u0646\u0627\u064a\u0631 2025","format":false,"excerpt":"Cr\u00e8me hydratante a l'huile de figue de barbarie et huile essentielle de rose","rel":"","context":"\u062a\u062f\u0648\u064a\u0646\u0629 \u0645\u0634\u0627\u0628\u0647\u0629","block_context":{"text":"\u062a\u062f\u0648\u064a\u0646\u0629 \u0645\u0634\u0627\u0628\u0647\u0629","link":""},"img":{"alt_text":"","src":"https:\/\/i0.wp.com\/cavernart.com\/wp-content\/uploads\/2025\/01\/IMG-20250128-WA001328129.jpg?fit=810%2C1080&ssl=1&resize=350%2C200","width":350,"height":200,"srcset":"https:\/\/i0.wp.com\/cavernart.com\/wp-content\/uploads\/2025\/01\/IMG-20250128-WA001328129.jpg?fit=810%2C1080&ssl=1&resize=350%2C200 1x, https:\/\/i0.wp.com\/cavernart.com\/wp-content\/uploads\/2025\/01\/IMG-20250128-WA001328129.jpg?fit=810%2C1080&ssl=1&resize=525%2C300 1.5x, https:\/\/i0.wp.com\/cavernart.com\/wp-content\/uploads\/2025\/01\/IMG-20250128-WA001328129.jpg?fit=810%2C1080&ssl=1&resize=700%2C400 2x"},"classes":[]},{"id":171,"url":"https:\/\/cavernart.com\/ar\/boutique\/bien-etre\/duo-masque-nila-a-leau-de-rose-de-constantine\/","url_meta":{"origin":648,"position":1},"title":"Duo Masque Nila a l&rsquo;eau de rose de constantine","author":"stark","date":"17 \u064a\u0648\u0644\u064a\u0648 2024","format":false,"excerpt":"eclairssissent et purifiant\u00a0 il supprime les taches brunes Masque a la poudre de la graine de Nila Eau de rose de constantine . \u00a0","rel":"","context":"\u062a\u062f\u0648\u064a\u0646\u0629 \u0645\u0634\u0627\u0628\u0647\u0629","block_context":{"text":"\u062a\u062f\u0648\u064a\u0646\u0629 \u0645\u0634\u0627\u0628\u0647\u0629","link":""},"img":{"alt_text":"","src":"https:\/\/i0.wp.com\/cavernart.com\/wp-content\/uploads\/2024\/07\/20240717_115812_edit_407214384690988-scaled.jpg?fit=900%2C1200&ssl=1&resize=350%2C200","width":350,"height":200,"srcset":"https:\/\/i0.wp.com\/cavernart.com\/wp-content\/uploads\/2024\/07\/20240717_115812_edit_407214384690988-scaled.jpg?fit=900%2C1200&ssl=1&resize=350%2C200 1x, https:\/\/i0.wp.com\/cavernart.com\/wp-content\/uploads\/2024\/07\/20240717_115812_edit_407214384690988-scaled.jpg?fit=900%2C1200&ssl=1&resize=525%2C300 1.5x, https:\/\/i0.wp.com\/cavernart.com\/wp-content\/uploads\/2024\/07\/20240717_115812_edit_407214384690988-scaled.jpg?fit=900%2C1200&ssl=1&resize=700%2C400 2x"},"classes":[]},{"id":317,"url":"https:\/\/cavernart.com\/ar\/boutique\/bien-etre\/savon-karite-curcuma\/","url_meta":{"origin":648,"position":2},"title":"Savon Karit\u00e9 Curcuma","author":"stark","date":"17 \u064a\u0648\u0644\u064a\u0648 2024","format":false,"excerpt":"Savon riche pour les peaux r\u00e9actives et sensibles les peaux s\u00e9ches et matures il peut meme etre utilis\u00e9 par les personnes souffrant d'eczema ou de psoriasis et les b\u00e9b\u00e9s","rel":"","context":"\u062a\u062f\u0648\u064a\u0646\u0629 \u0645\u0634\u0627\u0628\u0647\u0629","block_context":{"text":"\u062a\u062f\u0648\u064a\u0646\u0629 \u0645\u0634\u0627\u0628\u0647\u0629","link":""},"img":{"alt_text":"","src":"https:\/\/i0.wp.com\/cavernart.com\/wp-content\/uploads\/2022\/12\/IMG_2183-2048x2048.jpg?fit=1200%2C1200&ssl=1&resize=350%2C200","width":350,"height":200,"srcset":"https:\/\/i0.wp.com\/cavernart.com\/wp-content\/uploads\/2022\/12\/IMG_2183-2048x2048.jpg?fit=1200%2C1200&ssl=1&resize=350%2C200 1x, https:\/\/i0.wp.com\/cavernart.com\/wp-content\/uploads\/2022\/12\/IMG_2183-2048x2048.jpg?fit=1200%2C1200&ssl=1&resize=525%2C300 1.5x, https:\/\/i0.wp.com\/cavernart.com\/wp-content\/uploads\/2022\/12\/IMG_2183-2048x2048.jpg?fit=1200%2C1200&ssl=1&resize=700%2C400 2x, https:\/\/i0.wp.com\/cavernart.com\/wp-content\/uploads\/2022\/12\/IMG_2183-2048x2048.jpg?fit=1200%2C1200&ssl=1&resize=1050%2C600 3x"},"classes":[]},{"id":1536,"url":"https:\/\/cavernart.com\/ar\/boutique\/accessoires\/collier-yasmine\/","url_meta":{"origin":648,"position":3},"title":"Collier Yasmine","author":"djazia","date":"21 \u0623\u063a\u0633\u0637\u0633 2025","format":false,"excerpt":"collier en perle d'eau douce , jaspe et quartz rose","rel":"","context":"\u062a\u062f\u0648\u064a\u0646\u0629 \u0645\u0634\u0627\u0628\u0647\u0629","block_context":{"text":"\u062a\u062f\u0648\u064a\u0646\u0629 \u0645\u0634\u0627\u0628\u0647\u0629","link":""},"img":{"alt_text":"","src":"https:\/\/i0.wp.com\/cavernart.com\/wp-content\/uploads\/2025\/08\/site2.jpg?fit=1200%2C1200&ssl=1&resize=350%2C200","width":350,"height":200,"srcset":"https:\/\/i0.wp.com\/cavernart.com\/wp-content\/uploads\/2025\/08\/site2.jpg?fit=1200%2C1200&ssl=1&resize=350%2C200 1x, https:\/\/i0.wp.com\/cavernart.com\/wp-content\/uploads\/2025\/08\/site2.jpg?fit=1200%2C1200&ssl=1&resize=525%2C300 1.5x, https:\/\/i0.wp.com\/cavernart.com\/wp-content\/uploads\/2025\/08\/site2.jpg?fit=1200%2C1200&ssl=1&resize=700%2C400 2x, https:\/\/i0.wp.com\/cavernart.com\/wp-content\/uploads\/2025\/08\/site2.jpg?fit=1200%2C1200&ssl=1&resize=1050%2C600 3x"},"classes":[]},{"id":1064,"url":"https:\/\/cavernart.com\/ar\/boutique\/miels-et-derives\/miel-de-carottes-sauvage\/","url_meta":{"origin":648,"position":4},"title":"Miel de carottes sauvage","author":"stark","date":"10 \u0646\u0648\u0641\u0645\u0628\u0631 2024","format":false,"excerpt":"Ce miel tout \u00e0 fait particulier est richement pourvu en b\u00eata-carot\u00e8ne ce qui lui procure une forte teneur antioxydante. Il contient aussi des bienfaits pour la peau. En effet, sa consommation apporte une am\u00e9lioration des tissus cellulaires de l\u2019\u00e9piderme et rend ainsi la peau plus belle. Le miel de carotte\u2026","rel":"","context":"\u062a\u062f\u0648\u064a\u0646\u0629 \u0645\u0634\u0627\u0628\u0647\u0629","block_context":{"text":"\u062a\u062f\u0648\u064a\u0646\u0629 \u0645\u0634\u0627\u0628\u0647\u0629","link":""},"img":{"alt_text":"","src":"https:\/\/i0.wp.com\/cavernart.com\/wp-content\/uploads\/2024\/11\/IMG_20241110_123559-1-scaled.jpg?fit=900%2C1200&ssl=1&resize=350%2C200","width":350,"height":200,"srcset":"https:\/\/i0.wp.com\/cavernart.com\/wp-content\/uploads\/2024\/11\/IMG_20241110_123559-1-scaled.jpg?fit=900%2C1200&ssl=1&resize=350%2C200 1x, https:\/\/i0.wp.com\/cavernart.com\/wp-content\/uploads\/2024\/11\/IMG_20241110_123559-1-scaled.jpg?fit=900%2C1200&ssl=1&resize=525%2C300 1.5x, https:\/\/i0.wp.com\/cavernart.com\/wp-content\/uploads\/2024\/11\/IMG_20241110_123559-1-scaled.jpg?fit=900%2C1200&ssl=1&resize=700%2C400 2x"},"classes":[]},{"id":1510,"url":"https:\/\/cavernart.com\/ar\/boutique\/miels-et-derives\/bougie-rosa\/","url_meta":{"origin":648,"position":5},"title":"Bougie rosa","author":"djazia","date":"16 \u0623\u063a\u0633\u0637\u0633 2025","format":false,"excerpt":"Bougie en forme de rose \u00e0 la cire d'abeille naturelle. Sans aucun aditif ni parfum","rel":"","context":"\u062a\u062f\u0648\u064a\u0646\u0629 \u0645\u0634\u0627\u0628\u0647\u0629","block_context":{"text":"\u062a\u062f\u0648\u064a\u0646\u0629 \u0645\u0634\u0627\u0628\u0647\u0629","link":""},"img":{"alt_text":"","src":"https:\/\/i0.wp.com\/cavernart.com\/wp-content\/uploads\/2025\/08\/500.jpg?fit=1200%2C1200&ssl=1&resize=350%2C200","width":350,"height":200,"srcset":"https:\/\/i0.wp.com\/cavernart.com\/wp-content\/uploads\/2025\/08\/500.jpg?fit=1200%2C1200&ssl=1&resize=350%2C200 1x, https:\/\/i0.wp.com\/cavernart.com\/wp-content\/uploads\/2025\/08\/500.jpg?fit=1200%2C1200&ssl=1&resize=525%2C300 1.5x, https:\/\/i0.wp.com\/cavernart.com\/wp-content\/uploads\/2025\/08\/500.jpg?fit=1200%2C1200&ssl=1&resize=700%2C400 2x, https:\/\/i0.wp.com\/cavernart.com\/wp-content\/uploads\/2025\/08\/500.jpg?fit=1200%2C1200&ssl=1&resize=1050%2C600 3x"},"classes":[]}],"_links":{"self":[{"href":"https:\/\/cavernart.com\/ar\/wp-json\/wp\/v2\/product\/648","targetHints":{"allow":["GET"]}}],"collection":[{"href":"https:\/\/cavernart.com\/ar\/wp-json\/wp\/v2\/product"}],"about":[{"href":"https:\/\/cavernart.com\/ar\/wp-json\/wp\/v2\/types\/product"}],"version-history":[{"count":0,"href":"https:\/\/cavernart.com\/ar\/wp-json\/wp\/v2\/product\/648\/revisions"}],"wp:featuredmedia":[{"embeddable":true,"href":"https:\/\/cavernart.com\/ar\/wp-json\/wp\/v2\/media\/510"}],"wp:attachment":[{"href":"https:\/\/cavernart.com\/ar\/wp-json\/wp\/v2\/media?parent=648"}],"wp:term":[{"taxonomy":"product_brand","embeddable":true,"href":"https:\/\/cavernart.com\/ar\/wp-json\/wp\/v2\/product_brand?post=648"},{"taxonomy":"product_cat","embeddable":true,"href":"https:\/\/cavernart.com\/ar\/wp-json\/wp\/v2\/product_cat?post=648"},{"taxonomy":"product_tag","embeddable":true,"href":"https:\/\/cavernart.com\/ar\/wp-json\/wp\/v2\/product_tag?post=648"}],"curies":[{"name":"wp","href":"https:\/\/api.w.org\/{rel}","templated":true}]}}