{"id":179,"date":"2024-07-17T13:40:15","date_gmt":"2024-07-17T13:40:15","guid":{"rendered":"https:\/\/cavernart.com\/?post_type=product&#038;p=179"},"modified":"2025-07-05T19:50:35","modified_gmt":"2025-07-05T19:50:35","slug":"gommage-a-la-poudre-de-nila-et-poichiche","status":"publish","type":"product","link":"https:\/\/cavernart.com\/ar\/boutique\/bien-etre\/gommage-a-la-poudre-de-nila-et-poichiche\/","title":{"rendered":"Gommage a la Poudre de Nila et poichiche"},"content":{"rendered":"<p>Excellent gommage pour un profond nettoyage de peau purifiant\u00a0 et eclairssissent a la poudre de la graine de nila et poudre de poichiche<\/p>\n<p>utilisation avec\u00a0 savon dzayer<\/p>","protected":false},"excerpt":{"rendered":"<p>Excellent gommage pour un profond nettoyage de peau purifiant\u00a0 et eclairssissent a la poudre de la graine de nila et<\/p>","protected":false},"featured_media":177,"template":"","meta":{"jetpack_publicize_message":"","jetpack_publicize_feature_enabled":true,"jetpack_social_post_already_shared":true,"jetpack_social_options":{"image_generator_settings":{"template":"highway","default_image_id":0,"font":"","enabled":false},"version":2}},"product_brand":[],"product_cat":[24],"product_tag":[],"class_list":{"0":"post-179","1":"product","2":"type-product","3":"status-publish","4":"has-post-thumbnail","6":"product_cat-bien-etre","8":"first","9":"instock","10":"taxable","11":"shipping-taxable","12":"purchasable","13":"product-type-simple"},"yoast_head":"<!-- This site is optimized with the Yoast SEO plugin v27.4 - https:\/\/yoast.com\/product\/yoast-seo-wordpress\/ -->\n<title>Gommage a la Poudre de Nila et poichiche - Cavern Art<\/title>\n<meta name=\"robots\" content=\"index, follow, max-snippet:-1, max-image-preview:large, max-video-preview:-1\" \/>\n<link rel=\"canonical\" href=\"https:\/\/cavernart.com\/ar\/boutique\/bien-etre\/gommage-a-la-poudre-de-nila-et-poichiche\/\" \/>\n<meta property=\"og:locale\" content=\"ar_AR\" \/>\n<meta property=\"og:type\" content=\"article\" \/>\n<meta property=\"og:title\" content=\"Gommage a la Poudre de Nila et poichiche - Cavern Art\" \/>\n<meta property=\"og:description\" content=\"Excellent gommage pour un profond nettoyage de peau purifiant\u00a0 et eclairssissent a la poudre de la graine de nila et\" \/>\n<meta property=\"og:url\" content=\"https:\/\/cavernart.com\/ar\/boutique\/bien-etre\/gommage-a-la-poudre-de-nila-et-poichiche\/\" \/>\n<meta property=\"og:site_name\" content=\"Cavern Art\" \/>\n<meta property=\"article:modified_time\" content=\"2025-07-05T19:50:35+00:00\" \/>\n<meta property=\"og:image\" content=\"https:\/\/i0.wp.com\/cavernart.com\/wp-content\/uploads\/2024\/07\/20240717_115952_edit_407312668063890-scaled.jpg?fit=1920%2C2560&ssl=1\" \/>\n\t<meta property=\"og:image:width\" content=\"1920\" \/>\n\t<meta property=\"og:image:height\" content=\"2560\" \/>\n\t<meta property=\"og:image:type\" content=\"image\/jpeg\" \/>\n<meta name=\"twitter:card\" content=\"summary_large_image\" \/>\n<script type=\"application\/ld+json\" class=\"yoast-schema-graph\">{\"@context\":\"https:\\\/\\\/schema.org\",\"@graph\":[{\"@type\":\"WebPage\",\"@id\":\"https:\\\/\\\/cavernart.com\\\/boutique\\\/bien-etre\\\/gommage-a-la-poudre-de-nila-et-poichiche\\\/\",\"url\":\"https:\\\/\\\/cavernart.com\\\/boutique\\\/bien-etre\\\/gommage-a-la-poudre-de-nila-et-poichiche\\\/\",\"name\":\"Gommage a la Poudre de Nila et poichiche - Cavern Art\",\"isPartOf\":{\"@id\":\"https:\\\/\\\/cavernart.com\\\/#website\"},\"primaryImageOfPage\":{\"@id\":\"https:\\\/\\\/cavernart.com\\\/boutique\\\/bien-etre\\\/gommage-a-la-poudre-de-nila-et-poichiche\\\/#primaryimage\"},\"image\":{\"@id\":\"https:\\\/\\\/cavernart.com\\\/boutique\\\/bien-etre\\\/gommage-a-la-poudre-de-nila-et-poichiche\\\/#primaryimage\"},\"thumbnailUrl\":\"https:\\\/\\\/i0.wp.com\\\/cavernart.com\\\/wp-content\\\/uploads\\\/2024\\\/07\\\/20240717_115952_edit_407312668063890-scaled.jpg?fit=1920%2C2560&ssl=1\",\"datePublished\":\"2024-07-17T13:40:15+00:00\",\"dateModified\":\"2025-07-05T19:50:35+00:00\",\"breadcrumb\":{\"@id\":\"https:\\\/\\\/cavernart.com\\\/boutique\\\/bien-etre\\\/gommage-a-la-poudre-de-nila-et-poichiche\\\/#breadcrumb\"},\"inLanguage\":\"ar\",\"potentialAction\":[{\"@type\":\"ReadAction\",\"target\":[\"https:\\\/\\\/cavernart.com\\\/boutique\\\/bien-etre\\\/gommage-a-la-poudre-de-nila-et-poichiche\\\/\"]}]},{\"@type\":\"ImageObject\",\"inLanguage\":\"ar\",\"@id\":\"https:\\\/\\\/cavernart.com\\\/boutique\\\/bien-etre\\\/gommage-a-la-poudre-de-nila-et-poichiche\\\/#primaryimage\",\"url\":\"https:\\\/\\\/i0.wp.com\\\/cavernart.com\\\/wp-content\\\/uploads\\\/2024\\\/07\\\/20240717_115952_edit_407312668063890-scaled.jpg?fit=1920%2C2560&ssl=1\",\"contentUrl\":\"https:\\\/\\\/i0.wp.com\\\/cavernart.com\\\/wp-content\\\/uploads\\\/2024\\\/07\\\/20240717_115952_edit_407312668063890-scaled.jpg?fit=1920%2C2560&ssl=1\",\"width\":1920,\"height\":2560},{\"@type\":\"BreadcrumbList\",\"@id\":\"https:\\\/\\\/cavernart.com\\\/boutique\\\/bien-etre\\\/gommage-a-la-poudre-de-nila-et-poichiche\\\/#breadcrumb\",\"itemListElement\":[{\"@type\":\"ListItem\",\"position\":1,\"name\":\"Accueil\",\"item\":\"https:\\\/\\\/cavernart.com\\\/\"},{\"@type\":\"ListItem\",\"position\":2,\"name\":\"Boutique\",\"item\":\"https:\\\/\\\/cavernart.com\\\/boutique\\\/\"},{\"@type\":\"ListItem\",\"position\":3,\"name\":\"Gommage a la Poudre de Nila et poichiche\"}]},{\"@type\":\"WebSite\",\"@id\":\"https:\\\/\\\/cavernart.com\\\/#website\",\"url\":\"https:\\\/\\\/cavernart.com\\\/\",\"name\":\"Cavern Art\",\"description\":\"Cr\u00e9ons sans limites !\",\"publisher\":{\"@id\":\"https:\\\/\\\/cavernart.com\\\/#organization\"},\"potentialAction\":[{\"@type\":\"SearchAction\",\"target\":{\"@type\":\"EntryPoint\",\"urlTemplate\":\"https:\\\/\\\/cavernart.com\\\/?s={search_term_string}\"},\"query-input\":{\"@type\":\"PropertyValueSpecification\",\"valueRequired\":true,\"valueName\":\"search_term_string\"}}],\"inLanguage\":\"ar\"},{\"@type\":\"Organization\",\"@id\":\"https:\\\/\\\/cavernart.com\\\/#organization\",\"name\":\"Cavern Art\",\"url\":\"https:\\\/\\\/cavernart.com\\\/\",\"logo\":{\"@type\":\"ImageObject\",\"inLanguage\":\"ar\",\"@id\":\"https:\\\/\\\/cavernart.com\\\/#\\\/schema\\\/logo\\\/image\\\/\",\"url\":\"https:\\\/\\\/i0.wp.com\\\/cavernart.com\\\/wp-content\\\/uploads\\\/2022\\\/02\\\/cropped-logo-cavernart-scaled.png?fit=3001%2C3081&ssl=1\",\"contentUrl\":\"https:\\\/\\\/i0.wp.com\\\/cavernart.com\\\/wp-content\\\/uploads\\\/2022\\\/02\\\/cropped-logo-cavernart-scaled.png?fit=3001%2C3081&ssl=1\",\"width\":3001,\"height\":3081,\"caption\":\"Cavern Art\"},\"image\":{\"@id\":\"https:\\\/\\\/cavernart.com\\\/#\\\/schema\\\/logo\\\/image\\\/\"}}]}<\/script>\n<!-- \/ Yoast SEO plugin. -->","yoast_head_json":{"title":"Gommage a la Poudre de Nila et poichiche - Cavern Art","robots":{"index":"index","follow":"follow","max-snippet":"max-snippet:-1","max-image-preview":"max-image-preview:large","max-video-preview":"max-video-preview:-1"},"canonical":"https:\/\/cavernart.com\/ar\/boutique\/bien-etre\/gommage-a-la-poudre-de-nila-et-poichiche\/","og_locale":"ar_AR","og_type":"article","og_title":"Gommage a la Poudre de Nila et poichiche - Cavern Art","og_description":"Excellent gommage pour un profond nettoyage de peau purifiant\u00a0 et eclairssissent a la poudre de la graine de nila et","og_url":"https:\/\/cavernart.com\/ar\/boutique\/bien-etre\/gommage-a-la-poudre-de-nila-et-poichiche\/","og_site_name":"Cavern Art","article_modified_time":"2025-07-05T19:50:35+00:00","og_image":[{"width":1920,"height":2560,"url":"https:\/\/i0.wp.com\/cavernart.com\/wp-content\/uploads\/2024\/07\/20240717_115952_edit_407312668063890-scaled.jpg?fit=1920%2C2560&ssl=1","type":"image\/jpeg"}],"twitter_card":"summary_large_image","schema":{"@context":"https:\/\/schema.org","@graph":[{"@type":"WebPage","@id":"https:\/\/cavernart.com\/boutique\/bien-etre\/gommage-a-la-poudre-de-nila-et-poichiche\/","url":"https:\/\/cavernart.com\/boutique\/bien-etre\/gommage-a-la-poudre-de-nila-et-poichiche\/","name":"Gommage a la Poudre de Nila et poichiche - Cavern Art","isPartOf":{"@id":"https:\/\/cavernart.com\/#website"},"primaryImageOfPage":{"@id":"https:\/\/cavernart.com\/boutique\/bien-etre\/gommage-a-la-poudre-de-nila-et-poichiche\/#primaryimage"},"image":{"@id":"https:\/\/cavernart.com\/boutique\/bien-etre\/gommage-a-la-poudre-de-nila-et-poichiche\/#primaryimage"},"thumbnailUrl":"https:\/\/i0.wp.com\/cavernart.com\/wp-content\/uploads\/2024\/07\/20240717_115952_edit_407312668063890-scaled.jpg?fit=1920%2C2560&ssl=1","datePublished":"2024-07-17T13:40:15+00:00","dateModified":"2025-07-05T19:50:35+00:00","breadcrumb":{"@id":"https:\/\/cavernart.com\/boutique\/bien-etre\/gommage-a-la-poudre-de-nila-et-poichiche\/#breadcrumb"},"inLanguage":"ar","potentialAction":[{"@type":"ReadAction","target":["https:\/\/cavernart.com\/boutique\/bien-etre\/gommage-a-la-poudre-de-nila-et-poichiche\/"]}]},{"@type":"ImageObject","inLanguage":"ar","@id":"https:\/\/cavernart.com\/boutique\/bien-etre\/gommage-a-la-poudre-de-nila-et-poichiche\/#primaryimage","url":"https:\/\/i0.wp.com\/cavernart.com\/wp-content\/uploads\/2024\/07\/20240717_115952_edit_407312668063890-scaled.jpg?fit=1920%2C2560&ssl=1","contentUrl":"https:\/\/i0.wp.com\/cavernart.com\/wp-content\/uploads\/2024\/07\/20240717_115952_edit_407312668063890-scaled.jpg?fit=1920%2C2560&ssl=1","width":1920,"height":2560},{"@type":"BreadcrumbList","@id":"https:\/\/cavernart.com\/boutique\/bien-etre\/gommage-a-la-poudre-de-nila-et-poichiche\/#breadcrumb","itemListElement":[{"@type":"ListItem","position":1,"name":"Accueil","item":"https:\/\/cavernart.com\/"},{"@type":"ListItem","position":2,"name":"Boutique","item":"https:\/\/cavernart.com\/boutique\/"},{"@type":"ListItem","position":3,"name":"Gommage a la Poudre de Nila et poichiche"}]},{"@type":"WebSite","@id":"https:\/\/cavernart.com\/#website","url":"https:\/\/cavernart.com\/","name":"Cavern Art","description":"Cr\u00e9ons sans limites !","publisher":{"@id":"https:\/\/cavernart.com\/#organization"},"potentialAction":[{"@type":"SearchAction","target":{"@type":"EntryPoint","urlTemplate":"https:\/\/cavernart.com\/?s={search_term_string}"},"query-input":{"@type":"PropertyValueSpecification","valueRequired":true,"valueName":"search_term_string"}}],"inLanguage":"ar"},{"@type":"Organization","@id":"https:\/\/cavernart.com\/#organization","name":"Cavern Art","url":"https:\/\/cavernart.com\/","logo":{"@type":"ImageObject","inLanguage":"ar","@id":"https:\/\/cavernart.com\/#\/schema\/logo\/image\/","url":"https:\/\/i0.wp.com\/cavernart.com\/wp-content\/uploads\/2022\/02\/cropped-logo-cavernart-scaled.png?fit=3001%2C3081&ssl=1","contentUrl":"https:\/\/i0.wp.com\/cavernart.com\/wp-content\/uploads\/2022\/02\/cropped-logo-cavernart-scaled.png?fit=3001%2C3081&ssl=1","width":3001,"height":3081,"caption":"Cavern Art"},"image":{"@id":"https:\/\/cavernart.com\/#\/schema\/logo\/image\/"}}]}},"jetpack_publicize_connections":[],"jetpack_sharing_enabled":true,"jetpack-related-posts":[{"id":157,"url":"https:\/\/cavernart.com\/ar\/boutique\/bien-etre\/gommage-nila-saboun-dzair-traditionnel\/","url_meta":{"origin":179,"position":0},"title":"Gommage Nila Saboun dzair traditionnel","author":"stark","date":"17 \u064a\u0648\u0644\u064a\u0648 2024","format":false,"excerpt":"un\u00a0 Gommage a la poudre de graine de nila eclairrssissante un pot de savon noir traditionnel neutre \u00a0","rel":"","context":"\u062a\u062f\u0648\u064a\u0646\u0629 \u0645\u0634\u0627\u0628\u0647\u0629","block_context":{"text":"\u062a\u062f\u0648\u064a\u0646\u0629 \u0645\u0634\u0627\u0628\u0647\u0629","link":""},"img":{"alt_text":"","src":"https:\/\/i0.wp.com\/cavernart.com\/wp-content\/uploads\/2024\/07\/20240717_115712_edit_407185922957659-scaled.jpg?fit=900%2C1200&ssl=1&resize=350%2C200","width":350,"height":200,"srcset":"https:\/\/i0.wp.com\/cavernart.com\/wp-content\/uploads\/2024\/07\/20240717_115712_edit_407185922957659-scaled.jpg?fit=900%2C1200&ssl=1&resize=350%2C200 1x, https:\/\/i0.wp.com\/cavernart.com\/wp-content\/uploads\/2024\/07\/20240717_115712_edit_407185922957659-scaled.jpg?fit=900%2C1200&ssl=1&resize=525%2C300 1.5x, https:\/\/i0.wp.com\/cavernart.com\/wp-content\/uploads\/2024\/07\/20240717_115712_edit_407185922957659-scaled.jpg?fit=900%2C1200&ssl=1&resize=700%2C400 2x"},"classes":[]},{"id":123,"url":"https:\/\/cavernart.com\/ar\/boutique\/bien-etre\/qfiffet-khdidja\/","url_meta":{"origin":179,"position":1},"title":"Qfiffet Khdidja","author":"stark","date":"17 \u064a\u0648\u0644\u064a\u0648 2024","format":false,"excerpt":"Masque a la poudre de la graine Nila Gommage a la poudre de la graine Nila Saboun dzayer neutre Cr\u00e9me nourissante pieds et mains Hydrolat de G\u00e9ranium Savon a la poudre de Nila Baume a levres Petit Couffin traditionnel","rel":"","context":"\u062a\u062f\u0648\u064a\u0646\u0629 \u0645\u0634\u0627\u0628\u0647\u0629","block_context":{"text":"\u062a\u062f\u0648\u064a\u0646\u0629 \u0645\u0634\u0627\u0628\u0647\u0629","link":""},"img":{"alt_text":"","src":"https:\/\/i0.wp.com\/cavernart.com\/wp-content\/uploads\/2024\/03\/449822.jpg?fit=1080%2C1048&ssl=1&resize=350%2C200","width":350,"height":200,"srcset":"https:\/\/i0.wp.com\/cavernart.com\/wp-content\/uploads\/2024\/03\/449822.jpg?fit=1080%2C1048&ssl=1&resize=350%2C200 1x, https:\/\/i0.wp.com\/cavernart.com\/wp-content\/uploads\/2024\/03\/449822.jpg?fit=1080%2C1048&ssl=1&resize=525%2C300 1.5x, https:\/\/i0.wp.com\/cavernart.com\/wp-content\/uploads\/2024\/03\/449822.jpg?fit=1080%2C1048&ssl=1&resize=700%2C400 2x, https:\/\/i0.wp.com\/cavernart.com\/wp-content\/uploads\/2024\/03\/449822.jpg?fit=1080%2C1048&ssl=1&resize=1050%2C600 3x"},"classes":[]},{"id":409,"url":"https:\/\/cavernart.com\/ar\/boutique\/bien-etre\/masque-a-la-poudre-de-graine-de-nila\/","url_meta":{"origin":179,"position":2},"title":"Masque a la poudre de graine de Nila","author":"stark","date":"17 \u064a\u0648\u0644\u064a\u0648 2024","format":false,"excerpt":"Authtentique poudre de la graine d'indigotier le masque est purifiant\u00a0 \u00a0nettoyant et eclaircissant \u00a0","rel":"","context":"\u062a\u062f\u0648\u064a\u0646\u0629 \u0645\u0634\u0627\u0628\u0647\u0629","block_context":{"text":"\u062a\u062f\u0648\u064a\u0646\u0629 \u0645\u0634\u0627\u0628\u0647\u0629","link":""},"img":{"alt_text":"","src":"https:\/\/i0.wp.com\/cavernart.com\/wp-content\/uploads\/2024\/01\/362533-e1663856015154-320x320.jpg?fit=320%2C320&ssl=1&resize=350%2C200","width":350,"height":200},"classes":[]},{"id":171,"url":"https:\/\/cavernart.com\/ar\/boutique\/bien-etre\/duo-masque-nila-a-leau-de-rose-de-constantine\/","url_meta":{"origin":179,"position":3},"title":"Duo Masque Nila a l&rsquo;eau de rose de constantine","author":"stark","date":"17 \u064a\u0648\u0644\u064a\u0648 2024","format":false,"excerpt":"eclairssissent et purifiant\u00a0 il supprime les taches brunes Masque a la poudre de la graine de Nila Eau de rose de constantine . \u00a0","rel":"","context":"\u062a\u062f\u0648\u064a\u0646\u0629 \u0645\u0634\u0627\u0628\u0647\u0629","block_context":{"text":"\u062a\u062f\u0648\u064a\u0646\u0629 \u0645\u0634\u0627\u0628\u0647\u0629","link":""},"img":{"alt_text":"","src":"https:\/\/i0.wp.com\/cavernart.com\/wp-content\/uploads\/2024\/07\/20240717_115812_edit_407214384690988-scaled.jpg?fit=900%2C1200&ssl=1&resize=350%2C200","width":350,"height":200,"srcset":"https:\/\/i0.wp.com\/cavernart.com\/wp-content\/uploads\/2024\/07\/20240717_115812_edit_407214384690988-scaled.jpg?fit=900%2C1200&ssl=1&resize=350%2C200 1x, https:\/\/i0.wp.com\/cavernart.com\/wp-content\/uploads\/2024\/07\/20240717_115812_edit_407214384690988-scaled.jpg?fit=900%2C1200&ssl=1&resize=525%2C300 1.5x, https:\/\/i0.wp.com\/cavernart.com\/wp-content\/uploads\/2024\/07\/20240717_115812_edit_407214384690988-scaled.jpg?fit=900%2C1200&ssl=1&resize=700%2C400 2x"},"classes":[]},{"id":1448,"url":"https:\/\/cavernart.com\/ar\/boutique\/bien-etre\/pack-hammam-nila\/","url_meta":{"origin":179,"position":4},"title":"Pack hammam nila","author":"djazia","date":"3 \u064a\u0648\u0644\u064a\u0648 2025","format":false,"excerpt":"Un pack rempli de quoi prendre soins de sa peau au naturel. Dans une tassa en cuivre, comme celles utilis\u00e9es autrefois par nos grand-m\u00e8res se trouvent Une fota de hammam Un bandeau en serviette 4 lingettes lavables Un petit mahbes de saboun dzair Une kassa Une luffa Un sachet d'argile\u2026","rel":"","context":"\u062a\u062f\u0648\u064a\u0646\u0629 \u0645\u0634\u0627\u0628\u0647\u0629","block_context":{"text":"\u062a\u062f\u0648\u064a\u0646\u0629 \u0645\u0634\u0627\u0628\u0647\u0629","link":""},"img":{"alt_text":"","src":"https:\/\/i0.wp.com\/cavernart.com\/wp-content\/uploads\/2025\/07\/IMG_6504.jpg?fit=1200%2C1200&ssl=1&resize=350%2C200","width":350,"height":200,"srcset":"https:\/\/i0.wp.com\/cavernart.com\/wp-content\/uploads\/2025\/07\/IMG_6504.jpg?fit=1200%2C1200&ssl=1&resize=350%2C200 1x, https:\/\/i0.wp.com\/cavernart.com\/wp-content\/uploads\/2025\/07\/IMG_6504.jpg?fit=1200%2C1200&ssl=1&resize=525%2C300 1.5x, https:\/\/i0.wp.com\/cavernart.com\/wp-content\/uploads\/2025\/07\/IMG_6504.jpg?fit=1200%2C1200&ssl=1&resize=700%2C400 2x, https:\/\/i0.wp.com\/cavernart.com\/wp-content\/uploads\/2025\/07\/IMG_6504.jpg?fit=1200%2C1200&ssl=1&resize=1050%2C600 3x"},"classes":[]},{"id":1432,"url":"https:\/\/cavernart.com\/ar\/boutique\/bien-etre\/pack-hammam-lavande\/","url_meta":{"origin":179,"position":5},"title":"Pack hammam lavande","author":"djazia","date":"3 \u064a\u0648\u0644\u064a\u0648 2025","format":false,"excerpt":"Compos\u00e9 d\u2019ingr\u00e9dients purs et respectueux de la peau, ce coffret contient : Une tassa en cuivre Une fota de hammam \u00e0 l'ancienne Un gommage corporel au nila bleu Un lait corporel \u00e0 la lavande Un petit mahbes en cuivre de saboun dzair Un hydrolat de lavande Un sac d'argile blanche\u2026","rel":"","context":"\u062a\u062f\u0648\u064a\u0646\u0629 \u0645\u0634\u0627\u0628\u0647\u0629","block_context":{"text":"\u062a\u062f\u0648\u064a\u0646\u0629 \u0645\u0634\u0627\u0628\u0647\u0629","link":""},"img":{"alt_text":"","src":"https:\/\/i0.wp.com\/cavernart.com\/wp-content\/uploads\/2025\/07\/IMG_6479.jpg?fit=1200%2C1200&ssl=1&resize=350%2C200","width":350,"height":200,"srcset":"https:\/\/i0.wp.com\/cavernart.com\/wp-content\/uploads\/2025\/07\/IMG_6479.jpg?fit=1200%2C1200&ssl=1&resize=350%2C200 1x, https:\/\/i0.wp.com\/cavernart.com\/wp-content\/uploads\/2025\/07\/IMG_6479.jpg?fit=1200%2C1200&ssl=1&resize=525%2C300 1.5x, https:\/\/i0.wp.com\/cavernart.com\/wp-content\/uploads\/2025\/07\/IMG_6479.jpg?fit=1200%2C1200&ssl=1&resize=700%2C400 2x, https:\/\/i0.wp.com\/cavernart.com\/wp-content\/uploads\/2025\/07\/IMG_6479.jpg?fit=1200%2C1200&ssl=1&resize=1050%2C600 3x"},"classes":[]}],"_links":{"self":[{"href":"https:\/\/cavernart.com\/ar\/wp-json\/wp\/v2\/product\/179","targetHints":{"allow":["GET"]}}],"collection":[{"href":"https:\/\/cavernart.com\/ar\/wp-json\/wp\/v2\/product"}],"about":[{"href":"https:\/\/cavernart.com\/ar\/wp-json\/wp\/v2\/types\/product"}],"version-history":[{"count":0,"href":"https:\/\/cavernart.com\/ar\/wp-json\/wp\/v2\/product\/179\/revisions"}],"wp:featuredmedia":[{"embeddable":true,"href":"https:\/\/cavernart.com\/ar\/wp-json\/wp\/v2\/media\/177"}],"wp:attachment":[{"href":"https:\/\/cavernart.com\/ar\/wp-json\/wp\/v2\/media?parent=179"}],"wp:term":[{"taxonomy":"product_brand","embeddable":true,"href":"https:\/\/cavernart.com\/ar\/wp-json\/wp\/v2\/product_brand?post=179"},{"taxonomy":"product_cat","embeddable":true,"href":"https:\/\/cavernart.com\/ar\/wp-json\/wp\/v2\/product_cat?post=179"},{"taxonomy":"product_tag","embeddable":true,"href":"https:\/\/cavernart.com\/ar\/wp-json\/wp\/v2\/product_tag?post=179"}],"curies":[{"name":"wp","href":"https:\/\/api.w.org\/{rel}","templated":true}]}}