{"id":1541,"date":"2025-08-21T19:11:01","date_gmt":"2025-08-21T19:11:01","guid":{"rendered":"https:\/\/cavernart.com\/?post_type=product&#038;p=1541"},"modified":"2025-08-21T19:13:26","modified_gmt":"2025-08-21T19:13:26","slug":"colliers-nala","status":"publish","type":"product","link":"https:\/\/cavernart.com\/ar\/boutique\/accessoires\/colliers-nala\/","title":{"rendered":"Colliers Nala"},"content":{"rendered":"<p>Duo de colliers, blanc en perles plates et turquoise et vert en perles d&rsquo;eau douce teint\u00e9es et jaspe.<\/p>","protected":false},"excerpt":{"rendered":"<p>Duo de colliers, blanc en perles plates et turquoise et vert en perles d&rsquo;eau douce teint\u00e9es et jaspe.<\/p>","protected":false},"featured_media":1540,"template":"","meta":{"jetpack_publicize_message":"","jetpack_publicize_feature_enabled":true,"jetpack_social_post_already_shared":true,"jetpack_social_options":{"image_generator_settings":{"template":"highway","default_image_id":0,"font":"","enabled":false},"version":2}},"product_brand":[],"product_cat":[28],"product_tag":[],"class_list":{"0":"post-1541","1":"product","2":"type-product","3":"status-publish","4":"has-post-thumbnail","6":"product_cat-accessoires","8":"first","9":"instock","10":"taxable","11":"shipping-taxable","12":"purchasable","13":"product-type-simple"},"yoast_head":"<!-- This site is optimized with the Yoast SEO plugin v27.4 - https:\/\/yoast.com\/product\/yoast-seo-wordpress\/ -->\n<title>Colliers Nala - Cavern Art<\/title>\n<meta name=\"robots\" content=\"index, follow, max-snippet:-1, max-image-preview:large, max-video-preview:-1\" \/>\n<link rel=\"canonical\" href=\"https:\/\/cavernart.com\/ar\/boutique\/accessoires\/colliers-nala\/\" \/>\n<meta property=\"og:locale\" content=\"ar_AR\" \/>\n<meta property=\"og:type\" content=\"article\" \/>\n<meta property=\"og:title\" content=\"Colliers Nala - Cavern Art\" \/>\n<meta property=\"og:description\" content=\"Duo de colliers, blanc en perles plates et turquoise et vert en perles d&#039;eau douce teint\u00e9es et jaspe.\" \/>\n<meta property=\"og:url\" content=\"https:\/\/cavernart.com\/ar\/boutique\/accessoires\/colliers-nala\/\" \/>\n<meta property=\"og:site_name\" content=\"Cavern Art\" \/>\n<meta property=\"article:modified_time\" content=\"2025-08-21T19:13:26+00:00\" \/>\n<meta property=\"og:image\" content=\"https:\/\/i0.wp.com\/cavernart.com\/wp-content\/uploads\/2025\/08\/site6-1.jpg?fit=2304%2C2304&ssl=1\" \/>\n\t<meta property=\"og:image:width\" content=\"2304\" \/>\n\t<meta property=\"og:image:height\" content=\"2304\" \/>\n\t<meta property=\"og:image:type\" content=\"image\/jpeg\" \/>\n<meta name=\"twitter:card\" content=\"summary_large_image\" \/>\n<script type=\"application\/ld+json\" class=\"yoast-schema-graph\">{\"@context\":\"https:\\\/\\\/schema.org\",\"@graph\":[{\"@type\":\"WebPage\",\"@id\":\"https:\\\/\\\/cavernart.com\\\/boutique\\\/accessoires\\\/colliers-nala\\\/\",\"url\":\"https:\\\/\\\/cavernart.com\\\/boutique\\\/accessoires\\\/colliers-nala\\\/\",\"name\":\"Colliers Nala - Cavern Art\",\"isPartOf\":{\"@id\":\"https:\\\/\\\/cavernart.com\\\/#website\"},\"primaryImageOfPage\":{\"@id\":\"https:\\\/\\\/cavernart.com\\\/boutique\\\/accessoires\\\/colliers-nala\\\/#primaryimage\"},\"image\":{\"@id\":\"https:\\\/\\\/cavernart.com\\\/boutique\\\/accessoires\\\/colliers-nala\\\/#primaryimage\"},\"thumbnailUrl\":\"https:\\\/\\\/i0.wp.com\\\/cavernart.com\\\/wp-content\\\/uploads\\\/2025\\\/08\\\/site6-1.jpg?fit=2304%2C2304&ssl=1\",\"datePublished\":\"2025-08-21T19:11:01+00:00\",\"dateModified\":\"2025-08-21T19:13:26+00:00\",\"breadcrumb\":{\"@id\":\"https:\\\/\\\/cavernart.com\\\/boutique\\\/accessoires\\\/colliers-nala\\\/#breadcrumb\"},\"inLanguage\":\"ar\",\"potentialAction\":[{\"@type\":\"ReadAction\",\"target\":[\"https:\\\/\\\/cavernart.com\\\/boutique\\\/accessoires\\\/colliers-nala\\\/\"]}]},{\"@type\":\"ImageObject\",\"inLanguage\":\"ar\",\"@id\":\"https:\\\/\\\/cavernart.com\\\/boutique\\\/accessoires\\\/colliers-nala\\\/#primaryimage\",\"url\":\"https:\\\/\\\/i0.wp.com\\\/cavernart.com\\\/wp-content\\\/uploads\\\/2025\\\/08\\\/site6-1.jpg?fit=2304%2C2304&ssl=1\",\"contentUrl\":\"https:\\\/\\\/i0.wp.com\\\/cavernart.com\\\/wp-content\\\/uploads\\\/2025\\\/08\\\/site6-1.jpg?fit=2304%2C2304&ssl=1\",\"width\":2304,\"height\":2304},{\"@type\":\"BreadcrumbList\",\"@id\":\"https:\\\/\\\/cavernart.com\\\/boutique\\\/accessoires\\\/colliers-nala\\\/#breadcrumb\",\"itemListElement\":[{\"@type\":\"ListItem\",\"position\":1,\"name\":\"Accueil\",\"item\":\"https:\\\/\\\/cavernart.com\\\/\"},{\"@type\":\"ListItem\",\"position\":2,\"name\":\"Boutique\",\"item\":\"https:\\\/\\\/cavernart.com\\\/boutique\\\/\"},{\"@type\":\"ListItem\",\"position\":3,\"name\":\"Colliers Nala\"}]},{\"@type\":\"WebSite\",\"@id\":\"https:\\\/\\\/cavernart.com\\\/#website\",\"url\":\"https:\\\/\\\/cavernart.com\\\/\",\"name\":\"Cavern Art\",\"description\":\"Cr\u00e9ons sans limites !\",\"publisher\":{\"@id\":\"https:\\\/\\\/cavernart.com\\\/#organization\"},\"potentialAction\":[{\"@type\":\"SearchAction\",\"target\":{\"@type\":\"EntryPoint\",\"urlTemplate\":\"https:\\\/\\\/cavernart.com\\\/?s={search_term_string}\"},\"query-input\":{\"@type\":\"PropertyValueSpecification\",\"valueRequired\":true,\"valueName\":\"search_term_string\"}}],\"inLanguage\":\"ar\"},{\"@type\":\"Organization\",\"@id\":\"https:\\\/\\\/cavernart.com\\\/#organization\",\"name\":\"Cavern Art\",\"url\":\"https:\\\/\\\/cavernart.com\\\/\",\"logo\":{\"@type\":\"ImageObject\",\"inLanguage\":\"ar\",\"@id\":\"https:\\\/\\\/cavernart.com\\\/#\\\/schema\\\/logo\\\/image\\\/\",\"url\":\"https:\\\/\\\/i0.wp.com\\\/cavernart.com\\\/wp-content\\\/uploads\\\/2022\\\/02\\\/cropped-logo-cavernart-scaled.png?fit=3001%2C3081&ssl=1\",\"contentUrl\":\"https:\\\/\\\/i0.wp.com\\\/cavernart.com\\\/wp-content\\\/uploads\\\/2022\\\/02\\\/cropped-logo-cavernart-scaled.png?fit=3001%2C3081&ssl=1\",\"width\":3001,\"height\":3081,\"caption\":\"Cavern Art\"},\"image\":{\"@id\":\"https:\\\/\\\/cavernart.com\\\/#\\\/schema\\\/logo\\\/image\\\/\"}}]}<\/script>\n<!-- \/ Yoast SEO plugin. -->","yoast_head_json":{"title":"Colliers Nala - Cavern Art","robots":{"index":"index","follow":"follow","max-snippet":"max-snippet:-1","max-image-preview":"max-image-preview:large","max-video-preview":"max-video-preview:-1"},"canonical":"https:\/\/cavernart.com\/ar\/boutique\/accessoires\/colliers-nala\/","og_locale":"ar_AR","og_type":"article","og_title":"Colliers Nala - Cavern Art","og_description":"Duo de colliers, blanc en perles plates et turquoise et vert en perles d'eau douce teint\u00e9es et jaspe.","og_url":"https:\/\/cavernart.com\/ar\/boutique\/accessoires\/colliers-nala\/","og_site_name":"Cavern Art","article_modified_time":"2025-08-21T19:13:26+00:00","og_image":[{"width":2304,"height":2304,"url":"https:\/\/i0.wp.com\/cavernart.com\/wp-content\/uploads\/2025\/08\/site6-1.jpg?fit=2304%2C2304&ssl=1","type":"image\/jpeg"}],"twitter_card":"summary_large_image","schema":{"@context":"https:\/\/schema.org","@graph":[{"@type":"WebPage","@id":"https:\/\/cavernart.com\/boutique\/accessoires\/colliers-nala\/","url":"https:\/\/cavernart.com\/boutique\/accessoires\/colliers-nala\/","name":"Colliers Nala - Cavern Art","isPartOf":{"@id":"https:\/\/cavernart.com\/#website"},"primaryImageOfPage":{"@id":"https:\/\/cavernart.com\/boutique\/accessoires\/colliers-nala\/#primaryimage"},"image":{"@id":"https:\/\/cavernart.com\/boutique\/accessoires\/colliers-nala\/#primaryimage"},"thumbnailUrl":"https:\/\/i0.wp.com\/cavernart.com\/wp-content\/uploads\/2025\/08\/site6-1.jpg?fit=2304%2C2304&ssl=1","datePublished":"2025-08-21T19:11:01+00:00","dateModified":"2025-08-21T19:13:26+00:00","breadcrumb":{"@id":"https:\/\/cavernart.com\/boutique\/accessoires\/colliers-nala\/#breadcrumb"},"inLanguage":"ar","potentialAction":[{"@type":"ReadAction","target":["https:\/\/cavernart.com\/boutique\/accessoires\/colliers-nala\/"]}]},{"@type":"ImageObject","inLanguage":"ar","@id":"https:\/\/cavernart.com\/boutique\/accessoires\/colliers-nala\/#primaryimage","url":"https:\/\/i0.wp.com\/cavernart.com\/wp-content\/uploads\/2025\/08\/site6-1.jpg?fit=2304%2C2304&ssl=1","contentUrl":"https:\/\/i0.wp.com\/cavernart.com\/wp-content\/uploads\/2025\/08\/site6-1.jpg?fit=2304%2C2304&ssl=1","width":2304,"height":2304},{"@type":"BreadcrumbList","@id":"https:\/\/cavernart.com\/boutique\/accessoires\/colliers-nala\/#breadcrumb","itemListElement":[{"@type":"ListItem","position":1,"name":"Accueil","item":"https:\/\/cavernart.com\/"},{"@type":"ListItem","position":2,"name":"Boutique","item":"https:\/\/cavernart.com\/boutique\/"},{"@type":"ListItem","position":3,"name":"Colliers Nala"}]},{"@type":"WebSite","@id":"https:\/\/cavernart.com\/#website","url":"https:\/\/cavernart.com\/","name":"Cavern Art","description":"Cr\u00e9ons sans limites !","publisher":{"@id":"https:\/\/cavernart.com\/#organization"},"potentialAction":[{"@type":"SearchAction","target":{"@type":"EntryPoint","urlTemplate":"https:\/\/cavernart.com\/?s={search_term_string}"},"query-input":{"@type":"PropertyValueSpecification","valueRequired":true,"valueName":"search_term_string"}}],"inLanguage":"ar"},{"@type":"Organization","@id":"https:\/\/cavernart.com\/#organization","name":"Cavern Art","url":"https:\/\/cavernart.com\/","logo":{"@type":"ImageObject","inLanguage":"ar","@id":"https:\/\/cavernart.com\/#\/schema\/logo\/image\/","url":"https:\/\/i0.wp.com\/cavernart.com\/wp-content\/uploads\/2022\/02\/cropped-logo-cavernart-scaled.png?fit=3001%2C3081&ssl=1","contentUrl":"https:\/\/i0.wp.com\/cavernart.com\/wp-content\/uploads\/2022\/02\/cropped-logo-cavernart-scaled.png?fit=3001%2C3081&ssl=1","width":3001,"height":3081,"caption":"Cavern Art"},"image":{"@id":"https:\/\/cavernart.com\/#\/schema\/logo\/image\/"}}]}},"jetpack_publicize_connections":[],"jetpack_sharing_enabled":true,"jetpack-related-posts":[{"id":1536,"url":"https:\/\/cavernart.com\/ar\/boutique\/accessoires\/collier-yasmine\/","url_meta":{"origin":1541,"position":0},"title":"Collier Yasmine","author":"djazia","date":"21 \u0623\u063a\u0633\u0637\u0633 2025","format":false,"excerpt":"collier en perle d'eau douce , jaspe et quartz rose","rel":"","context":"\u062a\u062f\u0648\u064a\u0646\u0629 \u0645\u0634\u0627\u0628\u0647\u0629","block_context":{"text":"\u062a\u062f\u0648\u064a\u0646\u0629 \u0645\u0634\u0627\u0628\u0647\u0629","link":""},"img":{"alt_text":"","src":"https:\/\/i0.wp.com\/cavernart.com\/wp-content\/uploads\/2025\/08\/site2.jpg?fit=1200%2C1200&ssl=1&resize=350%2C200","width":350,"height":200,"srcset":"https:\/\/i0.wp.com\/cavernart.com\/wp-content\/uploads\/2025\/08\/site2.jpg?fit=1200%2C1200&ssl=1&resize=350%2C200 1x, https:\/\/i0.wp.com\/cavernart.com\/wp-content\/uploads\/2025\/08\/site2.jpg?fit=1200%2C1200&ssl=1&resize=525%2C300 1.5x, https:\/\/i0.wp.com\/cavernart.com\/wp-content\/uploads\/2025\/08\/site2.jpg?fit=1200%2C1200&ssl=1&resize=700%2C400 2x, https:\/\/i0.wp.com\/cavernart.com\/wp-content\/uploads\/2025\/08\/site2.jpg?fit=1200%2C1200&ssl=1&resize=1050%2C600 3x"},"classes":[]},{"id":1538,"url":"https:\/\/cavernart.com\/ar\/boutique\/accessoires\/colliers-soltana\/","url_meta":{"origin":1541,"position":1},"title":"Colliers Soltana","author":"djazia","date":"21 \u0623\u063a\u0633\u0637\u0633 2025","format":false,"excerpt":"Duo de colliers, noir en perles plates et agate verte et bleu en chrysocolle et onyx.","rel":"","context":"\u062a\u062f\u0648\u064a\u0646\u0629 \u0645\u0634\u0627\u0628\u0647\u0629","block_context":{"text":"\u062a\u062f\u0648\u064a\u0646\u0629 \u0645\u0634\u0627\u0628\u0647\u0629","link":""},"img":{"alt_text":"","src":"https:\/\/i0.wp.com\/cavernart.com\/wp-content\/uploads\/2025\/08\/site5-1.jpg?fit=1200%2C1200&ssl=1&resize=350%2C200","width":350,"height":200,"srcset":"https:\/\/i0.wp.com\/cavernart.com\/wp-content\/uploads\/2025\/08\/site5-1.jpg?fit=1200%2C1200&ssl=1&resize=350%2C200 1x, https:\/\/i0.wp.com\/cavernart.com\/wp-content\/uploads\/2025\/08\/site5-1.jpg?fit=1200%2C1200&ssl=1&resize=525%2C300 1.5x, https:\/\/i0.wp.com\/cavernart.com\/wp-content\/uploads\/2025\/08\/site5-1.jpg?fit=1200%2C1200&ssl=1&resize=700%2C400 2x, https:\/\/i0.wp.com\/cavernart.com\/wp-content\/uploads\/2025\/08\/site5-1.jpg?fit=1200%2C1200&ssl=1&resize=1050%2C600 3x"},"classes":[]},{"id":1527,"url":"https:\/\/cavernart.com\/ar\/boutique\/accessoires\/colliers-maya\/","url_meta":{"origin":1541,"position":2},"title":"Colliers Maya","author":"djazia","date":"21 \u0623\u063a\u0633\u0637\u0633 2025","format":false,"excerpt":"Duo de colliers en perles plates, agate et perle de culture","rel":"","context":"\u062a\u062f\u0648\u064a\u0646\u0629 \u0645\u0634\u0627\u0628\u0647\u0629","block_context":{"text":"\u062a\u062f\u0648\u064a\u0646\u0629 \u0645\u0634\u0627\u0628\u0647\u0629","link":""},"img":{"alt_text":"","src":"https:\/\/i0.wp.com\/cavernart.com\/wp-content\/uploads\/2025\/08\/site1.jpg?fit=1200%2C1200&ssl=1&resize=350%2C200","width":350,"height":200,"srcset":"https:\/\/i0.wp.com\/cavernart.com\/wp-content\/uploads\/2025\/08\/site1.jpg?fit=1200%2C1200&ssl=1&resize=350%2C200 1x, https:\/\/i0.wp.com\/cavernart.com\/wp-content\/uploads\/2025\/08\/site1.jpg?fit=1200%2C1200&ssl=1&resize=525%2C300 1.5x, https:\/\/i0.wp.com\/cavernart.com\/wp-content\/uploads\/2025\/08\/site1.jpg?fit=1200%2C1200&ssl=1&resize=700%2C400 2x, https:\/\/i0.wp.com\/cavernart.com\/wp-content\/uploads\/2025\/08\/site1.jpg?fit=1200%2C1200&ssl=1&resize=1050%2C600 3x"},"classes":[]},{"id":1537,"url":"https:\/\/cavernart.com\/ar\/boutique\/accessoires\/collier-yasmine-copiecollier-fayrouz\/","url_meta":{"origin":1541,"position":3},"title":"Collier Fayrouz","author":"djazia","date":"21 \u0623\u063a\u0633\u0637\u0633 2025","format":false,"excerpt":"collier en perles plates et turquoise avec 2 khamsa en plaqu\u00e9 or","rel":"","context":"\u062a\u062f\u0648\u064a\u0646\u0629 \u0645\u0634\u0627\u0628\u0647\u0629","block_context":{"text":"\u062a\u062f\u0648\u064a\u0646\u0629 \u0645\u0634\u0627\u0628\u0647\u0629","link":""},"img":{"alt_text":"","src":"https:\/\/i0.wp.com\/cavernart.com\/wp-content\/uploads\/2025\/08\/site3.jpg?fit=1200%2C1200&ssl=1&resize=350%2C200","width":350,"height":200,"srcset":"https:\/\/i0.wp.com\/cavernart.com\/wp-content\/uploads\/2025\/08\/site3.jpg?fit=1200%2C1200&ssl=1&resize=350%2C200 1x, https:\/\/i0.wp.com\/cavernart.com\/wp-content\/uploads\/2025\/08\/site3.jpg?fit=1200%2C1200&ssl=1&resize=525%2C300 1.5x, https:\/\/i0.wp.com\/cavernart.com\/wp-content\/uploads\/2025\/08\/site3.jpg?fit=1200%2C1200&ssl=1&resize=700%2C400 2x, https:\/\/i0.wp.com\/cavernart.com\/wp-content\/uploads\/2025\/08\/site3.jpg?fit=1200%2C1200&ssl=1&resize=1050%2C600 3x"},"classes":[]},{"id":1534,"url":"https:\/\/cavernart.com\/ar\/boutique\/accessoires\/colliers-sana\/","url_meta":{"origin":1541,"position":4},"title":"Colliers Sana","author":"djazia","date":"21 \u0623\u063a\u0633\u0637\u0633 2025","format":false,"excerpt":"Duo de colliers en perles plates et corail","rel":"","context":"\u062a\u062f\u0648\u064a\u0646\u0629 \u0645\u0634\u0627\u0628\u0647\u0629","block_context":{"text":"\u062a\u062f\u0648\u064a\u0646\u0629 \u0645\u0634\u0627\u0628\u0647\u0629","link":""},"img":{"alt_text":"","src":"https:\/\/i0.wp.com\/cavernart.com\/wp-content\/uploads\/2025\/08\/site4-1.jpg?fit=1200%2C1200&ssl=1&resize=350%2C200","width":350,"height":200,"srcset":"https:\/\/i0.wp.com\/cavernart.com\/wp-content\/uploads\/2025\/08\/site4-1.jpg?fit=1200%2C1200&ssl=1&resize=350%2C200 1x, https:\/\/i0.wp.com\/cavernart.com\/wp-content\/uploads\/2025\/08\/site4-1.jpg?fit=1200%2C1200&ssl=1&resize=525%2C300 1.5x, https:\/\/i0.wp.com\/cavernart.com\/wp-content\/uploads\/2025\/08\/site4-1.jpg?fit=1200%2C1200&ssl=1&resize=700%2C400 2x, https:\/\/i0.wp.com\/cavernart.com\/wp-content\/uploads\/2025\/08\/site4-1.jpg?fit=1200%2C1200&ssl=1&resize=1050%2C600 3x"},"classes":[]},{"id":16458,"url":"https:\/\/cavernart.com\/ar\/boutique\/accessoires\/collier-amethyste\/","url_meta":{"origin":1541,"position":5},"title":"Collier am\u00e9thyste","author":"stark","date":"18 \u0646\u0648\u0641\u0645\u0628\u0631 2025","format":false,"excerpt":"Sublimez votre style avec ce collier d\u00e9licat m\u00ealant \u00e9l\u00e9gance, douceur et symbolique.Compos\u00e9 de pierres d\u2019am\u00e9thyste naturelles, de perles de nacre lumineuses et de perles d\u2019eau douce soigneusement s\u00e9lectionn\u00e9es, il offre une harmonie de couleurs apaisantes et raffin\u00e9es. Au centre, un pendentif Khamsa vient parfaire la cr\u00e9ation avec trois am\u00e9thystes\u00a0pendantes.","rel":"","context":"\u062a\u062f\u0648\u064a\u0646\u0629 \u0645\u0634\u0627\u0628\u0647\u0629","block_context":{"text":"\u062a\u062f\u0648\u064a\u0646\u0629 \u0645\u0634\u0627\u0628\u0647\u0629","link":""},"img":{"alt_text":"","src":"https:\/\/i0.wp.com\/cavernart.com\/wp-content\/uploads\/2025\/11\/IMG_6184.jpg?fit=1200%2C1200&ssl=1&resize=350%2C200","width":350,"height":200,"srcset":"https:\/\/i0.wp.com\/cavernart.com\/wp-content\/uploads\/2025\/11\/IMG_6184.jpg?fit=1200%2C1200&ssl=1&resize=350%2C200 1x, https:\/\/i0.wp.com\/cavernart.com\/wp-content\/uploads\/2025\/11\/IMG_6184.jpg?fit=1200%2C1200&ssl=1&resize=525%2C300 1.5x, https:\/\/i0.wp.com\/cavernart.com\/wp-content\/uploads\/2025\/11\/IMG_6184.jpg?fit=1200%2C1200&ssl=1&resize=700%2C400 2x, https:\/\/i0.wp.com\/cavernart.com\/wp-content\/uploads\/2025\/11\/IMG_6184.jpg?fit=1200%2C1200&ssl=1&resize=1050%2C600 3x"},"classes":[]}],"_links":{"self":[{"href":"https:\/\/cavernart.com\/ar\/wp-json\/wp\/v2\/product\/1541","targetHints":{"allow":["GET"]}}],"collection":[{"href":"https:\/\/cavernart.com\/ar\/wp-json\/wp\/v2\/product"}],"about":[{"href":"https:\/\/cavernart.com\/ar\/wp-json\/wp\/v2\/types\/product"}],"version-history":[{"count":0,"href":"https:\/\/cavernart.com\/ar\/wp-json\/wp\/v2\/product\/1541\/revisions"}],"wp:featuredmedia":[{"embeddable":true,"href":"https:\/\/cavernart.com\/ar\/wp-json\/wp\/v2\/media\/1540"}],"wp:attachment":[{"href":"https:\/\/cavernart.com\/ar\/wp-json\/wp\/v2\/media?parent=1541"}],"wp:term":[{"taxonomy":"product_brand","embeddable":true,"href":"https:\/\/cavernart.com\/ar\/wp-json\/wp\/v2\/product_brand?post=1541"},{"taxonomy":"product_cat","embeddable":true,"href":"https:\/\/cavernart.com\/ar\/wp-json\/wp\/v2\/product_cat?post=1541"},{"taxonomy":"product_tag","embeddable":true,"href":"https:\/\/cavernart.com\/ar\/wp-json\/wp\/v2\/product_tag?post=1541"}],"curies":[{"name":"wp","href":"https:\/\/api.w.org\/{rel}","templated":true}]}}