{"id":1449,"date":"2025-07-03T01:16:34","date_gmt":"2025-07-03T01:16:34","guid":{"rendered":"https:\/\/cavernart.com\/?post_type=product&#038;p=1449"},"modified":"2025-07-05T19:42:50","modified_gmt":"2025-07-05T19:42:50","slug":"pack-hammam-jeunesse","status":"publish","type":"product","link":"https:\/\/cavernart.com\/ar\/boutique\/bien-etre\/pack-hammam-jeunesse\/","title":{"rendered":"Pack hammam jeunesse"},"content":{"rendered":"<p>Cette box contient:<br \/>\nUne fota de hammam<br \/>\nQuatre lingettes r\u00e9utilisables<br \/>\nUn bandeau<br \/>\nUn flacon d&rsquo;hydrolat de lavande<br \/>\nUn savon \u00e0 l&rsquo;huile de figue de barbarie et huile d&rsquo;oliban<br \/>\nUn pot de saboun dzair en terre cuite<br \/>\nUn pot de gommage \u00e0 l&rsquo;huile et poudre de figue de barbarie<br \/>\nUn masque \u00e0 l&rsquo;huile de figue de barbarie<br \/>\nUne cr\u00e8me de jour \u00e0 l&rsquo;huile de figue de barbarie<\/p>","protected":false},"excerpt":{"rendered":"<p>Cette box contient:<br \/>\nUne fota de hammam<br \/>\nQuatre lingettes r\u00e9utilisables<br \/>\nUn bandeau<br \/>\nUn flacon d&rsquo;hydrolat de lavande<br \/>\nUn savon \u00e0 l&rsquo;huile de figue de barbarie et huile d&rsquo;oliban<br \/>\nUn pot de saboun dzair en terre cuite<br \/>\nUn pot de gommage \u00e0 l&rsquo;huile et poudre de figue de barbarie<br \/>\nUn masque \u00e0 l&rsquo;huile de figue de barbarie<br \/>\nUne cr\u00e8me de jour \u00e0 l&rsquo;huile de figue de barbarie<\/p>","protected":false},"featured_media":1438,"template":"","meta":{"jetpack_publicize_message":"","jetpack_publicize_feature_enabled":true,"jetpack_social_post_already_shared":true,"jetpack_social_options":{"image_generator_settings":{"template":"highway","default_image_id":0,"font":"","enabled":false},"version":2}},"product_brand":[],"product_cat":[24,30],"product_tag":[],"class_list":{"0":"post-1449","1":"product","2":"type-product","3":"status-publish","4":"has-post-thumbnail","6":"product_cat-bien-etre","7":"product_cat-cadeaux-et-coffrets","9":"first","10":"instock","11":"taxable","12":"shipping-taxable","13":"purchasable","14":"product-type-simple"},"yoast_head":"<!-- This site is optimized with the Yoast SEO plugin v27.4 - https:\/\/yoast.com\/product\/yoast-seo-wordpress\/ -->\n<title>Pack hammam jeunesse - Cavern Art<\/title>\n<meta name=\"robots\" content=\"index, follow, max-snippet:-1, max-image-preview:large, max-video-preview:-1\" \/>\n<link rel=\"canonical\" href=\"https:\/\/cavernart.com\/ar\/boutique\/bien-etre\/pack-hammam-jeunesse\/\" \/>\n<meta property=\"og:locale\" content=\"ar_AR\" \/>\n<meta property=\"og:type\" content=\"article\" \/>\n<meta property=\"og:title\" content=\"Pack hammam jeunesse - Cavern Art\" \/>\n<meta property=\"og:description\" content=\"Cette box contient: Une fota de hammam Quatre lingettes r\u00e9utilisables Un bandeau Un flacon d&#039;hydrolat de lavande Un savon \u00e0 l&#039;huile de figue de barbarie et huile d&#039;oliban Un pot de saboun dzair en terre cuite Un pot de gommage \u00e0 l&#039;huile et poudre de figue de barbarie Un masque \u00e0 l&#039;huile de figue de barbarie Une cr\u00e8me de jour \u00e0 l&#039;huile de figue de barbarie\" \/>\n<meta property=\"og:url\" content=\"https:\/\/cavernart.com\/ar\/boutique\/bien-etre\/pack-hammam-jeunesse\/\" \/>\n<meta property=\"og:site_name\" content=\"Cavern Art\" \/>\n<meta property=\"article:modified_time\" content=\"2025-07-05T19:42:50+00:00\" \/>\n<meta property=\"og:image\" content=\"https:\/\/i0.wp.com\/cavernart.com\/wp-content\/uploads\/2025\/07\/IMG_6510.jpg?fit=2304%2C2304&ssl=1\" \/>\n\t<meta property=\"og:image:width\" content=\"2304\" \/>\n\t<meta property=\"og:image:height\" content=\"2304\" \/>\n\t<meta property=\"og:image:type\" content=\"image\/jpeg\" \/>\n<meta name=\"twitter:card\" content=\"summary_large_image\" \/>\n<script type=\"application\/ld+json\" class=\"yoast-schema-graph\">{\"@context\":\"https:\\\/\\\/schema.org\",\"@graph\":[{\"@type\":\"WebPage\",\"@id\":\"https:\\\/\\\/cavernart.com\\\/boutique\\\/bien-etre\\\/pack-hammam-jeunesse\\\/\",\"url\":\"https:\\\/\\\/cavernart.com\\\/boutique\\\/bien-etre\\\/pack-hammam-jeunesse\\\/\",\"name\":\"Pack hammam jeunesse - Cavern Art\",\"isPartOf\":{\"@id\":\"https:\\\/\\\/cavernart.com\\\/#website\"},\"primaryImageOfPage\":{\"@id\":\"https:\\\/\\\/cavernart.com\\\/boutique\\\/bien-etre\\\/pack-hammam-jeunesse\\\/#primaryimage\"},\"image\":{\"@id\":\"https:\\\/\\\/cavernart.com\\\/boutique\\\/bien-etre\\\/pack-hammam-jeunesse\\\/#primaryimage\"},\"thumbnailUrl\":\"https:\\\/\\\/i0.wp.com\\\/cavernart.com\\\/wp-content\\\/uploads\\\/2025\\\/07\\\/IMG_6510.jpg?fit=2304%2C2304&ssl=1\",\"datePublished\":\"2025-07-03T01:16:34+00:00\",\"dateModified\":\"2025-07-05T19:42:50+00:00\",\"breadcrumb\":{\"@id\":\"https:\\\/\\\/cavernart.com\\\/boutique\\\/bien-etre\\\/pack-hammam-jeunesse\\\/#breadcrumb\"},\"inLanguage\":\"ar\",\"potentialAction\":[{\"@type\":\"ReadAction\",\"target\":[\"https:\\\/\\\/cavernart.com\\\/boutique\\\/bien-etre\\\/pack-hammam-jeunesse\\\/\"]}]},{\"@type\":\"ImageObject\",\"inLanguage\":\"ar\",\"@id\":\"https:\\\/\\\/cavernart.com\\\/boutique\\\/bien-etre\\\/pack-hammam-jeunesse\\\/#primaryimage\",\"url\":\"https:\\\/\\\/i0.wp.com\\\/cavernart.com\\\/wp-content\\\/uploads\\\/2025\\\/07\\\/IMG_6510.jpg?fit=2304%2C2304&ssl=1\",\"contentUrl\":\"https:\\\/\\\/i0.wp.com\\\/cavernart.com\\\/wp-content\\\/uploads\\\/2025\\\/07\\\/IMG_6510.jpg?fit=2304%2C2304&ssl=1\",\"width\":2304,\"height\":2304},{\"@type\":\"BreadcrumbList\",\"@id\":\"https:\\\/\\\/cavernart.com\\\/boutique\\\/bien-etre\\\/pack-hammam-jeunesse\\\/#breadcrumb\",\"itemListElement\":[{\"@type\":\"ListItem\",\"position\":1,\"name\":\"Accueil\",\"item\":\"https:\\\/\\\/cavernart.com\\\/\"},{\"@type\":\"ListItem\",\"position\":2,\"name\":\"Boutique\",\"item\":\"https:\\\/\\\/cavernart.com\\\/boutique\\\/\"},{\"@type\":\"ListItem\",\"position\":3,\"name\":\"Pack hammam jeunesse\"}]},{\"@type\":\"WebSite\",\"@id\":\"https:\\\/\\\/cavernart.com\\\/#website\",\"url\":\"https:\\\/\\\/cavernart.com\\\/\",\"name\":\"Cavern Art\",\"description\":\"Cr\u00e9ons sans limites !\",\"publisher\":{\"@id\":\"https:\\\/\\\/cavernart.com\\\/#organization\"},\"potentialAction\":[{\"@type\":\"SearchAction\",\"target\":{\"@type\":\"EntryPoint\",\"urlTemplate\":\"https:\\\/\\\/cavernart.com\\\/?s={search_term_string}\"},\"query-input\":{\"@type\":\"PropertyValueSpecification\",\"valueRequired\":true,\"valueName\":\"search_term_string\"}}],\"inLanguage\":\"ar\"},{\"@type\":\"Organization\",\"@id\":\"https:\\\/\\\/cavernart.com\\\/#organization\",\"name\":\"Cavern Art\",\"url\":\"https:\\\/\\\/cavernart.com\\\/\",\"logo\":{\"@type\":\"ImageObject\",\"inLanguage\":\"ar\",\"@id\":\"https:\\\/\\\/cavernart.com\\\/#\\\/schema\\\/logo\\\/image\\\/\",\"url\":\"https:\\\/\\\/i0.wp.com\\\/cavernart.com\\\/wp-content\\\/uploads\\\/2022\\\/02\\\/cropped-logo-cavernart-scaled.png?fit=3001%2C3081&ssl=1\",\"contentUrl\":\"https:\\\/\\\/i0.wp.com\\\/cavernart.com\\\/wp-content\\\/uploads\\\/2022\\\/02\\\/cropped-logo-cavernart-scaled.png?fit=3001%2C3081&ssl=1\",\"width\":3001,\"height\":3081,\"caption\":\"Cavern Art\"},\"image\":{\"@id\":\"https:\\\/\\\/cavernart.com\\\/#\\\/schema\\\/logo\\\/image\\\/\"}}]}<\/script>\n<!-- \/ Yoast SEO plugin. -->","yoast_head_json":{"title":"Pack hammam jeunesse - Cavern Art","robots":{"index":"index","follow":"follow","max-snippet":"max-snippet:-1","max-image-preview":"max-image-preview:large","max-video-preview":"max-video-preview:-1"},"canonical":"https:\/\/cavernart.com\/ar\/boutique\/bien-etre\/pack-hammam-jeunesse\/","og_locale":"ar_AR","og_type":"article","og_title":"Pack hammam jeunesse - Cavern Art","og_description":"Cette box contient: Une fota de hammam Quatre lingettes r\u00e9utilisables Un bandeau Un flacon d'hydrolat de lavande Un savon \u00e0 l'huile de figue de barbarie et huile d'oliban Un pot de saboun dzair en terre cuite Un pot de gommage \u00e0 l'huile et poudre de figue de barbarie Un masque \u00e0 l'huile de figue de barbarie Une cr\u00e8me de jour \u00e0 l'huile de figue de barbarie","og_url":"https:\/\/cavernart.com\/ar\/boutique\/bien-etre\/pack-hammam-jeunesse\/","og_site_name":"Cavern Art","article_modified_time":"2025-07-05T19:42:50+00:00","og_image":[{"width":2304,"height":2304,"url":"https:\/\/i0.wp.com\/cavernart.com\/wp-content\/uploads\/2025\/07\/IMG_6510.jpg?fit=2304%2C2304&ssl=1","type":"image\/jpeg"}],"twitter_card":"summary_large_image","schema":{"@context":"https:\/\/schema.org","@graph":[{"@type":"WebPage","@id":"https:\/\/cavernart.com\/boutique\/bien-etre\/pack-hammam-jeunesse\/","url":"https:\/\/cavernart.com\/boutique\/bien-etre\/pack-hammam-jeunesse\/","name":"Pack hammam jeunesse - Cavern Art","isPartOf":{"@id":"https:\/\/cavernart.com\/#website"},"primaryImageOfPage":{"@id":"https:\/\/cavernart.com\/boutique\/bien-etre\/pack-hammam-jeunesse\/#primaryimage"},"image":{"@id":"https:\/\/cavernart.com\/boutique\/bien-etre\/pack-hammam-jeunesse\/#primaryimage"},"thumbnailUrl":"https:\/\/i0.wp.com\/cavernart.com\/wp-content\/uploads\/2025\/07\/IMG_6510.jpg?fit=2304%2C2304&ssl=1","datePublished":"2025-07-03T01:16:34+00:00","dateModified":"2025-07-05T19:42:50+00:00","breadcrumb":{"@id":"https:\/\/cavernart.com\/boutique\/bien-etre\/pack-hammam-jeunesse\/#breadcrumb"},"inLanguage":"ar","potentialAction":[{"@type":"ReadAction","target":["https:\/\/cavernart.com\/boutique\/bien-etre\/pack-hammam-jeunesse\/"]}]},{"@type":"ImageObject","inLanguage":"ar","@id":"https:\/\/cavernart.com\/boutique\/bien-etre\/pack-hammam-jeunesse\/#primaryimage","url":"https:\/\/i0.wp.com\/cavernart.com\/wp-content\/uploads\/2025\/07\/IMG_6510.jpg?fit=2304%2C2304&ssl=1","contentUrl":"https:\/\/i0.wp.com\/cavernart.com\/wp-content\/uploads\/2025\/07\/IMG_6510.jpg?fit=2304%2C2304&ssl=1","width":2304,"height":2304},{"@type":"BreadcrumbList","@id":"https:\/\/cavernart.com\/boutique\/bien-etre\/pack-hammam-jeunesse\/#breadcrumb","itemListElement":[{"@type":"ListItem","position":1,"name":"Accueil","item":"https:\/\/cavernart.com\/"},{"@type":"ListItem","position":2,"name":"Boutique","item":"https:\/\/cavernart.com\/boutique\/"},{"@type":"ListItem","position":3,"name":"Pack hammam jeunesse"}]},{"@type":"WebSite","@id":"https:\/\/cavernart.com\/#website","url":"https:\/\/cavernart.com\/","name":"Cavern Art","description":"Cr\u00e9ons sans limites !","publisher":{"@id":"https:\/\/cavernart.com\/#organization"},"potentialAction":[{"@type":"SearchAction","target":{"@type":"EntryPoint","urlTemplate":"https:\/\/cavernart.com\/?s={search_term_string}"},"query-input":{"@type":"PropertyValueSpecification","valueRequired":true,"valueName":"search_term_string"}}],"inLanguage":"ar"},{"@type":"Organization","@id":"https:\/\/cavernart.com\/#organization","name":"Cavern Art","url":"https:\/\/cavernart.com\/","logo":{"@type":"ImageObject","inLanguage":"ar","@id":"https:\/\/cavernart.com\/#\/schema\/logo\/image\/","url":"https:\/\/i0.wp.com\/cavernart.com\/wp-content\/uploads\/2022\/02\/cropped-logo-cavernart-scaled.png?fit=3001%2C3081&ssl=1","contentUrl":"https:\/\/i0.wp.com\/cavernart.com\/wp-content\/uploads\/2022\/02\/cropped-logo-cavernart-scaled.png?fit=3001%2C3081&ssl=1","width":3001,"height":3081,"caption":"Cavern Art"},"image":{"@id":"https:\/\/cavernart.com\/#\/schema\/logo\/image\/"}}]}},"jetpack_publicize_connections":[],"jetpack_sharing_enabled":true,"jetpack-related-posts":[{"id":1190,"url":"https:\/\/cavernart.com\/ar\/boutique\/bien-etre\/huile-de-figue-de-barbarie\/","url_meta":{"origin":1449,"position":0},"title":"Huile anti age de figue de barbarie","author":"stark","date":"28 \u064a\u0646\u0627\u064a\u0631 2025","format":false,"excerpt":"Flacon de 10 cl","rel":"","context":"\u062a\u062f\u0648\u064a\u0646\u0629 \u0645\u0634\u0627\u0628\u0647\u0629","block_context":{"text":"\u062a\u062f\u0648\u064a\u0646\u0629 \u0645\u0634\u0627\u0628\u0647\u0629","link":""},"img":{"alt_text":"","src":"https:\/\/i0.wp.com\/cavernart.com\/wp-content\/uploads\/2025\/01\/IMG-20250128-WA0004.jpg?fit=810%2C1080&ssl=1&resize=350%2C200","width":350,"height":200,"srcset":"https:\/\/i0.wp.com\/cavernart.com\/wp-content\/uploads\/2025\/01\/IMG-20250128-WA0004.jpg?fit=810%2C1080&ssl=1&resize=350%2C200 1x, https:\/\/i0.wp.com\/cavernart.com\/wp-content\/uploads\/2025\/01\/IMG-20250128-WA0004.jpg?fit=810%2C1080&ssl=1&resize=525%2C300 1.5x, https:\/\/i0.wp.com\/cavernart.com\/wp-content\/uploads\/2025\/01\/IMG-20250128-WA0004.jpg?fit=810%2C1080&ssl=1&resize=700%2C400 2x"},"classes":[]},{"id":1201,"url":"https:\/\/cavernart.com\/ar\/boutique\/bien-etre\/creme-hydratante-a-lhuile-de-figue-de-barbarie-et-huile-essentielle-de-rose\/","url_meta":{"origin":1449,"position":1},"title":"Cr\u00e8me hydratante a l&rsquo;huile de figue de barbarie et huile essentielle de rose","author":"stark","date":"29 \u064a\u0646\u0627\u064a\u0631 2025","format":false,"excerpt":"Cr\u00e8me hydratante a l'huile de figue de barbarie et huile essentielle de rose","rel":"","context":"\u062a\u062f\u0648\u064a\u0646\u0629 \u0645\u0634\u0627\u0628\u0647\u0629","block_context":{"text":"\u062a\u062f\u0648\u064a\u0646\u0629 \u0645\u0634\u0627\u0628\u0647\u0629","link":""},"img":{"alt_text":"","src":"https:\/\/i0.wp.com\/cavernart.com\/wp-content\/uploads\/2025\/01\/IMG-20250128-WA001328129.jpg?fit=810%2C1080&ssl=1&resize=350%2C200","width":350,"height":200,"srcset":"https:\/\/i0.wp.com\/cavernart.com\/wp-content\/uploads\/2025\/01\/IMG-20250128-WA001328129.jpg?fit=810%2C1080&ssl=1&resize=350%2C200 1x, https:\/\/i0.wp.com\/cavernart.com\/wp-content\/uploads\/2025\/01\/IMG-20250128-WA001328129.jpg?fit=810%2C1080&ssl=1&resize=525%2C300 1.5x, https:\/\/i0.wp.com\/cavernart.com\/wp-content\/uploads\/2025\/01\/IMG-20250128-WA001328129.jpg?fit=810%2C1080&ssl=1&resize=700%2C400 2x"},"classes":[]},{"id":1199,"url":"https:\/\/cavernart.com\/ar\/boutique\/bien-etre\/duo-figue-de-barbarie\/","url_meta":{"origin":1449,"position":2},"title":"Duo figue de barbarie","author":"stark","date":"28 \u064a\u0646\u0627\u064a\u0631 2025","format":false,"excerpt":"Huile de figue de barbarie et savon a la figure de barbarie","rel":"","context":"\u062a\u062f\u0648\u064a\u0646\u0629 \u0645\u0634\u0627\u0628\u0647\u0629","block_context":{"text":"\u062a\u062f\u0648\u064a\u0646\u0629 \u0645\u0634\u0627\u0628\u0647\u0629","link":""},"img":{"alt_text":"","src":"https:\/\/i0.wp.com\/cavernart.com\/wp-content\/uploads\/2025\/01\/img_4948.jpeg?fit=1200%2C1200&ssl=1&resize=350%2C200","width":350,"height":200,"srcset":"https:\/\/i0.wp.com\/cavernart.com\/wp-content\/uploads\/2025\/01\/img_4948.jpeg?fit=1200%2C1200&ssl=1&resize=350%2C200 1x, https:\/\/i0.wp.com\/cavernart.com\/wp-content\/uploads\/2025\/01\/img_4948.jpeg?fit=1200%2C1200&ssl=1&resize=525%2C300 1.5x, https:\/\/i0.wp.com\/cavernart.com\/wp-content\/uploads\/2025\/01\/img_4948.jpeg?fit=1200%2C1200&ssl=1&resize=700%2C400 2x, https:\/\/i0.wp.com\/cavernart.com\/wp-content\/uploads\/2025\/01\/img_4948.jpeg?fit=1200%2C1200&ssl=1&resize=1050%2C600 3x"},"classes":[]},{"id":1215,"url":"https:\/\/cavernart.com\/ar\/boutique\/bien-etre\/savon-a-lhuile-de-figue-de-barbarie\/","url_meta":{"origin":1449,"position":3},"title":"Savon a l&rsquo;huile de figue de barbarie","author":"stark","date":"31 \u064a\u0646\u0627\u064a\u0631 2025","format":false,"excerpt":"","rel":"","context":"\u062a\u062f\u0648\u064a\u0646\u0629 \u0645\u0634\u0627\u0628\u0647\u0629","block_context":{"text":"\u062a\u062f\u0648\u064a\u0646\u0629 \u0645\u0634\u0627\u0628\u0647\u0629","link":""},"img":{"alt_text":"","src":"https:\/\/i0.wp.com\/cavernart.com\/wp-content\/uploads\/2025\/01\/IMG-20250128-WA000828129.jpg?fit=810%2C1080&ssl=1&resize=350%2C200","width":350,"height":200,"srcset":"https:\/\/i0.wp.com\/cavernart.com\/wp-content\/uploads\/2025\/01\/IMG-20250128-WA000828129.jpg?fit=810%2C1080&ssl=1&resize=350%2C200 1x, https:\/\/i0.wp.com\/cavernart.com\/wp-content\/uploads\/2025\/01\/IMG-20250128-WA000828129.jpg?fit=810%2C1080&ssl=1&resize=525%2C300 1.5x, https:\/\/i0.wp.com\/cavernart.com\/wp-content\/uploads\/2025\/01\/IMG-20250128-WA000828129.jpg?fit=810%2C1080&ssl=1&resize=700%2C400 2x"},"classes":[]},{"id":1432,"url":"https:\/\/cavernart.com\/ar\/boutique\/bien-etre\/pack-hammam-lavande\/","url_meta":{"origin":1449,"position":4},"title":"Pack hammam lavande","author":"djazia","date":"3 \u064a\u0648\u0644\u064a\u0648 2025","format":false,"excerpt":"Compos\u00e9 d\u2019ingr\u00e9dients purs et respectueux de la peau, ce coffret contient : Une tassa en cuivre Une fota de hammam \u00e0 l'ancienne Un gommage corporel au nila bleu Un lait corporel \u00e0 la lavande Un petit mahbes en cuivre de saboun dzair Un hydrolat de lavande Un sac d'argile blanche\u2026","rel":"","context":"\u062a\u062f\u0648\u064a\u0646\u0629 \u0645\u0634\u0627\u0628\u0647\u0629","block_context":{"text":"\u062a\u062f\u0648\u064a\u0646\u0629 \u0645\u0634\u0627\u0628\u0647\u0629","link":""},"img":{"alt_text":"","src":"https:\/\/i0.wp.com\/cavernart.com\/wp-content\/uploads\/2025\/07\/IMG_6479.jpg?fit=1200%2C1200&ssl=1&resize=350%2C200","width":350,"height":200,"srcset":"https:\/\/i0.wp.com\/cavernart.com\/wp-content\/uploads\/2025\/07\/IMG_6479.jpg?fit=1200%2C1200&ssl=1&resize=350%2C200 1x, https:\/\/i0.wp.com\/cavernart.com\/wp-content\/uploads\/2025\/07\/IMG_6479.jpg?fit=1200%2C1200&ssl=1&resize=525%2C300 1.5x, https:\/\/i0.wp.com\/cavernart.com\/wp-content\/uploads\/2025\/07\/IMG_6479.jpg?fit=1200%2C1200&ssl=1&resize=700%2C400 2x, https:\/\/i0.wp.com\/cavernart.com\/wp-content\/uploads\/2025\/07\/IMG_6479.jpg?fit=1200%2C1200&ssl=1&resize=1050%2C600 3x"},"classes":[]},{"id":1448,"url":"https:\/\/cavernart.com\/ar\/boutique\/bien-etre\/pack-hammam-nila\/","url_meta":{"origin":1449,"position":5},"title":"Pack hammam nila","author":"djazia","date":"3 \u064a\u0648\u0644\u064a\u0648 2025","format":false,"excerpt":"Un pack rempli de quoi prendre soins de sa peau au naturel. Dans une tassa en cuivre, comme celles utilis\u00e9es autrefois par nos grand-m\u00e8res se trouvent Une fota de hammam Un bandeau en serviette 4 lingettes lavables Un petit mahbes de saboun dzair Une kassa Une luffa Un sachet d'argile\u2026","rel":"","context":"\u062a\u062f\u0648\u064a\u0646\u0629 \u0645\u0634\u0627\u0628\u0647\u0629","block_context":{"text":"\u062a\u062f\u0648\u064a\u0646\u0629 \u0645\u0634\u0627\u0628\u0647\u0629","link":""},"img":{"alt_text":"","src":"https:\/\/i0.wp.com\/cavernart.com\/wp-content\/uploads\/2025\/07\/IMG_6504.jpg?fit=1200%2C1200&ssl=1&resize=350%2C200","width":350,"height":200,"srcset":"https:\/\/i0.wp.com\/cavernart.com\/wp-content\/uploads\/2025\/07\/IMG_6504.jpg?fit=1200%2C1200&ssl=1&resize=350%2C200 1x, https:\/\/i0.wp.com\/cavernart.com\/wp-content\/uploads\/2025\/07\/IMG_6504.jpg?fit=1200%2C1200&ssl=1&resize=525%2C300 1.5x, https:\/\/i0.wp.com\/cavernart.com\/wp-content\/uploads\/2025\/07\/IMG_6504.jpg?fit=1200%2C1200&ssl=1&resize=700%2C400 2x, https:\/\/i0.wp.com\/cavernart.com\/wp-content\/uploads\/2025\/07\/IMG_6504.jpg?fit=1200%2C1200&ssl=1&resize=1050%2C600 3x"},"classes":[]}],"_links":{"self":[{"href":"https:\/\/cavernart.com\/ar\/wp-json\/wp\/v2\/product\/1449","targetHints":{"allow":["GET"]}}],"collection":[{"href":"https:\/\/cavernart.com\/ar\/wp-json\/wp\/v2\/product"}],"about":[{"href":"https:\/\/cavernart.com\/ar\/wp-json\/wp\/v2\/types\/product"}],"version-history":[{"count":0,"href":"https:\/\/cavernart.com\/ar\/wp-json\/wp\/v2\/product\/1449\/revisions"}],"wp:featuredmedia":[{"embeddable":true,"href":"https:\/\/cavernart.com\/ar\/wp-json\/wp\/v2\/media\/1438"}],"wp:attachment":[{"href":"https:\/\/cavernart.com\/ar\/wp-json\/wp\/v2\/media?parent=1449"}],"wp:term":[{"taxonomy":"product_brand","embeddable":true,"href":"https:\/\/cavernart.com\/ar\/wp-json\/wp\/v2\/product_brand?post=1449"},{"taxonomy":"product_cat","embeddable":true,"href":"https:\/\/cavernart.com\/ar\/wp-json\/wp\/v2\/product_cat?post=1449"},{"taxonomy":"product_tag","embeddable":true,"href":"https:\/\/cavernart.com\/ar\/wp-json\/wp\/v2\/product_tag?post=1449"}],"curies":[{"name":"wp","href":"https:\/\/api.w.org\/{rel}","templated":true}]}}