{"id":1277,"date":"2025-04-29T15:06:54","date_gmt":"2025-04-29T15:06:54","guid":{"rendered":"https:\/\/cavernart.com\/?post_type=product&#038;p=1277"},"modified":"2025-09-12T21:41:08","modified_gmt":"2025-09-12T21:41:08","slug":"attache-serviette-en-cuir","status":"publish","type":"product","link":"https:\/\/cavernart.com\/ar\/boutique\/linge-de-maison\/attache-serviette-en-cuir\/","title":{"rendered":"Attache-serviette en cuir"},"content":{"rendered":"<p>Lot de 6 attache-serviettes en cuir de vachette avec fermeture \u00e0 pression<\/p>","protected":false},"excerpt":{"rendered":"<p>Attache-serviette en cuir de vachette avec fermeture \u00e0 pression<\/p>","protected":false},"featured_media":1284,"template":"","meta":{"jetpack_publicize_message":"","jetpack_publicize_feature_enabled":true,"jetpack_social_post_already_shared":true,"jetpack_social_options":{"image_generator_settings":{"template":"highway","default_image_id":0,"font":"","enabled":false},"version":2}},"product_brand":[],"product_cat":[22,15],"product_tag":[],"class_list":{"0":"post-1277","1":"product","2":"type-product","3":"status-publish","4":"has-post-thumbnail","6":"product_cat-deco","7":"product_cat-linge-de-maison","9":"first","10":"instock","11":"taxable","12":"shipping-taxable","13":"purchasable","14":"product-type-variable"},"yoast_head":"<!-- This site is optimized with the Yoast SEO plugin v27.4 - https:\/\/yoast.com\/product\/yoast-seo-wordpress\/ -->\n<title>Attache-serviette en cuir - Cavern Art<\/title>\n<meta name=\"robots\" content=\"index, follow, max-snippet:-1, max-image-preview:large, max-video-preview:-1\" \/>\n<link rel=\"canonical\" href=\"https:\/\/cavernart.com\/ar\/boutique\/linge-de-maison\/attache-serviette-en-cuir\/\" \/>\n<meta property=\"og:locale\" content=\"ar_AR\" \/>\n<meta property=\"og:type\" content=\"article\" \/>\n<meta property=\"og:title\" content=\"Attache-serviette en cuir - Cavern Art\" \/>\n<meta property=\"og:description\" content=\"Attache-serviette en cuir de vachette avec fermeture \u00e0 pression\" \/>\n<meta property=\"og:url\" content=\"https:\/\/cavernart.com\/ar\/boutique\/linge-de-maison\/attache-serviette-en-cuir\/\" \/>\n<meta property=\"og:site_name\" content=\"Cavern Art\" \/>\n<meta property=\"article:modified_time\" content=\"2025-09-12T21:41:08+00:00\" \/>\n<meta property=\"og:image\" content=\"https:\/\/i0.wp.com\/cavernart.com\/wp-content\/uploads\/2025\/04\/IMG_6327.jpg?fit=2304%2C2304&ssl=1\" \/>\n\t<meta property=\"og:image:width\" content=\"2304\" \/>\n\t<meta property=\"og:image:height\" content=\"2304\" \/>\n\t<meta property=\"og:image:type\" content=\"image\/jpeg\" \/>\n<meta name=\"twitter:card\" content=\"summary_large_image\" \/>\n<script type=\"application\/ld+json\" class=\"yoast-schema-graph\">{\"@context\":\"https:\\\/\\\/schema.org\",\"@graph\":[{\"@type\":\"WebPage\",\"@id\":\"https:\\\/\\\/cavernart.com\\\/boutique\\\/linge-de-maison\\\/attache-serviette-en-cuir\\\/\",\"url\":\"https:\\\/\\\/cavernart.com\\\/boutique\\\/linge-de-maison\\\/attache-serviette-en-cuir\\\/\",\"name\":\"Attache-serviette en cuir - Cavern Art\",\"isPartOf\":{\"@id\":\"https:\\\/\\\/cavernart.com\\\/#website\"},\"primaryImageOfPage\":{\"@id\":\"https:\\\/\\\/cavernart.com\\\/boutique\\\/linge-de-maison\\\/attache-serviette-en-cuir\\\/#primaryimage\"},\"image\":{\"@id\":\"https:\\\/\\\/cavernart.com\\\/boutique\\\/linge-de-maison\\\/attache-serviette-en-cuir\\\/#primaryimage\"},\"thumbnailUrl\":\"https:\\\/\\\/i0.wp.com\\\/cavernart.com\\\/wp-content\\\/uploads\\\/2025\\\/04\\\/IMG_6327.jpg?fit=2304%2C2304&ssl=1\",\"datePublished\":\"2025-04-29T15:06:54+00:00\",\"dateModified\":\"2025-09-12T21:41:08+00:00\",\"breadcrumb\":{\"@id\":\"https:\\\/\\\/cavernart.com\\\/boutique\\\/linge-de-maison\\\/attache-serviette-en-cuir\\\/#breadcrumb\"},\"inLanguage\":\"ar\",\"potentialAction\":[{\"@type\":\"ReadAction\",\"target\":[\"https:\\\/\\\/cavernart.com\\\/boutique\\\/linge-de-maison\\\/attache-serviette-en-cuir\\\/\"]}]},{\"@type\":\"ImageObject\",\"inLanguage\":\"ar\",\"@id\":\"https:\\\/\\\/cavernart.com\\\/boutique\\\/linge-de-maison\\\/attache-serviette-en-cuir\\\/#primaryimage\",\"url\":\"https:\\\/\\\/i0.wp.com\\\/cavernart.com\\\/wp-content\\\/uploads\\\/2025\\\/04\\\/IMG_6327.jpg?fit=2304%2C2304&ssl=1\",\"contentUrl\":\"https:\\\/\\\/i0.wp.com\\\/cavernart.com\\\/wp-content\\\/uploads\\\/2025\\\/04\\\/IMG_6327.jpg?fit=2304%2C2304&ssl=1\",\"width\":2304,\"height\":2304},{\"@type\":\"BreadcrumbList\",\"@id\":\"https:\\\/\\\/cavernart.com\\\/boutique\\\/linge-de-maison\\\/attache-serviette-en-cuir\\\/#breadcrumb\",\"itemListElement\":[{\"@type\":\"ListItem\",\"position\":1,\"name\":\"Accueil\",\"item\":\"https:\\\/\\\/cavernart.com\\\/\"},{\"@type\":\"ListItem\",\"position\":2,\"name\":\"Boutique\",\"item\":\"https:\\\/\\\/cavernart.com\\\/boutique\\\/\"},{\"@type\":\"ListItem\",\"position\":3,\"name\":\"Attache-serviette en cuir\"}]},{\"@type\":\"WebSite\",\"@id\":\"https:\\\/\\\/cavernart.com\\\/#website\",\"url\":\"https:\\\/\\\/cavernart.com\\\/\",\"name\":\"Cavern Art\",\"description\":\"Cr\u00e9ons sans limites !\",\"publisher\":{\"@id\":\"https:\\\/\\\/cavernart.com\\\/#organization\"},\"potentialAction\":[{\"@type\":\"SearchAction\",\"target\":{\"@type\":\"EntryPoint\",\"urlTemplate\":\"https:\\\/\\\/cavernart.com\\\/?s={search_term_string}\"},\"query-input\":{\"@type\":\"PropertyValueSpecification\",\"valueRequired\":true,\"valueName\":\"search_term_string\"}}],\"inLanguage\":\"ar\"},{\"@type\":\"Organization\",\"@id\":\"https:\\\/\\\/cavernart.com\\\/#organization\",\"name\":\"Cavern Art\",\"url\":\"https:\\\/\\\/cavernart.com\\\/\",\"logo\":{\"@type\":\"ImageObject\",\"inLanguage\":\"ar\",\"@id\":\"https:\\\/\\\/cavernart.com\\\/#\\\/schema\\\/logo\\\/image\\\/\",\"url\":\"https:\\\/\\\/i0.wp.com\\\/cavernart.com\\\/wp-content\\\/uploads\\\/2022\\\/02\\\/cropped-logo-cavernart-scaled.png?fit=3001%2C3081&ssl=1\",\"contentUrl\":\"https:\\\/\\\/i0.wp.com\\\/cavernart.com\\\/wp-content\\\/uploads\\\/2022\\\/02\\\/cropped-logo-cavernart-scaled.png?fit=3001%2C3081&ssl=1\",\"width\":3001,\"height\":3081,\"caption\":\"Cavern Art\"},\"image\":{\"@id\":\"https:\\\/\\\/cavernart.com\\\/#\\\/schema\\\/logo\\\/image\\\/\"}}]}<\/script>\n<!-- \/ Yoast SEO plugin. -->","yoast_head_json":{"title":"Attache-serviette en cuir - Cavern Art","robots":{"index":"index","follow":"follow","max-snippet":"max-snippet:-1","max-image-preview":"max-image-preview:large","max-video-preview":"max-video-preview:-1"},"canonical":"https:\/\/cavernart.com\/ar\/boutique\/linge-de-maison\/attache-serviette-en-cuir\/","og_locale":"ar_AR","og_type":"article","og_title":"Attache-serviette en cuir - Cavern Art","og_description":"Attache-serviette en cuir de vachette avec fermeture \u00e0 pression","og_url":"https:\/\/cavernart.com\/ar\/boutique\/linge-de-maison\/attache-serviette-en-cuir\/","og_site_name":"Cavern Art","article_modified_time":"2025-09-12T21:41:08+00:00","og_image":[{"width":2304,"height":2304,"url":"https:\/\/i0.wp.com\/cavernart.com\/wp-content\/uploads\/2025\/04\/IMG_6327.jpg?fit=2304%2C2304&ssl=1","type":"image\/jpeg"}],"twitter_card":"summary_large_image","schema":{"@context":"https:\/\/schema.org","@graph":[{"@type":"WebPage","@id":"https:\/\/cavernart.com\/boutique\/linge-de-maison\/attache-serviette-en-cuir\/","url":"https:\/\/cavernart.com\/boutique\/linge-de-maison\/attache-serviette-en-cuir\/","name":"Attache-serviette en cuir - Cavern Art","isPartOf":{"@id":"https:\/\/cavernart.com\/#website"},"primaryImageOfPage":{"@id":"https:\/\/cavernart.com\/boutique\/linge-de-maison\/attache-serviette-en-cuir\/#primaryimage"},"image":{"@id":"https:\/\/cavernart.com\/boutique\/linge-de-maison\/attache-serviette-en-cuir\/#primaryimage"},"thumbnailUrl":"https:\/\/i0.wp.com\/cavernart.com\/wp-content\/uploads\/2025\/04\/IMG_6327.jpg?fit=2304%2C2304&ssl=1","datePublished":"2025-04-29T15:06:54+00:00","dateModified":"2025-09-12T21:41:08+00:00","breadcrumb":{"@id":"https:\/\/cavernart.com\/boutique\/linge-de-maison\/attache-serviette-en-cuir\/#breadcrumb"},"inLanguage":"ar","potentialAction":[{"@type":"ReadAction","target":["https:\/\/cavernart.com\/boutique\/linge-de-maison\/attache-serviette-en-cuir\/"]}]},{"@type":"ImageObject","inLanguage":"ar","@id":"https:\/\/cavernart.com\/boutique\/linge-de-maison\/attache-serviette-en-cuir\/#primaryimage","url":"https:\/\/i0.wp.com\/cavernart.com\/wp-content\/uploads\/2025\/04\/IMG_6327.jpg?fit=2304%2C2304&ssl=1","contentUrl":"https:\/\/i0.wp.com\/cavernart.com\/wp-content\/uploads\/2025\/04\/IMG_6327.jpg?fit=2304%2C2304&ssl=1","width":2304,"height":2304},{"@type":"BreadcrumbList","@id":"https:\/\/cavernart.com\/boutique\/linge-de-maison\/attache-serviette-en-cuir\/#breadcrumb","itemListElement":[{"@type":"ListItem","position":1,"name":"Accueil","item":"https:\/\/cavernart.com\/"},{"@type":"ListItem","position":2,"name":"Boutique","item":"https:\/\/cavernart.com\/boutique\/"},{"@type":"ListItem","position":3,"name":"Attache-serviette en cuir"}]},{"@type":"WebSite","@id":"https:\/\/cavernart.com\/#website","url":"https:\/\/cavernart.com\/","name":"Cavern Art","description":"Cr\u00e9ons sans limites !","publisher":{"@id":"https:\/\/cavernart.com\/#organization"},"potentialAction":[{"@type":"SearchAction","target":{"@type":"EntryPoint","urlTemplate":"https:\/\/cavernart.com\/?s={search_term_string}"},"query-input":{"@type":"PropertyValueSpecification","valueRequired":true,"valueName":"search_term_string"}}],"inLanguage":"ar"},{"@type":"Organization","@id":"https:\/\/cavernart.com\/#organization","name":"Cavern Art","url":"https:\/\/cavernart.com\/","logo":{"@type":"ImageObject","inLanguage":"ar","@id":"https:\/\/cavernart.com\/#\/schema\/logo\/image\/","url":"https:\/\/i0.wp.com\/cavernart.com\/wp-content\/uploads\/2022\/02\/cropped-logo-cavernart-scaled.png?fit=3001%2C3081&ssl=1","contentUrl":"https:\/\/i0.wp.com\/cavernart.com\/wp-content\/uploads\/2022\/02\/cropped-logo-cavernart-scaled.png?fit=3001%2C3081&ssl=1","width":3001,"height":3081,"caption":"Cavern Art"},"image":{"@id":"https:\/\/cavernart.com\/#\/schema\/logo\/image\/"}}]}},"jetpack_publicize_connections":[],"jetpack_sharing_enabled":true,"jetpack-related-posts":[{"id":1498,"url":"https:\/\/cavernart.com\/ar\/boutique\/deco\/attache-serviette-berbere\/","url_meta":{"origin":1277,"position":0},"title":"Attache-serviette berb\u00e8re","author":"djazia","date":"1 \u0623\u063a\u0633\u0637\u0633 2025","format":false,"excerpt":"Lot de 6 attache-serviettes en cuir de vachette avec fermeture \u00e0 pression peintes \u00e0 la main","rel":"","context":"\u062a\u062f\u0648\u064a\u0646\u0629 \u0645\u0634\u0627\u0628\u0647\u0629","block_context":{"text":"\u062a\u062f\u0648\u064a\u0646\u0629 \u0645\u0634\u0627\u0628\u0647\u0629","link":""},"img":{"alt_text":"","src":"https:\/\/i0.wp.com\/cavernart.com\/wp-content\/uploads\/2025\/08\/IMG_7059-scaled-e1754070057959.jpg?fit=1200%2C1200&ssl=1&resize=350%2C200","width":350,"height":200,"srcset":"https:\/\/i0.wp.com\/cavernart.com\/wp-content\/uploads\/2025\/08\/IMG_7059-scaled-e1754070057959.jpg?fit=1200%2C1200&ssl=1&resize=350%2C200 1x, https:\/\/i0.wp.com\/cavernart.com\/wp-content\/uploads\/2025\/08\/IMG_7059-scaled-e1754070057959.jpg?fit=1200%2C1200&ssl=1&resize=525%2C300 1.5x, https:\/\/i0.wp.com\/cavernart.com\/wp-content\/uploads\/2025\/08\/IMG_7059-scaled-e1754070057959.jpg?fit=1200%2C1200&ssl=1&resize=700%2C400 2x, https:\/\/i0.wp.com\/cavernart.com\/wp-content\/uploads\/2025\/08\/IMG_7059-scaled-e1754070057959.jpg?fit=1200%2C1200&ssl=1&resize=1050%2C600 3x"},"classes":[]},{"id":16545,"url":"https:\/\/cavernart.com\/ar\/boutique\/linge-de-maison\/ensemble-de-table-berbere\/","url_meta":{"origin":1277,"position":1},"title":"Ensemble de table berb\u00e8re","author":"stark","date":"16 \u062f\u064a\u0633\u0645\u0628\u0631 2025","format":false,"excerpt":"Linge de table berb\u00e8re Chemin de table tissu imperm\u00e9able antitache style berb\u00e8re 6 serviettes tissu imperm\u00e9able antitache Petit panier avec d\u00e9tails en cuir et d\u00e9co berb\u00e8re 6 anneaux de serviettes en cuir de vachette Disponible pour table 2, 4, 6,8 et 12 chaises (avec 2 paniers ou 1 grand) Vous\u2026","rel":"","context":"\u062a\u062f\u0648\u064a\u0646\u0629 \u0645\u0634\u0627\u0628\u0647\u0629","block_context":{"text":"\u062a\u062f\u0648\u064a\u0646\u0629 \u0645\u0634\u0627\u0628\u0647\u0629","link":""},"img":{"alt_text":"","src":"https:\/\/i0.wp.com\/cavernart.com\/wp-content\/uploads\/2026\/01\/IMG_8084-scaled.jpg?fit=960%2C1200&ssl=1&resize=350%2C200","width":350,"height":200,"srcset":"https:\/\/i0.wp.com\/cavernart.com\/wp-content\/uploads\/2026\/01\/IMG_8084-scaled.jpg?fit=960%2C1200&ssl=1&resize=350%2C200 1x, https:\/\/i0.wp.com\/cavernart.com\/wp-content\/uploads\/2026\/01\/IMG_8084-scaled.jpg?fit=960%2C1200&ssl=1&resize=525%2C300 1.5x, https:\/\/i0.wp.com\/cavernart.com\/wp-content\/uploads\/2026\/01\/IMG_8084-scaled.jpg?fit=960%2C1200&ssl=1&resize=700%2C400 2x"},"classes":[]},{"id":16629,"url":"https:\/\/cavernart.com\/ar\/boutique\/linge-de-maison\/ensemble-de-table-tavzimt\/","url_meta":{"origin":1277,"position":2},"title":"Ensemble de table Tavzimt","author":"stark","date":"2 \u064a\u0646\u0627\u064a\u0631 2026","format":false,"excerpt":"Linge de table berb\u00e8re Chemin de table tissu imperm\u00e9able antitache style berb\u00e8re 6 serviettes tissu imperm\u00e9able antitache Petit panier avec d\u00e9tails en cuir et d\u00e9co berb\u00e8re 6 anneaux de serviettes en cuir de vachette Disponible pour table 2, 4, 6,8 et 12 chaises (avec 2 paniers ou 1 grand) Vous\u2026","rel":"","context":"\u062a\u062f\u0648\u064a\u0646\u0629 \u0645\u0634\u0627\u0628\u0647\u0629","block_context":{"text":"\u062a\u062f\u0648\u064a\u0646\u0629 \u0645\u0634\u0627\u0628\u0647\u0629","link":""},"img":{"alt_text":"","src":"https:\/\/i0.wp.com\/cavernart.com\/wp-content\/uploads\/2026\/01\/IMG_8070-scaled.jpg?fit=960%2C1200&ssl=1&resize=350%2C200","width":350,"height":200,"srcset":"https:\/\/i0.wp.com\/cavernart.com\/wp-content\/uploads\/2026\/01\/IMG_8070-scaled.jpg?fit=960%2C1200&ssl=1&resize=350%2C200 1x, https:\/\/i0.wp.com\/cavernart.com\/wp-content\/uploads\/2026\/01\/IMG_8070-scaled.jpg?fit=960%2C1200&ssl=1&resize=525%2C300 1.5x, https:\/\/i0.wp.com\/cavernart.com\/wp-content\/uploads\/2026\/01\/IMG_8070-scaled.jpg?fit=960%2C1200&ssl=1&resize=700%2C400 2x"},"classes":[]},{"id":16637,"url":"https:\/\/cavernart.com\/ar\/boutique\/linge-de-maison\/ensemble-de-table-tamezgha\/","url_meta":{"origin":1277,"position":3},"title":"Ensemble de table Tamezgha","author":"stark","date":"2 \u064a\u0646\u0627\u064a\u0631 2026","format":false,"excerpt":"Linge de table berb\u00e8re Centre de table tissu imperm\u00e9able antitache style berb\u00e8re 6 serviettes tissu imperm\u00e9able antitache Petit panier avec d\u00e9tails en cuir et d\u00e9co berb\u00e8re 6 anneaux de serviettes en cuir de vachette Disponible pour table 2, 4, 6,8 et 12 chaises (avec 2 paniers ou 1 grand) Vous\u2026","rel":"","context":"\u062a\u062f\u0648\u064a\u0646\u0629 \u0645\u0634\u0627\u0628\u0647\u0629","block_context":{"text":"\u062a\u062f\u0648\u064a\u0646\u0629 \u0645\u0634\u0627\u0628\u0647\u0629","link":""},"img":{"alt_text":"","src":"https:\/\/i0.wp.com\/cavernart.com\/wp-content\/uploads\/2026\/01\/IMG_8081-scaled.jpg?fit=960%2C1200&ssl=1&resize=350%2C200","width":350,"height":200,"srcset":"https:\/\/i0.wp.com\/cavernart.com\/wp-content\/uploads\/2026\/01\/IMG_8081-scaled.jpg?fit=960%2C1200&ssl=1&resize=350%2C200 1x, https:\/\/i0.wp.com\/cavernart.com\/wp-content\/uploads\/2026\/01\/IMG_8081-scaled.jpg?fit=960%2C1200&ssl=1&resize=525%2C300 1.5x, https:\/\/i0.wp.com\/cavernart.com\/wp-content\/uploads\/2026\/01\/IMG_8081-scaled.jpg?fit=960%2C1200&ssl=1&resize=700%2C400 2x"},"classes":[]},{"id":1350,"url":"https:\/\/cavernart.com\/ar\/boutique\/linge-de-maison\/ensemble-de-table-rose\/","url_meta":{"origin":1277,"position":4},"title":"Ensemble de table rose","author":"djazia","date":"24 \u064a\u0648\u0646\u064a\u0648 2025","format":false,"excerpt":"Nappe \u00e9crue ou rose en tissu antitache imperm\u00e9able 1.40m sur 2.10m Chemin de table double face tissu imperm\u00e9able antitache 6 serviettes tissu imperm\u00e9able antitache 6 sets de table double face tissu imperm\u00e9able antitache Petit panier avec d\u00e9tails en cuir 6 anneaux de serviettes en cuir de vachette Disponible pour table\u2026","rel":"","context":"\u062a\u062f\u0648\u064a\u0646\u0629 \u0645\u0634\u0627\u0628\u0647\u0629","block_context":{"text":"\u062a\u062f\u0648\u064a\u0646\u0629 \u0645\u0634\u0627\u0628\u0647\u0629","link":""},"img":{"alt_text":"","src":"https:\/\/i0.wp.com\/cavernart.com\/wp-content\/uploads\/2025\/06\/WhatsApp-Image-2025-06-24-a-02.59.19_a5fddfff.jpg?fit=1080%2C1080&ssl=1&resize=350%2C200","width":350,"height":200,"srcset":"https:\/\/i0.wp.com\/cavernart.com\/wp-content\/uploads\/2025\/06\/WhatsApp-Image-2025-06-24-a-02.59.19_a5fddfff.jpg?fit=1080%2C1080&ssl=1&resize=350%2C200 1x, https:\/\/i0.wp.com\/cavernart.com\/wp-content\/uploads\/2025\/06\/WhatsApp-Image-2025-06-24-a-02.59.19_a5fddfff.jpg?fit=1080%2C1080&ssl=1&resize=525%2C300 1.5x, https:\/\/i0.wp.com\/cavernart.com\/wp-content\/uploads\/2025\/06\/WhatsApp-Image-2025-06-24-a-02.59.19_a5fddfff.jpg?fit=1080%2C1080&ssl=1&resize=700%2C400 2x, https:\/\/i0.wp.com\/cavernart.com\/wp-content\/uploads\/2025\/06\/WhatsApp-Image-2025-06-24-a-02.59.19_a5fddfff.jpg?fit=1080%2C1080&ssl=1&resize=1050%2C600 3x"},"classes":[]},{"id":1356,"url":"https:\/\/cavernart.com\/ar\/boutique\/linge-de-maison\/ensemble-de-table-brique\/","url_meta":{"origin":1277,"position":5},"title":"Ensemble de table brique","author":"djazia","date":"24 \u064a\u0648\u0646\u064a\u0648 2025","format":false,"excerpt":"Nappe \u00e9crue en tissu antitache imperm\u00e9able 1.40m sur 2.10m Chemin de table double face tissu imperm\u00e9able antitache 6 serviettes tissu imperm\u00e9able antitache 6 sets de table double face tissu imperm\u00e9able antitache Petit panier avec d\u00e9tails en cuir 6 anneaux de serviettes en cuir de vachette Disponible pour table 2, 4,\u2026","rel":"","context":"\u062a\u062f\u0648\u064a\u0646\u0629 \u0645\u0634\u0627\u0628\u0647\u0629","block_context":{"text":"\u062a\u062f\u0648\u064a\u0646\u0629 \u0645\u0634\u0627\u0628\u0647\u0629","link":""},"img":{"alt_text":"","src":"https:\/\/i0.wp.com\/cavernart.com\/wp-content\/uploads\/2025\/06\/WhatsApp-Image-2025-06-24-a-03.02.41_ae409247.jpg?fit=1080%2C1080&ssl=1&resize=350%2C200","width":350,"height":200,"srcset":"https:\/\/i0.wp.com\/cavernart.com\/wp-content\/uploads\/2025\/06\/WhatsApp-Image-2025-06-24-a-03.02.41_ae409247.jpg?fit=1080%2C1080&ssl=1&resize=350%2C200 1x, https:\/\/i0.wp.com\/cavernart.com\/wp-content\/uploads\/2025\/06\/WhatsApp-Image-2025-06-24-a-03.02.41_ae409247.jpg?fit=1080%2C1080&ssl=1&resize=525%2C300 1.5x, https:\/\/i0.wp.com\/cavernart.com\/wp-content\/uploads\/2025\/06\/WhatsApp-Image-2025-06-24-a-03.02.41_ae409247.jpg?fit=1080%2C1080&ssl=1&resize=700%2C400 2x, https:\/\/i0.wp.com\/cavernart.com\/wp-content\/uploads\/2025\/06\/WhatsApp-Image-2025-06-24-a-03.02.41_ae409247.jpg?fit=1080%2C1080&ssl=1&resize=1050%2C600 3x"},"classes":[]}],"_links":{"self":[{"href":"https:\/\/cavernart.com\/ar\/wp-json\/wp\/v2\/product\/1277","targetHints":{"allow":["GET"]}}],"collection":[{"href":"https:\/\/cavernart.com\/ar\/wp-json\/wp\/v2\/product"}],"about":[{"href":"https:\/\/cavernart.com\/ar\/wp-json\/wp\/v2\/types\/product"}],"version-history":[{"count":1,"href":"https:\/\/cavernart.com\/ar\/wp-json\/wp\/v2\/product\/1277\/revisions"}],"predecessor-version":[{"id":16269,"href":"https:\/\/cavernart.com\/ar\/wp-json\/wp\/v2\/product\/1277\/revisions\/16269"}],"wp:featuredmedia":[{"embeddable":true,"href":"https:\/\/cavernart.com\/ar\/wp-json\/wp\/v2\/media\/1284"}],"wp:attachment":[{"href":"https:\/\/cavernart.com\/ar\/wp-json\/wp\/v2\/media?parent=1277"}],"wp:term":[{"taxonomy":"product_brand","embeddable":true,"href":"https:\/\/cavernart.com\/ar\/wp-json\/wp\/v2\/product_brand?post=1277"},{"taxonomy":"product_cat","embeddable":true,"href":"https:\/\/cavernart.com\/ar\/wp-json\/wp\/v2\/product_cat?post=1277"},{"taxonomy":"product_tag","embeddable":true,"href":"https:\/\/cavernart.com\/ar\/wp-json\/wp\/v2\/product_tag?post=1277"}],"curies":[{"name":"wp","href":"https:\/\/api.w.org\/{rel}","templated":true}]}}