{"id":1220,"date":"2025-02-02T13:48:18","date_gmt":"2025-02-02T13:48:18","guid":{"rendered":"https:\/\/cavernart.com\/boutique\/non%20class\u00e9\/savon-au-lait-de-chevre-et-charbon-vegetal\/"},"modified":"2025-10-23T18:26:53","modified_gmt":"2025-10-23T18:26:53","slug":"savon-au-lait-de-chevre-et-charbon-vegetal","status":"publish","type":"product","link":"https:\/\/cavernart.com\/ar\/boutique\/bien-etre\/savon-au-lait-de-chevre-et-charbon-vegetal\/","title":{"rendered":"Savon au lait de ch\u00e8vre et charbon v\u00e9g\u00e9tal"},"content":{"rendered":"","protected":false},"excerpt":{"rendered":"","protected":false},"featured_media":1219,"template":"","meta":{"jetpack_publicize_message":"","jetpack_publicize_feature_enabled":true,"jetpack_social_post_already_shared":true,"jetpack_social_options":{"image_generator_settings":{"template":"highway","default_image_id":0,"font":"","enabled":false},"version":2}},"product_brand":[],"product_cat":[24],"product_tag":[],"class_list":{"0":"post-1220","1":"product","2":"type-product","3":"status-publish","4":"has-post-thumbnail","6":"product_cat-bien-etre","8":"first","9":"instock","10":"purchasable","11":"product-type-simple"},"yoast_head":"<!-- This site is optimized with the Yoast SEO plugin v27.4 - https:\/\/yoast.com\/product\/yoast-seo-wordpress\/ -->\n<title>Savon au lait de ch\u00e8vre et charbon v\u00e9g\u00e9tal - Cavern Art<\/title>\n<meta name=\"robots\" content=\"index, follow, max-snippet:-1, max-image-preview:large, max-video-preview:-1\" \/>\n<link rel=\"canonical\" href=\"https:\/\/cavernart.com\/ar\/boutique\/bien-etre\/savon-au-lait-de-chevre-et-charbon-vegetal\/\" \/>\n<meta property=\"og:locale\" content=\"ar_AR\" \/>\n<meta property=\"og:type\" content=\"article\" \/>\n<meta property=\"og:title\" content=\"Savon au lait de ch\u00e8vre et charbon v\u00e9g\u00e9tal - Cavern Art\" \/>\n<meta property=\"og:url\" content=\"https:\/\/cavernart.com\/ar\/boutique\/bien-etre\/savon-au-lait-de-chevre-et-charbon-vegetal\/\" \/>\n<meta property=\"og:site_name\" content=\"Cavern Art\" \/>\n<meta property=\"article:modified_time\" content=\"2025-10-23T18:26:53+00:00\" \/>\n<meta property=\"og:image\" content=\"https:\/\/i0.wp.com\/cavernart.com\/wp-content\/uploads\/2025\/02\/IMG-20250128-WA0009-e1761244006455.jpg?fit=810%2C810&ssl=1\" \/>\n\t<meta property=\"og:image:width\" content=\"810\" \/>\n\t<meta property=\"og:image:height\" content=\"810\" \/>\n\t<meta property=\"og:image:type\" content=\"image\/jpeg\" \/>\n<meta name=\"twitter:card\" content=\"summary_large_image\" \/>\n<script type=\"application\/ld+json\" class=\"yoast-schema-graph\">{\"@context\":\"https:\\\/\\\/schema.org\",\"@graph\":[{\"@type\":\"WebPage\",\"@id\":\"https:\\\/\\\/cavernart.com\\\/boutique\\\/bien-etre\\\/savon-au-lait-de-chevre-et-charbon-vegetal\\\/\",\"url\":\"https:\\\/\\\/cavernart.com\\\/boutique\\\/bien-etre\\\/savon-au-lait-de-chevre-et-charbon-vegetal\\\/\",\"name\":\"Savon au lait de ch\u00e8vre et charbon v\u00e9g\u00e9tal - Cavern Art\",\"isPartOf\":{\"@id\":\"https:\\\/\\\/cavernart.com\\\/#website\"},\"primaryImageOfPage\":{\"@id\":\"https:\\\/\\\/cavernart.com\\\/boutique\\\/bien-etre\\\/savon-au-lait-de-chevre-et-charbon-vegetal\\\/#primaryimage\"},\"image\":{\"@id\":\"https:\\\/\\\/cavernart.com\\\/boutique\\\/bien-etre\\\/savon-au-lait-de-chevre-et-charbon-vegetal\\\/#primaryimage\"},\"thumbnailUrl\":\"https:\\\/\\\/i0.wp.com\\\/cavernart.com\\\/wp-content\\\/uploads\\\/2025\\\/02\\\/IMG-20250128-WA0009-e1761244006455.jpg?fit=810%2C810&ssl=1\",\"datePublished\":\"2025-02-02T13:48:18+00:00\",\"dateModified\":\"2025-10-23T18:26:53+00:00\",\"breadcrumb\":{\"@id\":\"https:\\\/\\\/cavernart.com\\\/boutique\\\/bien-etre\\\/savon-au-lait-de-chevre-et-charbon-vegetal\\\/#breadcrumb\"},\"inLanguage\":\"ar\",\"potentialAction\":[{\"@type\":\"ReadAction\",\"target\":[\"https:\\\/\\\/cavernart.com\\\/boutique\\\/bien-etre\\\/savon-au-lait-de-chevre-et-charbon-vegetal\\\/\"]}]},{\"@type\":\"ImageObject\",\"inLanguage\":\"ar\",\"@id\":\"https:\\\/\\\/cavernart.com\\\/boutique\\\/bien-etre\\\/savon-au-lait-de-chevre-et-charbon-vegetal\\\/#primaryimage\",\"url\":\"https:\\\/\\\/i0.wp.com\\\/cavernart.com\\\/wp-content\\\/uploads\\\/2025\\\/02\\\/IMG-20250128-WA0009-e1761244006455.jpg?fit=810%2C810&ssl=1\",\"contentUrl\":\"https:\\\/\\\/i0.wp.com\\\/cavernart.com\\\/wp-content\\\/uploads\\\/2025\\\/02\\\/IMG-20250128-WA0009-e1761244006455.jpg?fit=810%2C810&ssl=1\",\"width\":810,\"height\":810},{\"@type\":\"BreadcrumbList\",\"@id\":\"https:\\\/\\\/cavernart.com\\\/boutique\\\/bien-etre\\\/savon-au-lait-de-chevre-et-charbon-vegetal\\\/#breadcrumb\",\"itemListElement\":[{\"@type\":\"ListItem\",\"position\":1,\"name\":\"Accueil\",\"item\":\"https:\\\/\\\/cavernart.com\\\/\"},{\"@type\":\"ListItem\",\"position\":2,\"name\":\"Boutique\",\"item\":\"https:\\\/\\\/cavernart.com\\\/boutique\\\/\"},{\"@type\":\"ListItem\",\"position\":3,\"name\":\"Savon au lait de ch\u00e8vre et charbon v\u00e9g\u00e9tal\"}]},{\"@type\":\"WebSite\",\"@id\":\"https:\\\/\\\/cavernart.com\\\/#website\",\"url\":\"https:\\\/\\\/cavernart.com\\\/\",\"name\":\"Cavern Art\",\"description\":\"Cr\u00e9ons sans limites !\",\"publisher\":{\"@id\":\"https:\\\/\\\/cavernart.com\\\/#organization\"},\"potentialAction\":[{\"@type\":\"SearchAction\",\"target\":{\"@type\":\"EntryPoint\",\"urlTemplate\":\"https:\\\/\\\/cavernart.com\\\/?s={search_term_string}\"},\"query-input\":{\"@type\":\"PropertyValueSpecification\",\"valueRequired\":true,\"valueName\":\"search_term_string\"}}],\"inLanguage\":\"ar\"},{\"@type\":\"Organization\",\"@id\":\"https:\\\/\\\/cavernart.com\\\/#organization\",\"name\":\"Cavern Art\",\"url\":\"https:\\\/\\\/cavernart.com\\\/\",\"logo\":{\"@type\":\"ImageObject\",\"inLanguage\":\"ar\",\"@id\":\"https:\\\/\\\/cavernart.com\\\/#\\\/schema\\\/logo\\\/image\\\/\",\"url\":\"https:\\\/\\\/i0.wp.com\\\/cavernart.com\\\/wp-content\\\/uploads\\\/2022\\\/02\\\/cropped-logo-cavernart-scaled.png?fit=3001%2C3081&ssl=1\",\"contentUrl\":\"https:\\\/\\\/i0.wp.com\\\/cavernart.com\\\/wp-content\\\/uploads\\\/2022\\\/02\\\/cropped-logo-cavernart-scaled.png?fit=3001%2C3081&ssl=1\",\"width\":3001,\"height\":3081,\"caption\":\"Cavern Art\"},\"image\":{\"@id\":\"https:\\\/\\\/cavernart.com\\\/#\\\/schema\\\/logo\\\/image\\\/\"}}]}<\/script>\n<!-- \/ Yoast SEO plugin. -->","yoast_head_json":{"title":"Savon au lait de ch\u00e8vre et charbon v\u00e9g\u00e9tal - Cavern Art","robots":{"index":"index","follow":"follow","max-snippet":"max-snippet:-1","max-image-preview":"max-image-preview:large","max-video-preview":"max-video-preview:-1"},"canonical":"https:\/\/cavernart.com\/ar\/boutique\/bien-etre\/savon-au-lait-de-chevre-et-charbon-vegetal\/","og_locale":"ar_AR","og_type":"article","og_title":"Savon au lait de ch\u00e8vre et charbon v\u00e9g\u00e9tal - Cavern Art","og_url":"https:\/\/cavernart.com\/ar\/boutique\/bien-etre\/savon-au-lait-de-chevre-et-charbon-vegetal\/","og_site_name":"Cavern Art","article_modified_time":"2025-10-23T18:26:53+00:00","og_image":[{"width":810,"height":810,"url":"https:\/\/i0.wp.com\/cavernart.com\/wp-content\/uploads\/2025\/02\/IMG-20250128-WA0009-e1761244006455.jpg?fit=810%2C810&ssl=1","type":"image\/jpeg"}],"twitter_card":"summary_large_image","schema":{"@context":"https:\/\/schema.org","@graph":[{"@type":"WebPage","@id":"https:\/\/cavernart.com\/boutique\/bien-etre\/savon-au-lait-de-chevre-et-charbon-vegetal\/","url":"https:\/\/cavernart.com\/boutique\/bien-etre\/savon-au-lait-de-chevre-et-charbon-vegetal\/","name":"Savon au lait de ch\u00e8vre et charbon v\u00e9g\u00e9tal - Cavern Art","isPartOf":{"@id":"https:\/\/cavernart.com\/#website"},"primaryImageOfPage":{"@id":"https:\/\/cavernart.com\/boutique\/bien-etre\/savon-au-lait-de-chevre-et-charbon-vegetal\/#primaryimage"},"image":{"@id":"https:\/\/cavernart.com\/boutique\/bien-etre\/savon-au-lait-de-chevre-et-charbon-vegetal\/#primaryimage"},"thumbnailUrl":"https:\/\/i0.wp.com\/cavernart.com\/wp-content\/uploads\/2025\/02\/IMG-20250128-WA0009-e1761244006455.jpg?fit=810%2C810&ssl=1","datePublished":"2025-02-02T13:48:18+00:00","dateModified":"2025-10-23T18:26:53+00:00","breadcrumb":{"@id":"https:\/\/cavernart.com\/boutique\/bien-etre\/savon-au-lait-de-chevre-et-charbon-vegetal\/#breadcrumb"},"inLanguage":"ar","potentialAction":[{"@type":"ReadAction","target":["https:\/\/cavernart.com\/boutique\/bien-etre\/savon-au-lait-de-chevre-et-charbon-vegetal\/"]}]},{"@type":"ImageObject","inLanguage":"ar","@id":"https:\/\/cavernart.com\/boutique\/bien-etre\/savon-au-lait-de-chevre-et-charbon-vegetal\/#primaryimage","url":"https:\/\/i0.wp.com\/cavernart.com\/wp-content\/uploads\/2025\/02\/IMG-20250128-WA0009-e1761244006455.jpg?fit=810%2C810&ssl=1","contentUrl":"https:\/\/i0.wp.com\/cavernart.com\/wp-content\/uploads\/2025\/02\/IMG-20250128-WA0009-e1761244006455.jpg?fit=810%2C810&ssl=1","width":810,"height":810},{"@type":"BreadcrumbList","@id":"https:\/\/cavernart.com\/boutique\/bien-etre\/savon-au-lait-de-chevre-et-charbon-vegetal\/#breadcrumb","itemListElement":[{"@type":"ListItem","position":1,"name":"Accueil","item":"https:\/\/cavernart.com\/"},{"@type":"ListItem","position":2,"name":"Boutique","item":"https:\/\/cavernart.com\/boutique\/"},{"@type":"ListItem","position":3,"name":"Savon au lait de ch\u00e8vre et charbon v\u00e9g\u00e9tal"}]},{"@type":"WebSite","@id":"https:\/\/cavernart.com\/#website","url":"https:\/\/cavernart.com\/","name":"Cavern Art","description":"Cr\u00e9ons sans limites !","publisher":{"@id":"https:\/\/cavernart.com\/#organization"},"potentialAction":[{"@type":"SearchAction","target":{"@type":"EntryPoint","urlTemplate":"https:\/\/cavernart.com\/?s={search_term_string}"},"query-input":{"@type":"PropertyValueSpecification","valueRequired":true,"valueName":"search_term_string"}}],"inLanguage":"ar"},{"@type":"Organization","@id":"https:\/\/cavernart.com\/#organization","name":"Cavern Art","url":"https:\/\/cavernart.com\/","logo":{"@type":"ImageObject","inLanguage":"ar","@id":"https:\/\/cavernart.com\/#\/schema\/logo\/image\/","url":"https:\/\/i0.wp.com\/cavernart.com\/wp-content\/uploads\/2022\/02\/cropped-logo-cavernart-scaled.png?fit=3001%2C3081&ssl=1","contentUrl":"https:\/\/i0.wp.com\/cavernart.com\/wp-content\/uploads\/2022\/02\/cropped-logo-cavernart-scaled.png?fit=3001%2C3081&ssl=1","width":3001,"height":3081,"caption":"Cavern Art"},"image":{"@id":"https:\/\/cavernart.com\/#\/schema\/logo\/image\/"}}]}},"jetpack_publicize_connections":[],"jetpack_sharing_enabled":true,"jetpack-related-posts":[{"id":1102,"url":"https:\/\/cavernart.com\/ar\/boutique\/bien-etre\/savon-masque-au-lait-de-chevre\/","url_meta":{"origin":1220,"position":0},"title":"Savon masque au lait de ch\u00e8vre","author":"stark","date":"2 \u064a\u0646\u0627\u064a\u0631 2025","format":false,"excerpt":"Savon glyc\u00e9rine au lait de ch\u00e8vre et masque. 15 minutes sur le visage deux a trois applications par jour. Anti rides, contre les boutons sur le visage","rel":"","context":"\u062a\u062f\u0648\u064a\u0646\u0629 \u0645\u0634\u0627\u0628\u0647\u0629","block_context":{"text":"\u062a\u062f\u0648\u064a\u0646\u0629 \u0645\u0634\u0627\u0628\u0647\u0629","link":""},"img":{"alt_text":"","src":"https:\/\/i0.wp.com\/cavernart.com\/wp-content\/uploads\/2025\/01\/img_5045.jpeg?fit=1200%2C1200&ssl=1&resize=350%2C200","width":350,"height":200,"srcset":"https:\/\/i0.wp.com\/cavernart.com\/wp-content\/uploads\/2025\/01\/img_5045.jpeg?fit=1200%2C1200&ssl=1&resize=350%2C200 1x, https:\/\/i0.wp.com\/cavernart.com\/wp-content\/uploads\/2025\/01\/img_5045.jpeg?fit=1200%2C1200&ssl=1&resize=525%2C300 1.5x, https:\/\/i0.wp.com\/cavernart.com\/wp-content\/uploads\/2025\/01\/img_5045.jpeg?fit=1200%2C1200&ssl=1&resize=700%2C400 2x, https:\/\/i0.wp.com\/cavernart.com\/wp-content\/uploads\/2025\/01\/img_5045.jpeg?fit=1200%2C1200&ssl=1&resize=1050%2C600 3x"},"classes":[]},{"id":600,"url":"https:\/\/cavernart.com\/ar\/boutique\/bien-etre\/savon-lait-de-chevre\/","url_meta":{"origin":1220,"position":1},"title":"Savon lait de ch\u00e8vre","author":"stark","date":"18 \u064a\u0648\u0644\u064a\u0648 2024","format":false,"excerpt":"Savon doux et cr\u00e8meux qui convient a tous les types de peaux","rel":"","context":"\u062a\u062f\u0648\u064a\u0646\u0629 \u0645\u0634\u0627\u0628\u0647\u0629","block_context":{"text":"\u062a\u062f\u0648\u064a\u0646\u0629 \u0645\u0634\u0627\u0628\u0647\u0629","link":""},"img":{"alt_text":"","src":"https:\/\/i0.wp.com\/cavernart.com\/wp-content\/uploads\/2022\/12\/IMG_2121.jpg?fit=1200%2C1199&ssl=1&resize=350%2C200","width":350,"height":200,"srcset":"https:\/\/i0.wp.com\/cavernart.com\/wp-content\/uploads\/2022\/12\/IMG_2121.jpg?fit=1200%2C1199&ssl=1&resize=350%2C200 1x, https:\/\/i0.wp.com\/cavernart.com\/wp-content\/uploads\/2022\/12\/IMG_2121.jpg?fit=1200%2C1199&ssl=1&resize=525%2C300 1.5x, https:\/\/i0.wp.com\/cavernart.com\/wp-content\/uploads\/2022\/12\/IMG_2121.jpg?fit=1200%2C1199&ssl=1&resize=700%2C400 2x, https:\/\/i0.wp.com\/cavernart.com\/wp-content\/uploads\/2022\/12\/IMG_2121.jpg?fit=1200%2C1199&ssl=1&resize=1050%2C600 3x"},"classes":[]},{"id":16586,"url":"https:\/\/cavernart.com\/ar\/boutique\/cadeaux-et-coffrets\/kfifet-el-hammam\/","url_meta":{"origin":1220,"position":2},"title":"Kfifet el hammam","author":"stark","date":"26 \u062f\u064a\u0633\u0645\u0628\u0631 2025","format":false,"excerpt":"Un couffin rempli de produits naturels pour prendre soin de ton corps naturellement apr\u00e8s la fatigue des f\u00eates de fin d'ann\u00e9e Composition : Savon noir 200gr Chantilly corporelle 200gr Hydrolat de lavande 200ml Kassa Argile blanche 150gr Savon lait de ch\u00e8vre avec louffa offerte","rel":"","context":"\u062a\u062f\u0648\u064a\u0646\u0629 \u0645\u0634\u0627\u0628\u0647\u0629","block_context":{"text":"\u062a\u062f\u0648\u064a\u0646\u0629 \u0645\u0634\u0627\u0628\u0647\u0629","link":""},"img":{"alt_text":"","src":"https:\/\/i0.wp.com\/cavernart.com\/wp-content\/uploads\/2025\/12\/WhatsApp-Image-2025-12-25-at-14.14.46.jpeg?fit=462%2C578&ssl=1&resize=350%2C200","width":350,"height":200},"classes":[]},{"id":1432,"url":"https:\/\/cavernart.com\/ar\/boutique\/bien-etre\/pack-hammam-lavande\/","url_meta":{"origin":1220,"position":3},"title":"Pack hammam lavande","author":"djazia","date":"3 \u064a\u0648\u0644\u064a\u0648 2025","format":false,"excerpt":"Compos\u00e9 d\u2019ingr\u00e9dients purs et respectueux de la peau, ce coffret contient : Une tassa en cuivre Une fota de hammam \u00e0 l'ancienne Un gommage corporel au nila bleu Un lait corporel \u00e0 la lavande Un petit mahbes en cuivre de saboun dzair Un hydrolat de lavande Un sac d'argile blanche\u2026","rel":"","context":"\u062a\u062f\u0648\u064a\u0646\u0629 \u0645\u0634\u0627\u0628\u0647\u0629","block_context":{"text":"\u062a\u062f\u0648\u064a\u0646\u0629 \u0645\u0634\u0627\u0628\u0647\u0629","link":""},"img":{"alt_text":"","src":"https:\/\/i0.wp.com\/cavernart.com\/wp-content\/uploads\/2025\/07\/IMG_6479.jpg?fit=1200%2C1200&ssl=1&resize=350%2C200","width":350,"height":200,"srcset":"https:\/\/i0.wp.com\/cavernart.com\/wp-content\/uploads\/2025\/07\/IMG_6479.jpg?fit=1200%2C1200&ssl=1&resize=350%2C200 1x, https:\/\/i0.wp.com\/cavernart.com\/wp-content\/uploads\/2025\/07\/IMG_6479.jpg?fit=1200%2C1200&ssl=1&resize=525%2C300 1.5x, https:\/\/i0.wp.com\/cavernart.com\/wp-content\/uploads\/2025\/07\/IMG_6479.jpg?fit=1200%2C1200&ssl=1&resize=700%2C400 2x, https:\/\/i0.wp.com\/cavernart.com\/wp-content\/uploads\/2025\/07\/IMG_6479.jpg?fit=1200%2C1200&ssl=1&resize=1050%2C600 3x"},"classes":[]},{"id":1448,"url":"https:\/\/cavernart.com\/ar\/boutique\/bien-etre\/pack-hammam-nila\/","url_meta":{"origin":1220,"position":4},"title":"Pack hammam nila","author":"djazia","date":"3 \u064a\u0648\u0644\u064a\u0648 2025","format":false,"excerpt":"Un pack rempli de quoi prendre soins de sa peau au naturel. Dans une tassa en cuivre, comme celles utilis\u00e9es autrefois par nos grand-m\u00e8res se trouvent Une fota de hammam Un bandeau en serviette 4 lingettes lavables Un petit mahbes de saboun dzair Une kassa Une luffa Un sachet d'argile\u2026","rel":"","context":"\u062a\u062f\u0648\u064a\u0646\u0629 \u0645\u0634\u0627\u0628\u0647\u0629","block_context":{"text":"\u062a\u062f\u0648\u064a\u0646\u0629 \u0645\u0634\u0627\u0628\u0647\u0629","link":""},"img":{"alt_text":"","src":"https:\/\/i0.wp.com\/cavernart.com\/wp-content\/uploads\/2025\/07\/IMG_6504.jpg?fit=1200%2C1200&ssl=1&resize=350%2C200","width":350,"height":200,"srcset":"https:\/\/i0.wp.com\/cavernart.com\/wp-content\/uploads\/2025\/07\/IMG_6504.jpg?fit=1200%2C1200&ssl=1&resize=350%2C200 1x, https:\/\/i0.wp.com\/cavernart.com\/wp-content\/uploads\/2025\/07\/IMG_6504.jpg?fit=1200%2C1200&ssl=1&resize=525%2C300 1.5x, https:\/\/i0.wp.com\/cavernart.com\/wp-content\/uploads\/2025\/07\/IMG_6504.jpg?fit=1200%2C1200&ssl=1&resize=700%2C400 2x, https:\/\/i0.wp.com\/cavernart.com\/wp-content\/uploads\/2025\/07\/IMG_6504.jpg?fit=1200%2C1200&ssl=1&resize=1050%2C600 3x"},"classes":[]},{"id":1096,"url":"https:\/\/cavernart.com\/ar\/boutique\/bien-etre\/pack-lavender\/","url_meta":{"origin":1220,"position":5},"title":"Pack lavender","author":"stark","date":"12 \u062f\u064a\u0633\u0645\u0628\u0631 2024","format":false,"excerpt":"Eau de lavande D\u00e9odorant stick lavande Bombe de bain Savon lait de ch\u00e8vre lavande Bouquet de lavande Porte bougie khamsa en bois d\u00e9cor\u00e9 \u00e0 la main","rel":"","context":"\u062a\u062f\u0648\u064a\u0646\u0629 \u0645\u0634\u0627\u0628\u0647\u0629","block_context":{"text":"\u062a\u062f\u0648\u064a\u0646\u0629 \u0645\u0634\u0627\u0628\u0647\u0629","link":""},"img":{"alt_text":"","src":"https:\/\/i0.wp.com\/cavernart.com\/wp-content\/uploads\/2024\/12\/IMG-20241210-WA0001.jpg?fit=1080%2C1080&ssl=1&resize=350%2C200","width":350,"height":200,"srcset":"https:\/\/i0.wp.com\/cavernart.com\/wp-content\/uploads\/2024\/12\/IMG-20241210-WA0001.jpg?fit=1080%2C1080&ssl=1&resize=350%2C200 1x, https:\/\/i0.wp.com\/cavernart.com\/wp-content\/uploads\/2024\/12\/IMG-20241210-WA0001.jpg?fit=1080%2C1080&ssl=1&resize=525%2C300 1.5x, https:\/\/i0.wp.com\/cavernart.com\/wp-content\/uploads\/2024\/12\/IMG-20241210-WA0001.jpg?fit=1080%2C1080&ssl=1&resize=700%2C400 2x, https:\/\/i0.wp.com\/cavernart.com\/wp-content\/uploads\/2024\/12\/IMG-20241210-WA0001.jpg?fit=1080%2C1080&ssl=1&resize=1050%2C600 3x"},"classes":[]}],"_links":{"self":[{"href":"https:\/\/cavernart.com\/ar\/wp-json\/wp\/v2\/product\/1220","targetHints":{"allow":["GET"]}}],"collection":[{"href":"https:\/\/cavernart.com\/ar\/wp-json\/wp\/v2\/product"}],"about":[{"href":"https:\/\/cavernart.com\/ar\/wp-json\/wp\/v2\/types\/product"}],"version-history":[{"count":1,"href":"https:\/\/cavernart.com\/ar\/wp-json\/wp\/v2\/product\/1220\/revisions"}],"predecessor-version":[{"id":16454,"href":"https:\/\/cavernart.com\/ar\/wp-json\/wp\/v2\/product\/1220\/revisions\/16454"}],"wp:featuredmedia":[{"embeddable":true,"href":"https:\/\/cavernart.com\/ar\/wp-json\/wp\/v2\/media\/1219"}],"wp:attachment":[{"href":"https:\/\/cavernart.com\/ar\/wp-json\/wp\/v2\/media?parent=1220"}],"wp:term":[{"taxonomy":"product_brand","embeddable":true,"href":"https:\/\/cavernart.com\/ar\/wp-json\/wp\/v2\/product_brand?post=1220"},{"taxonomy":"product_cat","embeddable":true,"href":"https:\/\/cavernart.com\/ar\/wp-json\/wp\/v2\/product_cat?post=1220"},{"taxonomy":"product_tag","embeddable":true,"href":"https:\/\/cavernart.com\/ar\/wp-json\/wp\/v2\/product_tag?post=1220"}],"curies":[{"name":"wp","href":"https:\/\/api.w.org\/{rel}","templated":true}]}}