{"id":1207,"date":"2025-01-30T16:39:56","date_gmt":"2025-01-30T16:39:56","guid":{"rendered":"https:\/\/cavernart.com\/?post_type=product&#038;p=1207"},"modified":"2025-06-24T00:16:54","modified_gmt":"2025-06-24T00:16:54","slug":"cocktail-immunite-2","status":"publish","type":"product","link":"https:\/\/cavernart.com\/ar\/boutique\/miels-et-derives\/cocktail-immunite-2\/","title":{"rendered":"Cocktail immunit\u00e9 2"},"content":{"rendered":"<p>Cocktail mielleux \u00e0 base de miel de thym ,de propolis naturelle et de pollen frais avec sa cuill\u00e8re \u00e0 miel en bois.<\/p>\n<p>Poids: 250 gr<\/p>","protected":false},"excerpt":{"rendered":"<p>Cocktail mielleux \u00e0 base de miel de thym ,de propolis naturelle et de pollen frais avec sa cuill\u00e8re \u00e0 miel en bois.<\/p>\n<p>Poids: 250 gr<\/p>","protected":false},"featured_media":1206,"template":"","meta":{"jetpack_publicize_message":"","jetpack_publicize_feature_enabled":true,"jetpack_social_post_already_shared":true,"jetpack_social_options":{"image_generator_settings":{"template":"highway","default_image_id":0,"font":"","enabled":false},"version":2}},"product_brand":[],"product_cat":[18],"product_tag":[63],"class_list":{"0":"post-1207","1":"product","2":"type-product","3":"status-publish","4":"has-post-thumbnail","6":"product_cat-miels-et-derives","7":"product_tag-miel","9":"first","10":"instock","11":"purchasable","12":"product-type-simple"},"yoast_head":"<!-- This site is optimized with the Yoast SEO plugin v27.4 - https:\/\/yoast.com\/product\/yoast-seo-wordpress\/ -->\n<title>Cocktail immunit\u00e9 2 - Cavern Art<\/title>\n<meta name=\"robots\" content=\"index, follow, max-snippet:-1, max-image-preview:large, max-video-preview:-1\" \/>\n<link rel=\"canonical\" href=\"https:\/\/cavernart.com\/ar\/boutique\/miels-et-derives\/cocktail-immunite-2\/\" \/>\n<meta property=\"og:locale\" content=\"ar_AR\" \/>\n<meta property=\"og:type\" content=\"article\" \/>\n<meta property=\"og:title\" content=\"Cocktail immunit\u00e9 2 - Cavern Art\" \/>\n<meta property=\"og:description\" content=\"Cocktail mielleux \u00e0 base de miel de thym ,de propolis naturelle et de pollen frais avec sa cuill\u00e8re \u00e0 miel en bois.  Poids: 250 gr\" \/>\n<meta property=\"og:url\" content=\"https:\/\/cavernart.com\/ar\/boutique\/miels-et-derives\/cocktail-immunite-2\/\" \/>\n<meta property=\"og:site_name\" content=\"Cavern Art\" \/>\n<meta property=\"article:modified_time\" content=\"2025-06-24T00:16:54+00:00\" \/>\n<meta property=\"og:image\" content=\"https:\/\/i0.wp.com\/cavernart.com\/wp-content\/uploads\/2025\/01\/20250123_163243-scaled.jpg?fit=2560%2C2560&ssl=1\" \/>\n\t<meta property=\"og:image:width\" content=\"2560\" \/>\n\t<meta property=\"og:image:height\" content=\"2560\" \/>\n\t<meta property=\"og:image:type\" content=\"image\/jpeg\" \/>\n<meta name=\"twitter:card\" content=\"summary_large_image\" \/>\n<script type=\"application\/ld+json\" class=\"yoast-schema-graph\">{\"@context\":\"https:\\\/\\\/schema.org\",\"@graph\":[{\"@type\":\"WebPage\",\"@id\":\"https:\\\/\\\/cavernart.com\\\/boutique\\\/miels-et-derives\\\/cocktail-immunite-2\\\/\",\"url\":\"https:\\\/\\\/cavernart.com\\\/boutique\\\/miels-et-derives\\\/cocktail-immunite-2\\\/\",\"name\":\"Cocktail immunit\u00e9 2 - Cavern Art\",\"isPartOf\":{\"@id\":\"https:\\\/\\\/cavernart.com\\\/#website\"},\"primaryImageOfPage\":{\"@id\":\"https:\\\/\\\/cavernart.com\\\/boutique\\\/miels-et-derives\\\/cocktail-immunite-2\\\/#primaryimage\"},\"image\":{\"@id\":\"https:\\\/\\\/cavernart.com\\\/boutique\\\/miels-et-derives\\\/cocktail-immunite-2\\\/#primaryimage\"},\"thumbnailUrl\":\"https:\\\/\\\/i0.wp.com\\\/cavernart.com\\\/wp-content\\\/uploads\\\/2025\\\/01\\\/20250123_163243-scaled.jpg?fit=2560%2C2560&ssl=1\",\"datePublished\":\"2025-01-30T16:39:56+00:00\",\"dateModified\":\"2025-06-24T00:16:54+00:00\",\"breadcrumb\":{\"@id\":\"https:\\\/\\\/cavernart.com\\\/boutique\\\/miels-et-derives\\\/cocktail-immunite-2\\\/#breadcrumb\"},\"inLanguage\":\"ar\",\"potentialAction\":[{\"@type\":\"ReadAction\",\"target\":[\"https:\\\/\\\/cavernart.com\\\/boutique\\\/miels-et-derives\\\/cocktail-immunite-2\\\/\"]}]},{\"@type\":\"ImageObject\",\"inLanguage\":\"ar\",\"@id\":\"https:\\\/\\\/cavernart.com\\\/boutique\\\/miels-et-derives\\\/cocktail-immunite-2\\\/#primaryimage\",\"url\":\"https:\\\/\\\/i0.wp.com\\\/cavernart.com\\\/wp-content\\\/uploads\\\/2025\\\/01\\\/20250123_163243-scaled.jpg?fit=2560%2C2560&ssl=1\",\"contentUrl\":\"https:\\\/\\\/i0.wp.com\\\/cavernart.com\\\/wp-content\\\/uploads\\\/2025\\\/01\\\/20250123_163243-scaled.jpg?fit=2560%2C2560&ssl=1\",\"width\":2560,\"height\":2560},{\"@type\":\"BreadcrumbList\",\"@id\":\"https:\\\/\\\/cavernart.com\\\/boutique\\\/miels-et-derives\\\/cocktail-immunite-2\\\/#breadcrumb\",\"itemListElement\":[{\"@type\":\"ListItem\",\"position\":1,\"name\":\"Accueil\",\"item\":\"https:\\\/\\\/cavernart.com\\\/\"},{\"@type\":\"ListItem\",\"position\":2,\"name\":\"Boutique\",\"item\":\"https:\\\/\\\/cavernart.com\\\/boutique\\\/\"},{\"@type\":\"ListItem\",\"position\":3,\"name\":\"Cocktail immunit\u00e9 2\"}]},{\"@type\":\"WebSite\",\"@id\":\"https:\\\/\\\/cavernart.com\\\/#website\",\"url\":\"https:\\\/\\\/cavernart.com\\\/\",\"name\":\"Cavern Art\",\"description\":\"Cr\u00e9ons sans limites !\",\"publisher\":{\"@id\":\"https:\\\/\\\/cavernart.com\\\/#organization\"},\"potentialAction\":[{\"@type\":\"SearchAction\",\"target\":{\"@type\":\"EntryPoint\",\"urlTemplate\":\"https:\\\/\\\/cavernart.com\\\/?s={search_term_string}\"},\"query-input\":{\"@type\":\"PropertyValueSpecification\",\"valueRequired\":true,\"valueName\":\"search_term_string\"}}],\"inLanguage\":\"ar\"},{\"@type\":\"Organization\",\"@id\":\"https:\\\/\\\/cavernart.com\\\/#organization\",\"name\":\"Cavern Art\",\"url\":\"https:\\\/\\\/cavernart.com\\\/\",\"logo\":{\"@type\":\"ImageObject\",\"inLanguage\":\"ar\",\"@id\":\"https:\\\/\\\/cavernart.com\\\/#\\\/schema\\\/logo\\\/image\\\/\",\"url\":\"https:\\\/\\\/i0.wp.com\\\/cavernart.com\\\/wp-content\\\/uploads\\\/2022\\\/02\\\/cropped-logo-cavernart-scaled.png?fit=3001%2C3081&ssl=1\",\"contentUrl\":\"https:\\\/\\\/i0.wp.com\\\/cavernart.com\\\/wp-content\\\/uploads\\\/2022\\\/02\\\/cropped-logo-cavernart-scaled.png?fit=3001%2C3081&ssl=1\",\"width\":3001,\"height\":3081,\"caption\":\"Cavern Art\"},\"image\":{\"@id\":\"https:\\\/\\\/cavernart.com\\\/#\\\/schema\\\/logo\\\/image\\\/\"}}]}<\/script>\n<!-- \/ Yoast SEO plugin. -->","yoast_head_json":{"title":"Cocktail immunit\u00e9 2 - Cavern Art","robots":{"index":"index","follow":"follow","max-snippet":"max-snippet:-1","max-image-preview":"max-image-preview:large","max-video-preview":"max-video-preview:-1"},"canonical":"https:\/\/cavernart.com\/ar\/boutique\/miels-et-derives\/cocktail-immunite-2\/","og_locale":"ar_AR","og_type":"article","og_title":"Cocktail immunit\u00e9 2 - Cavern Art","og_description":"Cocktail mielleux \u00e0 base de miel de thym ,de propolis naturelle et de pollen frais avec sa cuill\u00e8re \u00e0 miel en bois.  Poids: 250 gr","og_url":"https:\/\/cavernart.com\/ar\/boutique\/miels-et-derives\/cocktail-immunite-2\/","og_site_name":"Cavern Art","article_modified_time":"2025-06-24T00:16:54+00:00","og_image":[{"width":2560,"height":2560,"url":"https:\/\/i0.wp.com\/cavernart.com\/wp-content\/uploads\/2025\/01\/20250123_163243-scaled.jpg?fit=2560%2C2560&ssl=1","type":"image\/jpeg"}],"twitter_card":"summary_large_image","schema":{"@context":"https:\/\/schema.org","@graph":[{"@type":"WebPage","@id":"https:\/\/cavernart.com\/boutique\/miels-et-derives\/cocktail-immunite-2\/","url":"https:\/\/cavernart.com\/boutique\/miels-et-derives\/cocktail-immunite-2\/","name":"Cocktail immunit\u00e9 2 - Cavern Art","isPartOf":{"@id":"https:\/\/cavernart.com\/#website"},"primaryImageOfPage":{"@id":"https:\/\/cavernart.com\/boutique\/miels-et-derives\/cocktail-immunite-2\/#primaryimage"},"image":{"@id":"https:\/\/cavernart.com\/boutique\/miels-et-derives\/cocktail-immunite-2\/#primaryimage"},"thumbnailUrl":"https:\/\/i0.wp.com\/cavernart.com\/wp-content\/uploads\/2025\/01\/20250123_163243-scaled.jpg?fit=2560%2C2560&ssl=1","datePublished":"2025-01-30T16:39:56+00:00","dateModified":"2025-06-24T00:16:54+00:00","breadcrumb":{"@id":"https:\/\/cavernart.com\/boutique\/miels-et-derives\/cocktail-immunite-2\/#breadcrumb"},"inLanguage":"ar","potentialAction":[{"@type":"ReadAction","target":["https:\/\/cavernart.com\/boutique\/miels-et-derives\/cocktail-immunite-2\/"]}]},{"@type":"ImageObject","inLanguage":"ar","@id":"https:\/\/cavernart.com\/boutique\/miels-et-derives\/cocktail-immunite-2\/#primaryimage","url":"https:\/\/i0.wp.com\/cavernart.com\/wp-content\/uploads\/2025\/01\/20250123_163243-scaled.jpg?fit=2560%2C2560&ssl=1","contentUrl":"https:\/\/i0.wp.com\/cavernart.com\/wp-content\/uploads\/2025\/01\/20250123_163243-scaled.jpg?fit=2560%2C2560&ssl=1","width":2560,"height":2560},{"@type":"BreadcrumbList","@id":"https:\/\/cavernart.com\/boutique\/miels-et-derives\/cocktail-immunite-2\/#breadcrumb","itemListElement":[{"@type":"ListItem","position":1,"name":"Accueil","item":"https:\/\/cavernart.com\/"},{"@type":"ListItem","position":2,"name":"Boutique","item":"https:\/\/cavernart.com\/boutique\/"},{"@type":"ListItem","position":3,"name":"Cocktail immunit\u00e9 2"}]},{"@type":"WebSite","@id":"https:\/\/cavernart.com\/#website","url":"https:\/\/cavernart.com\/","name":"Cavern Art","description":"Cr\u00e9ons sans limites !","publisher":{"@id":"https:\/\/cavernart.com\/#organization"},"potentialAction":[{"@type":"SearchAction","target":{"@type":"EntryPoint","urlTemplate":"https:\/\/cavernart.com\/?s={search_term_string}"},"query-input":{"@type":"PropertyValueSpecification","valueRequired":true,"valueName":"search_term_string"}}],"inLanguage":"ar"},{"@type":"Organization","@id":"https:\/\/cavernart.com\/#organization","name":"Cavern Art","url":"https:\/\/cavernart.com\/","logo":{"@type":"ImageObject","inLanguage":"ar","@id":"https:\/\/cavernart.com\/#\/schema\/logo\/image\/","url":"https:\/\/i0.wp.com\/cavernart.com\/wp-content\/uploads\/2022\/02\/cropped-logo-cavernart-scaled.png?fit=3001%2C3081&ssl=1","contentUrl":"https:\/\/i0.wp.com\/cavernart.com\/wp-content\/uploads\/2022\/02\/cropped-logo-cavernart-scaled.png?fit=3001%2C3081&ssl=1","width":3001,"height":3081,"caption":"Cavern Art"},"image":{"@id":"https:\/\/cavernart.com\/#\/schema\/logo\/image\/"}}]}},"jetpack_publicize_connections":[],"jetpack_sharing_enabled":true,"jetpack-related-posts":[{"id":1208,"url":"https:\/\/cavernart.com\/ar\/boutique\/miels-et-derives\/cocktail-immunite-3\/","url_meta":{"origin":1207,"position":0},"title":"Cocktail immunit\u00e9 3","author":"stark","date":"30 \u064a\u0646\u0627\u064a\u0631 2025","format":false,"excerpt":"Cocktail mielleux \u00e0 base de miel de thym ,de propolis naturelle ,de pollen frais et de gel\u00e9e royale avec sa cuill\u00e8re \u00e0 miel en bois. Poids: 250 gr","rel":"","context":"\u062a\u062f\u0648\u064a\u0646\u0629 \u0645\u0634\u0627\u0628\u0647\u0629","block_context":{"text":"\u062a\u062f\u0648\u064a\u0646\u0629 \u0645\u0634\u0627\u0628\u0647\u0629","link":""},"img":{"alt_text":"","src":"https:\/\/i0.wp.com\/cavernart.com\/wp-content\/uploads\/2025\/01\/20250123_162924-scaled.jpg?fit=1200%2C1200&ssl=1&resize=350%2C200","width":350,"height":200,"srcset":"https:\/\/i0.wp.com\/cavernart.com\/wp-content\/uploads\/2025\/01\/20250123_162924-scaled.jpg?fit=1200%2C1200&ssl=1&resize=350%2C200 1x, https:\/\/i0.wp.com\/cavernart.com\/wp-content\/uploads\/2025\/01\/20250123_162924-scaled.jpg?fit=1200%2C1200&ssl=1&resize=525%2C300 1.5x, https:\/\/i0.wp.com\/cavernart.com\/wp-content\/uploads\/2025\/01\/20250123_162924-scaled.jpg?fit=1200%2C1200&ssl=1&resize=700%2C400 2x, https:\/\/i0.wp.com\/cavernart.com\/wp-content\/uploads\/2025\/01\/20250123_162924-scaled.jpg?fit=1200%2C1200&ssl=1&resize=1050%2C600 3x"},"classes":[]},{"id":1202,"url":"https:\/\/cavernart.com\/ar\/boutique\/miels-et-derives\/cocktail-immunite-1\/","url_meta":{"origin":1207,"position":1},"title":"Cocktail immunit\u00e9 1","author":"stark","date":"30 \u064a\u0646\u0627\u064a\u0631 2025","format":false,"excerpt":"Cocktail mielleux \u00e0 base de miel de thym et de propolis naturelle avec sa cuill\u00e8re \u00e0 miel en bois. Poids: 250 gr","rel":"","context":"\u062a\u062f\u0648\u064a\u0646\u0629 \u0645\u0634\u0627\u0628\u0647\u0629","block_context":{"text":"\u062a\u062f\u0648\u064a\u0646\u0629 \u0645\u0634\u0627\u0628\u0647\u0629","link":""},"img":{"alt_text":"","src":"https:\/\/i0.wp.com\/cavernart.com\/wp-content\/uploads\/2025\/01\/20250123_162403-scaled.jpg?fit=1200%2C1200&ssl=1&resize=350%2C200","width":350,"height":200,"srcset":"https:\/\/i0.wp.com\/cavernart.com\/wp-content\/uploads\/2025\/01\/20250123_162403-scaled.jpg?fit=1200%2C1200&ssl=1&resize=350%2C200 1x, https:\/\/i0.wp.com\/cavernart.com\/wp-content\/uploads\/2025\/01\/20250123_162403-scaled.jpg?fit=1200%2C1200&ssl=1&resize=525%2C300 1.5x, https:\/\/i0.wp.com\/cavernart.com\/wp-content\/uploads\/2025\/01\/20250123_162403-scaled.jpg?fit=1200%2C1200&ssl=1&resize=700%2C400 2x, https:\/\/i0.wp.com\/cavernart.com\/wp-content\/uploads\/2025\/01\/20250123_162403-scaled.jpg?fit=1200%2C1200&ssl=1&resize=1050%2C600 3x"},"classes":[]},{"id":1209,"url":"https:\/\/cavernart.com\/ar\/boutique\/miels-et-derives\/propolis-naturelle-liquide\/","url_meta":{"origin":1207,"position":2},"title":"Propolis naturelle liquide","author":"stark","date":"30 \u064a\u0646\u0627\u064a\u0631 2025","format":false,"excerpt":"Extraction alcoolis\u00e9e de la propolis locale (produit 100% alg\u00e9rien) Posologie: En pr\u00e9ventif: 6 gouttes par jour \u00e0 diluer dans un liquide (th\u00e9, tisane, jus naturel \u2026) En curatif: 10 gouttes par jour \u00e0 diluer dans un liquide (th\u00e9, tisane, jus naturel \u2026) Contenance: 10 ml","rel":"","context":"\u062a\u062f\u0648\u064a\u0646\u0629 \u0645\u0634\u0627\u0628\u0647\u0629","block_context":{"text":"\u062a\u062f\u0648\u064a\u0646\u0629 \u0645\u0634\u0627\u0628\u0647\u0629","link":""},"img":{"alt_text":"","src":"https:\/\/i0.wp.com\/cavernart.com\/wp-content\/uploads\/2025\/01\/20250123_163003-scaled.jpg?fit=1200%2C1200&ssl=1&resize=350%2C200","width":350,"height":200,"srcset":"https:\/\/i0.wp.com\/cavernart.com\/wp-content\/uploads\/2025\/01\/20250123_163003-scaled.jpg?fit=1200%2C1200&ssl=1&resize=350%2C200 1x, https:\/\/i0.wp.com\/cavernart.com\/wp-content\/uploads\/2025\/01\/20250123_163003-scaled.jpg?fit=1200%2C1200&ssl=1&resize=525%2C300 1.5x, https:\/\/i0.wp.com\/cavernart.com\/wp-content\/uploads\/2025\/01\/20250123_163003-scaled.jpg?fit=1200%2C1200&ssl=1&resize=700%2C400 2x, https:\/\/i0.wp.com\/cavernart.com\/wp-content\/uploads\/2025\/01\/20250123_163003-scaled.jpg?fit=1200%2C1200&ssl=1&resize=1050%2C600 3x"},"classes":[]},{"id":1223,"url":"https:\/\/cavernart.com\/ar\/boutique\/miels-et-derives\/miel-de-thym\/","url_meta":{"origin":1207,"position":3},"title":"Miel de thym","author":"stark","date":"3 \u0641\u0628\u0631\u0627\u064a\u0631 2025","format":false,"excerpt":"","rel":"","context":"\u062a\u062f\u0648\u064a\u0646\u0629 \u0645\u0634\u0627\u0628\u0647\u0629","block_context":{"text":"\u062a\u062f\u0648\u064a\u0646\u0629 \u0645\u0634\u0627\u0628\u0647\u0629","link":""},"img":{"alt_text":"","src":"https:\/\/i0.wp.com\/cavernart.com\/wp-content\/uploads\/2025\/02\/IMG_20250203_103532.jpg?fit=1168%2C1137&ssl=1&resize=350%2C200","width":350,"height":200,"srcset":"https:\/\/i0.wp.com\/cavernart.com\/wp-content\/uploads\/2025\/02\/IMG_20250203_103532.jpg?fit=1168%2C1137&ssl=1&resize=350%2C200 1x, https:\/\/i0.wp.com\/cavernart.com\/wp-content\/uploads\/2025\/02\/IMG_20250203_103532.jpg?fit=1168%2C1137&ssl=1&resize=525%2C300 1.5x, https:\/\/i0.wp.com\/cavernart.com\/wp-content\/uploads\/2025\/02\/IMG_20250203_103532.jpg?fit=1168%2C1137&ssl=1&resize=700%2C400 2x, https:\/\/i0.wp.com\/cavernart.com\/wp-content\/uploads\/2025\/02\/IMG_20250203_103532.jpg?fit=1168%2C1137&ssl=1&resize=1050%2C600 3x"},"classes":[]},{"id":518,"url":"https:\/\/cavernart.com\/ar\/boutique\/miels-et-derives\/miel-toutes-fleurs-du-sud\/","url_meta":{"origin":1207,"position":4},"title":"Miel toutes fleurs du sud","author":"stark","date":"17 \u064a\u0648\u0644\u064a\u0648 2024","format":false,"excerpt":"Riche en oligo-\u00e9l\u00e9ments, en vitamines B et C, le miel \u00ab Toutes Fleurs \u00bb est bon pour l'\u00e9quilibre du microbiote intestinal et facilite la digestion. Contre les maladies cutan\u00e9es, un gommage naturel avec ce miel peut \u00eatre efficace pour nettoyer toutes les impuret\u00e9s de la peau 250 Gr","rel":"","context":"\u062a\u062f\u0648\u064a\u0646\u0629 \u0645\u0634\u0627\u0628\u0647\u0629","block_context":{"text":"\u062a\u062f\u0648\u064a\u0646\u0629 \u0645\u0634\u0627\u0628\u0647\u0629","link":""},"img":{"alt_text":"","src":"https:\/\/i0.wp.com\/cavernart.com\/wp-content\/uploads\/2024\/01\/5-2-1.jpg?fit=1200%2C1200&ssl=1&resize=350%2C200","width":350,"height":200,"srcset":"https:\/\/i0.wp.com\/cavernart.com\/wp-content\/uploads\/2024\/01\/5-2-1.jpg?fit=1200%2C1200&ssl=1&resize=350%2C200 1x, https:\/\/i0.wp.com\/cavernart.com\/wp-content\/uploads\/2024\/01\/5-2-1.jpg?fit=1200%2C1200&ssl=1&resize=525%2C300 1.5x, https:\/\/i0.wp.com\/cavernart.com\/wp-content\/uploads\/2024\/01\/5-2-1.jpg?fit=1200%2C1200&ssl=1&resize=700%2C400 2x, https:\/\/i0.wp.com\/cavernart.com\/wp-content\/uploads\/2024\/01\/5-2-1.jpg?fit=1200%2C1200&ssl=1&resize=1050%2C600 3x"},"classes":[]},{"id":867,"url":"https:\/\/cavernart.com\/ar\/boutique\/miels-et-derives\/miel-de-moutarde-sauvage\/","url_meta":{"origin":1207,"position":5},"title":"Miel de moutarde sauvage","author":"stark","date":"23 \u064a\u0648\u0644\u064a\u0648 2024","format":false,"excerpt":"Excellent reparateur cellulaire un miel d'\u00e9t\u00e9 Ce miel a de nombreuses propri\u00e9t\u00e9s et bienfaits, en effet il a d'excellentes propri\u00e9t\u00e9s antibact\u00e9riennes et antibiotiques. Il est fortement recommand\u00e9 pour le traitement des \u00e9tats grippaux et pour supprimer la toux, mais aussi contre les allergies saisonni\u00e8res. En le prenant en petites doses\u2026","rel":"","context":"\u062a\u062f\u0648\u064a\u0646\u0629 \u0645\u0634\u0627\u0628\u0647\u0629","block_context":{"text":"\u062a\u062f\u0648\u064a\u0646\u0629 \u0645\u0634\u0627\u0628\u0647\u0629","link":""},"img":{"alt_text":"","src":"https:\/\/i0.wp.com\/cavernart.com\/wp-content\/uploads\/2021\/01\/IMG_1793-1024x1024.jpg?fit=1024%2C1024&ssl=1&resize=350%2C200","width":350,"height":200,"srcset":"https:\/\/i0.wp.com\/cavernart.com\/wp-content\/uploads\/2021\/01\/IMG_1793-1024x1024.jpg?fit=1024%2C1024&ssl=1&resize=350%2C200 1x, https:\/\/i0.wp.com\/cavernart.com\/wp-content\/uploads\/2021\/01\/IMG_1793-1024x1024.jpg?fit=1024%2C1024&ssl=1&resize=525%2C300 1.5x, https:\/\/i0.wp.com\/cavernart.com\/wp-content\/uploads\/2021\/01\/IMG_1793-1024x1024.jpg?fit=1024%2C1024&ssl=1&resize=700%2C400 2x"},"classes":[]}],"_links":{"self":[{"href":"https:\/\/cavernart.com\/ar\/wp-json\/wp\/v2\/product\/1207","targetHints":{"allow":["GET"]}}],"collection":[{"href":"https:\/\/cavernart.com\/ar\/wp-json\/wp\/v2\/product"}],"about":[{"href":"https:\/\/cavernart.com\/ar\/wp-json\/wp\/v2\/types\/product"}],"version-history":[{"count":0,"href":"https:\/\/cavernart.com\/ar\/wp-json\/wp\/v2\/product\/1207\/revisions"}],"wp:featuredmedia":[{"embeddable":true,"href":"https:\/\/cavernart.com\/ar\/wp-json\/wp\/v2\/media\/1206"}],"wp:attachment":[{"href":"https:\/\/cavernart.com\/ar\/wp-json\/wp\/v2\/media?parent=1207"}],"wp:term":[{"taxonomy":"product_brand","embeddable":true,"href":"https:\/\/cavernart.com\/ar\/wp-json\/wp\/v2\/product_brand?post=1207"},{"taxonomy":"product_cat","embeddable":true,"href":"https:\/\/cavernart.com\/ar\/wp-json\/wp\/v2\/product_cat?post=1207"},{"taxonomy":"product_tag","embeddable":true,"href":"https:\/\/cavernart.com\/ar\/wp-json\/wp\/v2\/product_tag?post=1207"}],"curies":[{"name":"wp","href":"https:\/\/api.w.org\/{rel}","templated":true}]}}