{"id":8,"date":"2025-09-07T20:48:14","date_gmt":"2025-09-07T20:48:14","guid":{"rendered":"https:\/\/cavernart.com\/cart\/"},"modified":"2025-10-23T16:09:12","modified_gmt":"2025-10-23T16:09:12","slug":"panier","status":"publish","type":"page","link":"https:\/\/cavernart.com\/ar\/panier\/","title":{"rendered":"Panier"},"content":{"rendered":"<div data-block-name=\"woocommerce\/cart\" class=\"wp-block-woocommerce-cart alignwide is-loading\">\n<div data-block-name=\"woocommerce\/filled-cart-block\" class=\"wp-block-woocommerce-filled-cart-block\">\n<div data-block-name=\"woocommerce\/cart-items-block\" class=\"wp-block-woocommerce-cart-items-block\">\n<div data-block-name=\"woocommerce\/cart-line-items-block\" class=\"wp-block-woocommerce-cart-line-items-block\"><\/div>\n\n\n\n<div data-block-name=\"woocommerce\/cart-cross-sells-block\" class=\"wp-block-woocommerce-cart-cross-sells-block\">\n<h2 class=\"wp-block-heading has-large-font-size\">produits \u00a0tendance<\/h2>\n\n\n\n<div data-block-name=\"woocommerce\/cart-cross-sells-products-block\" class=\"wp-block-woocommerce-cart-cross-sells-products-block\"><\/div>\n<\/div>\n<\/div>\n\n\n\n<div data-block-name=\"woocommerce\/cart-totals-block\" class=\"wp-block-woocommerce-cart-totals-block\">\n<div data-block-name=\"woocommerce\/cart-order-summary-block\" class=\"wp-block-woocommerce-cart-order-summary-block\">\n<div data-block-name=\"woocommerce\/cart-order-summary-heading-block\" data-content=\"Total panier\" class=\"wp-block-woocommerce-cart-order-summary-heading-block\"><\/div>\n\n\n\n<div data-block-name=\"woocommerce\/cart-order-summary-coupon-form-block\" class=\"wp-block-woocommerce-cart-order-summary-coupon-form-block\"><\/div>\n\n\n\n<div data-block-name=\"woocommerce\/cart-order-summary-totals-block\" class=\"wp-block-woocommerce-cart-order-summary-totals-block\">\n<div data-block-name=\"woocommerce\/cart-order-summary-subtotal-block\" class=\"wp-block-woocommerce-cart-order-summary-subtotal-block\"><\/div>\n\n\n\n<div data-block-name=\"woocommerce\/cart-order-summary-fee-block\" class=\"wp-block-woocommerce-cart-order-summary-fee-block\"><\/div>\n\n\n\n<div data-block-name=\"woocommerce\/cart-order-summary-discount-block\" class=\"wp-block-woocommerce-cart-order-summary-discount-block\"><\/div>\n\n\n\n<div data-block-name=\"woocommerce\/cart-order-summary-shipping-block\" class=\"wp-block-woocommerce-cart-order-summary-shipping-block\"><\/div>\n\n\n\n<div data-block-name=\"woocommerce\/cart-order-summary-taxes-block\" class=\"wp-block-woocommerce-cart-order-summary-taxes-block\"><\/div>\n<\/div>\n<\/div>\n\n\n\n<div data-block-name=\"woocommerce\/cart-express-payment-block\" class=\"wp-block-woocommerce-cart-express-payment-block\"><\/div>\n\n\n\n<div data-block-name=\"woocommerce\/proceed-to-checkout-block\" class=\"wp-block-woocommerce-proceed-to-checkout-block\"><\/div>\n\n\n\n<div data-block-name=\"woocommerce\/cart-accepted-payment-methods-block\" class=\"wp-block-woocommerce-cart-accepted-payment-methods-block\"><\/div>\n<\/div>\n<\/div>\n\n\n\n<div data-block-name=\"woocommerce\/empty-cart-block\" class=\"wp-block-woocommerce-empty-cart-block\">\n<h2 class=\"wp-block-heading has-text-align-center with-empty-cart-icon wc-block-cart__empty-cart__title\">Votre panier est vide<\/h2>\n\n\n\n<p><\/p>\n\n\n\n<hr class=\"wp-block-separator has-alpha-channel-opacity is-style-dots\"\/>\n\n\n\n<h2 class=\"wp-block-heading has-text-align-center\">Nouveaux dans la boutique<\/h2>\n\n\n<div data-block-name=\"woocommerce\/product-new\" data-columns=\"4\" data-rows=\"1\" class=\"wc-block-grid wp-block-product-new wp-block-woocommerce-product-new wc-block-product-new has-4-columns\"><ul class=\"wc-block-grid__products\"><li class=\"wc-block-grid__product\">\n\t\t\t\t<a href=\"https:\/\/cavernart.com\/ar\/boutique\/linge-de-maison\/ensemble-de-table-tamezgha\/\" class=\"wc-block-grid__product-link\">\n\t\t\t\t\t\n\t\t\t\t\t<div class=\"wc-block-grid__product-image\"><img fetchpriority=\"high\" decoding=\"async\" width=\"600\" height=\"600\" src=\"https:\/\/i0.wp.com\/cavernart.com\/wp-content\/uploads\/2026\/01\/IMG_8081-scaled.jpg?resize=600%2C600&amp;ssl=1\" class=\"attachment-woocommerce_thumbnail size-woocommerce_thumbnail\" alt=\"Ensemble de table Tamezgha\" srcset=\"https:\/\/i0.wp.com\/cavernart.com\/wp-content\/uploads\/2026\/01\/IMG_8081-scaled.jpg?resize=150%2C150&amp;ssl=1 150w, https:\/\/i0.wp.com\/cavernart.com\/wp-content\/uploads\/2026\/01\/IMG_8081-scaled.jpg?resize=600%2C600&amp;ssl=1 600w, https:\/\/i0.wp.com\/cavernart.com\/wp-content\/uploads\/2026\/01\/IMG_8081-scaled.jpg?zoom=2&amp;resize=600%2C600&amp;ssl=1 1200w, https:\/\/i0.wp.com\/cavernart.com\/wp-content\/uploads\/2026\/01\/IMG_8081-scaled.jpg?zoom=3&amp;resize=600%2C600&amp;ssl=1 1800w\" sizes=\"(max-width: 600px) 100vw, 600px\" \/><\/div>\n\t\t\t\t\t<div class=\"wc-block-grid__product-title\">Ensemble de table Tamezgha<\/div>\n\t\t\t\t<\/a>\n\t\t\t\t<div class=\"wc-block-grid__product-price price\"><span class=\"woocommerce-Price-amount amount\" aria-hidden=\"true\">4.800,00<span class=\"woocommerce-Price-currencySymbol\">DA<\/span><\/span> <span aria-hidden=\"true\"> \u2013 <\/span> <span class=\"woocommerce-Price-amount amount\" aria-hidden=\"true\">10.000,00<span class=\"woocommerce-Price-currencySymbol\">DA<\/span><\/span><span class=\"screen-reader-text\" data-no-translation=\"\" data-trp-gettext=\"\">\u0646\u0637\u0627\u0642 \u0627\u0644\u0633\u0639\u0631: \u0645\u0646 \u20664.800,00DA\u2069 \u062e\u0644\u0627\u0644 \u206610.000,00DA\u2069<\/span><\/div>\n\t\t\t\t\n\t\t\t\t<div class=\"wp-block-button wc-block-grid__product-add-to-cart\"><a href=\"https:\/\/cavernart.com\/ar\/boutique\/linge-de-maison\/ensemble-de-table-tamezgha\/\" aria-label=\"\u062a\u062d\u062f\u064a\u062f \u0627\u0644\u062e\u064a\u0627\u0631\u0627\u062a \u0644\u0640 &quot;Ensemble de table Tamezgha&quot;\" data-quantity=\"1\" data-product_id=\"16637\" data-product_sku=\"tab.007\" data-price=\"4800\" rel=\"nofollow\" class=\"wp-block-button__link  add_to_cart_button\" data-no-translation=\"\" data-trp-gettext=\"\" data-no-translation-aria-label=\"\">\u062a\u062d\u062f\u064a\u062f \u0623\u062d\u062f \u0627\u0644\u062e\u064a\u0627\u0631\u0627\u062a<\/a><\/div>\n\t\t\t<\/li><li class=\"wc-block-grid__product\">\n\t\t\t\t<a href=\"https:\/\/cavernart.com\/ar\/boutique\/linge-de-maison\/ensemble-de-table-tavzimt\/\" class=\"wc-block-grid__product-link\">\n\t\t\t\t\t\n\t\t\t\t\t<div class=\"wc-block-grid__product-image\"><img decoding=\"async\" width=\"600\" height=\"600\" src=\"https:\/\/i0.wp.com\/cavernart.com\/wp-content\/uploads\/2026\/01\/IMG_8070-scaled.jpg?resize=600%2C600&amp;ssl=1\" class=\"attachment-woocommerce_thumbnail size-woocommerce_thumbnail\" alt=\"Ensemble de table Tavzimt\" srcset=\"https:\/\/i0.wp.com\/cavernart.com\/wp-content\/uploads\/2026\/01\/IMG_8070-scaled.jpg?resize=150%2C150&amp;ssl=1 150w, https:\/\/i0.wp.com\/cavernart.com\/wp-content\/uploads\/2026\/01\/IMG_8070-scaled.jpg?resize=600%2C600&amp;ssl=1 600w, https:\/\/i0.wp.com\/cavernart.com\/wp-content\/uploads\/2026\/01\/IMG_8070-scaled.jpg?zoom=2&amp;resize=600%2C600&amp;ssl=1 1200w, https:\/\/i0.wp.com\/cavernart.com\/wp-content\/uploads\/2026\/01\/IMG_8070-scaled.jpg?zoom=3&amp;resize=600%2C600&amp;ssl=1 1800w\" sizes=\"(max-width: 600px) 100vw, 600px\" \/><\/div>\n\t\t\t\t\t<div class=\"wc-block-grid__product-title\">Ensemble de table Tavzimt<\/div>\n\t\t\t\t<\/a>\n\t\t\t\t<div class=\"wc-block-grid__product-price price\"><span class=\"woocommerce-Price-amount amount\" aria-hidden=\"true\">5.800,00<span class=\"woocommerce-Price-currencySymbol\">DA<\/span><\/span> <span aria-hidden=\"true\"> \u2013 <\/span> <span class=\"woocommerce-Price-amount amount\" aria-hidden=\"true\">11.000,00<span class=\"woocommerce-Price-currencySymbol\">DA<\/span><\/span><span class=\"screen-reader-text\" data-no-translation=\"\" data-trp-gettext=\"\">\u0646\u0637\u0627\u0642 \u0627\u0644\u0633\u0639\u0631: \u0645\u0646 \u20665.800,00DA\u2069 \u062e\u0644\u0627\u0644 \u206611.000,00DA\u2069<\/span><\/div>\n\t\t\t\t\n\t\t\t\t<div class=\"wp-block-button wc-block-grid__product-add-to-cart\"><a href=\"https:\/\/cavernart.com\/ar\/boutique\/linge-de-maison\/ensemble-de-table-tavzimt\/\" aria-label=\"\u062a\u062d\u062f\u064a\u062f \u0627\u0644\u062e\u064a\u0627\u0631\u0627\u062a \u0644\u0640 &quot;Ensemble de table Tavzimt&quot;\" data-quantity=\"1\" data-product_id=\"16629\" data-product_sku=\"tab.006\" data-price=\"5800\" rel=\"nofollow\" class=\"wp-block-button__link  add_to_cart_button\" data-no-translation=\"\" data-trp-gettext=\"\" data-no-translation-aria-label=\"\">\u062a\u062d\u062f\u064a\u062f \u0623\u062d\u062f \u0627\u0644\u062e\u064a\u0627\u0631\u0627\u062a<\/a><\/div>\n\t\t\t<\/li><li class=\"wc-block-grid__product\">\n\t\t\t\t<a href=\"https:\/\/cavernart.com\/ar\/boutique\/cadeaux-et-coffrets\/kfifet-el-hammam\/\" class=\"wc-block-grid__product-link\">\n\t\t\t\t\t\n\t\t\t\t\t<div class=\"wc-block-grid__product-image\"><img decoding=\"async\" width=\"462\" height=\"578\" src=\"https:\/\/i0.wp.com\/cavernart.com\/wp-content\/uploads\/2025\/12\/WhatsApp-Image-2025-12-25-at-14.14.46.jpeg?resize=462%2C578&amp;ssl=1\" class=\"attachment-woocommerce_thumbnail size-woocommerce_thumbnail\" alt=\"Kfifet el hammam\" srcset=\"https:\/\/i0.wp.com\/cavernart.com\/wp-content\/uploads\/2025\/12\/WhatsApp-Image-2025-12-25-at-14.14.46.jpeg?w=462&amp;ssl=1 462w, https:\/\/i0.wp.com\/cavernart.com\/wp-content\/uploads\/2025\/12\/WhatsApp-Image-2025-12-25-at-14.14.46.jpeg?resize=240%2C300&amp;ssl=1 240w, https:\/\/i0.wp.com\/cavernart.com\/wp-content\/uploads\/2025\/12\/WhatsApp-Image-2025-12-25-at-14.14.46.jpeg?resize=10%2C12&amp;ssl=1 10w, https:\/\/i0.wp.com\/cavernart.com\/wp-content\/uploads\/2025\/12\/WhatsApp-Image-2025-12-25-at-14.14.46.jpeg?resize=150%2C188&amp;ssl=1 150w, https:\/\/i0.wp.com\/cavernart.com\/wp-content\/uploads\/2025\/12\/WhatsApp-Image-2025-12-25-at-14.14.46.jpeg?resize=48%2C60&amp;ssl=1 48w\" sizes=\"(max-width: 462px) 100vw, 462px\" \/><\/div>\n\t\t\t\t\t<div class=\"wc-block-grid__product-title\">Kfifet el hammam<\/div>\n\t\t\t\t<\/a>\n\t\t\t\t<div class=\"wc-block-grid__product-price price\"><span class=\"woocommerce-Price-amount amount\">3.800,00<span class=\"woocommerce-Price-currencySymbol\">DA<\/span><\/span><\/div>\n\t\t\t\t\n\t\t\t\t<div class=\"wp-block-button wc-block-grid__product-add-to-cart\"><a href=\"\/ar\/wp-json\/wp\/v2\/pages\/8?add-to-cart=16586\" aria-label=\"\u0625\u0636\u0627\u0641\u0629 \u0625\u0644\u0649 \u0639\u0631\u0628\u0629 \u0627\u0644\u062a\u0633\u0648\u0642: &quot;Kfifet el hammam&quot;\" data-quantity=\"1\" data-product_id=\"16586\" data-product_sku=\"pack.003\" data-price=\"3800\" rel=\"nofollow\" class=\"wp-block-button__link  add_to_cart_button ajax_add_to_cart\" data-no-translation=\"\" data-trp-gettext=\"\" data-no-translation-aria-label=\"\">\u0625\u0636\u0627\u0641\u0629 \u0625\u0644\u0649 \u0627\u0644\u0633\u0644\u0629<\/a><\/div>\n\t\t\t<\/li><li class=\"wc-block-grid__product\">\n\t\t\t\t<a href=\"https:\/\/cavernart.com\/ar\/boutique\/linge-de-maison\/ensemble-de-table-berbere\/\" class=\"wc-block-grid__product-link\">\n\t\t\t\t\t\n\t\t\t\t\t<div class=\"wc-block-grid__product-image\"><img loading=\"lazy\" decoding=\"async\" width=\"600\" height=\"600\" src=\"https:\/\/i0.wp.com\/cavernart.com\/wp-content\/uploads\/2026\/01\/IMG_8084-scaled.jpg?resize=600%2C600&amp;ssl=1\" class=\"attachment-woocommerce_thumbnail size-woocommerce_thumbnail\" alt=\"Ensemble de table berb\u00e8re\" srcset=\"https:\/\/i0.wp.com\/cavernart.com\/wp-content\/uploads\/2026\/01\/IMG_8084-scaled.jpg?resize=150%2C150&amp;ssl=1 150w, https:\/\/i0.wp.com\/cavernart.com\/wp-content\/uploads\/2026\/01\/IMG_8084-scaled.jpg?resize=600%2C600&amp;ssl=1 600w, https:\/\/i0.wp.com\/cavernart.com\/wp-content\/uploads\/2026\/01\/IMG_8084-scaled.jpg?zoom=2&amp;resize=600%2C600&amp;ssl=1 1200w, https:\/\/i0.wp.com\/cavernart.com\/wp-content\/uploads\/2026\/01\/IMG_8084-scaled.jpg?zoom=3&amp;resize=600%2C600&amp;ssl=1 1800w\" sizes=\"(max-width: 600px) 100vw, 600px\" \/><\/div>\n\t\t\t\t\t<div class=\"wc-block-grid__product-title\">Ensemble de table berb\u00e8re<\/div>\n\t\t\t\t<\/a>\n\t\t\t\t<div class=\"wc-block-grid__product-price price\"><span class=\"woocommerce-Price-amount amount\" aria-hidden=\"true\">5.500,00<span class=\"woocommerce-Price-currencySymbol\">DA<\/span><\/span> <span aria-hidden=\"true\"> \u2013 <\/span> <span class=\"woocommerce-Price-amount amount\" aria-hidden=\"true\">10.500,00<span class=\"woocommerce-Price-currencySymbol\">DA<\/span><\/span><span class=\"screen-reader-text\" data-no-translation=\"\" data-trp-gettext=\"\">\u0646\u0637\u0627\u0642 \u0627\u0644\u0633\u0639\u0631: \u0645\u0646 \u20665.500,00DA\u2069 \u062e\u0644\u0627\u0644 \u206610.500,00DA\u2069<\/span><\/div>\n\t\t\t\t\n\t\t\t\t<div class=\"wp-block-button wc-block-grid__product-add-to-cart\"><a href=\"https:\/\/cavernart.com\/ar\/boutique\/linge-de-maison\/ensemble-de-table-berbere\/\" aria-label=\"\u062a\u062d\u062f\u064a\u062f \u0627\u0644\u062e\u064a\u0627\u0631\u0627\u062a \u0644\u0640 &quot;Ensemble de table berb\u00e8re&quot;\" data-quantity=\"1\" data-product_id=\"16545\" data-product_sku=\"tab.005\" data-price=\"5500\" rel=\"nofollow\" class=\"wp-block-button__link  add_to_cart_button\" data-no-translation=\"\" data-trp-gettext=\"\" data-no-translation-aria-label=\"\">\u062a\u062d\u062f\u064a\u062f \u0623\u062d\u062f \u0627\u0644\u062e\u064a\u0627\u0631\u0627\u062a<\/a><\/div>\n\t\t\t<\/li><\/ul><\/div><\/div>\n<\/div>","protected":false},"excerpt":{"rendered":"","protected":false},"author":1,"featured_media":0,"parent":0,"menu_order":0,"comment_status":"closed","ping_status":"closed","template":"","meta":{"footnotes":""},"class_list":["post-8","page","type-page","status-publish","hentry"],"yoast_head":"<!-- This site is optimized with the Yoast SEO plugin v27.5 - https:\/\/yoast.com\/product\/yoast-seo-wordpress\/ -->\n<title>Panier - Cavern Art<\/title>\n<meta name=\"robots\" content=\"index, follow, max-snippet:-1, max-image-preview:large, max-video-preview:-1\" \/>\n<link rel=\"canonical\" href=\"https:\/\/cavernart.com\/ar\/panier\/\" \/>\n<meta property=\"og:locale\" content=\"ar_AR\" \/>\n<meta property=\"og:type\" content=\"article\" \/>\n<meta property=\"og:title\" content=\"Panier - Cavern Art\" \/>\n<meta property=\"og:url\" content=\"https:\/\/cavernart.com\/ar\/panier\/\" \/>\n<meta property=\"og:site_name\" content=\"Cavern Art\" \/>\n<meta property=\"article:modified_time\" content=\"2025-10-23T16:09:12+00:00\" \/>\n<meta name=\"twitter:card\" content=\"summary_large_image\" \/>\n<script type=\"application\/ld+json\" class=\"yoast-schema-graph\">{\"@context\":\"https:\\\/\\\/schema.org\",\"@graph\":[{\"@type\":\"WebPage\",\"@id\":\"https:\\\/\\\/cavernart.com\\\/panier\\\/\",\"url\":\"https:\\\/\\\/cavernart.com\\\/panier\\\/\",\"name\":\"Panier - Cavern Art\",\"isPartOf\":{\"@id\":\"https:\\\/\\\/cavernart.com\\\/#website\"},\"datePublished\":\"2025-09-07T20:48:14+00:00\",\"dateModified\":\"2025-10-23T16:09:12+00:00\",\"breadcrumb\":{\"@id\":\"https:\\\/\\\/cavernart.com\\\/panier\\\/#breadcrumb\"},\"inLanguage\":\"ar\",\"potentialAction\":[{\"@type\":\"ReadAction\",\"target\":[\"https:\\\/\\\/cavernart.com\\\/panier\\\/\"]}]},{\"@type\":\"BreadcrumbList\",\"@id\":\"https:\\\/\\\/cavernart.com\\\/panier\\\/#breadcrumb\",\"itemListElement\":[{\"@type\":\"ListItem\",\"position\":1,\"name\":\"Accueil\",\"item\":\"https:\\\/\\\/cavernart.com\\\/\"},{\"@type\":\"ListItem\",\"position\":2,\"name\":\"Panier\"}]},{\"@type\":\"WebSite\",\"@id\":\"https:\\\/\\\/cavernart.com\\\/#website\",\"url\":\"https:\\\/\\\/cavernart.com\\\/\",\"name\":\"Cavern Art\",\"description\":\"Cr\u00e9ons sans limites !\",\"publisher\":{\"@id\":\"https:\\\/\\\/cavernart.com\\\/#organization\"},\"potentialAction\":[{\"@type\":\"SearchAction\",\"target\":{\"@type\":\"EntryPoint\",\"urlTemplate\":\"https:\\\/\\\/cavernart.com\\\/?s={search_term_string}\"},\"query-input\":{\"@type\":\"PropertyValueSpecification\",\"valueRequired\":true,\"valueName\":\"search_term_string\"}}],\"inLanguage\":\"ar\"},{\"@type\":\"Organization\",\"@id\":\"https:\\\/\\\/cavernart.com\\\/#organization\",\"name\":\"Cavern Art\",\"url\":\"https:\\\/\\\/cavernart.com\\\/\",\"logo\":{\"@type\":\"ImageObject\",\"inLanguage\":\"ar\",\"@id\":\"https:\\\/\\\/cavernart.com\\\/#\\\/schema\\\/logo\\\/image\\\/\",\"url\":\"https:\\\/\\\/i0.wp.com\\\/cavernart.com\\\/wp-content\\\/uploads\\\/2022\\\/02\\\/cropped-logo-cavernart-scaled.png?fit=3001%2C3081&ssl=1\",\"contentUrl\":\"https:\\\/\\\/i0.wp.com\\\/cavernart.com\\\/wp-content\\\/uploads\\\/2022\\\/02\\\/cropped-logo-cavernart-scaled.png?fit=3001%2C3081&ssl=1\",\"width\":3001,\"height\":3081,\"caption\":\"Cavern Art\"},\"image\":{\"@id\":\"https:\\\/\\\/cavernart.com\\\/#\\\/schema\\\/logo\\\/image\\\/\"}}]}<\/script>\n<!-- \/ Yoast SEO plugin. -->","yoast_head_json":{"title":"Panier - Cavern Art","robots":{"index":"index","follow":"follow","max-snippet":"max-snippet:-1","max-image-preview":"max-image-preview:large","max-video-preview":"max-video-preview:-1"},"canonical":"https:\/\/cavernart.com\/ar\/panier\/","og_locale":"ar_AR","og_type":"article","og_title":"Panier - Cavern Art","og_url":"https:\/\/cavernart.com\/ar\/panier\/","og_site_name":"Cavern Art","article_modified_time":"2025-10-23T16:09:12+00:00","twitter_card":"summary_large_image","schema":{"@context":"https:\/\/schema.org","@graph":[{"@type":"WebPage","@id":"https:\/\/cavernart.com\/panier\/","url":"https:\/\/cavernart.com\/panier\/","name":"Panier - Cavern Art","isPartOf":{"@id":"https:\/\/cavernart.com\/#website"},"datePublished":"2025-09-07T20:48:14+00:00","dateModified":"2025-10-23T16:09:12+00:00","breadcrumb":{"@id":"https:\/\/cavernart.com\/panier\/#breadcrumb"},"inLanguage":"ar","potentialAction":[{"@type":"ReadAction","target":["https:\/\/cavernart.com\/panier\/"]}]},{"@type":"BreadcrumbList","@id":"https:\/\/cavernart.com\/panier\/#breadcrumb","itemListElement":[{"@type":"ListItem","position":1,"name":"Accueil","item":"https:\/\/cavernart.com\/"},{"@type":"ListItem","position":2,"name":"Panier"}]},{"@type":"WebSite","@id":"https:\/\/cavernart.com\/#website","url":"https:\/\/cavernart.com\/","name":"Cavern Art","description":"Cr\u00e9ons sans limites !","publisher":{"@id":"https:\/\/cavernart.com\/#organization"},"potentialAction":[{"@type":"SearchAction","target":{"@type":"EntryPoint","urlTemplate":"https:\/\/cavernart.com\/?s={search_term_string}"},"query-input":{"@type":"PropertyValueSpecification","valueRequired":true,"valueName":"search_term_string"}}],"inLanguage":"ar"},{"@type":"Organization","@id":"https:\/\/cavernart.com\/#organization","name":"Cavern Art","url":"https:\/\/cavernart.com\/","logo":{"@type":"ImageObject","inLanguage":"ar","@id":"https:\/\/cavernart.com\/#\/schema\/logo\/image\/","url":"https:\/\/i0.wp.com\/cavernart.com\/wp-content\/uploads\/2022\/02\/cropped-logo-cavernart-scaled.png?fit=3001%2C3081&ssl=1","contentUrl":"https:\/\/i0.wp.com\/cavernart.com\/wp-content\/uploads\/2022\/02\/cropped-logo-cavernart-scaled.png?fit=3001%2C3081&ssl=1","width":3001,"height":3081,"caption":"Cavern Art"},"image":{"@id":"https:\/\/cavernart.com\/#\/schema\/logo\/image\/"}}]}},"jetpack_sharing_enabled":true,"jetpack-related-posts":[{"id":1331,"url":"https:\/\/cavernart.com\/ar\/","url_meta":{"origin":8,"position":0},"title":"Accueil","author":"djazia","date":"7 \u0633\u0628\u062a\u0645\u0628\u0631 2025","format":false,"excerpt":"Cr\u00e9ons sans limites L'artisanat naturel et authentique, inspir\u00e9 des traditions et de la Terre D\u00e9couvrir la boutique Nouveaut\u00e9s Add to wishlist Ensemble de table berb\u00e8re Coin maison, Linge de maison, Yennayer 6.000,00DA Ajouter au panier Quick view Add to wishlist Mlahfa Bnita V\u00eatements, Yennayer 2.700,00DA Choix des options Ce produit\u2026","rel":"","context":"\u062a\u062f\u0648\u064a\u0646\u0629 \u0645\u0634\u0627\u0628\u0647\u0629","block_context":{"text":"\u062a\u062f\u0648\u064a\u0646\u0629 \u0645\u0634\u0627\u0628\u0647\u0629","link":""},"img":{"alt_text":"","src":"https:\/\/i0.wp.com\/cavernart.com\/wp-content\/uploads\/2025\/10\/IMG_8948.png?resize=350%2C200&ssl=1","width":350,"height":200},"classes":[]},{"id":11,"url":"https:\/\/cavernart.com\/ar\/refund_returns\/","url_meta":{"origin":8,"position":1},"title":"Conditions g\u00e9n\u00e9rales","author":"stark","date":"7 \u0633\u0628\u062a\u0645\u0628\u0631 2025","format":false,"excerpt":"Toute commande pass\u00e9e sur le site de Cavernart ne sera prise en compte uniquement si les adresses de livraison et de facturation se situent en Alg\u00e9rie pour l\u2019instant (sinon pendre contact avec nous). En passant commande sur le site, le client reconna\u00eet avoir pris connaissances des pr\u00e9sentes conditions g\u00e9n\u00e9rales de\u2026","rel":"","context":"\u062a\u062f\u0648\u064a\u0646\u0629 \u0645\u0634\u0627\u0628\u0647\u0629","block_context":{"text":"\u062a\u062f\u0648\u064a\u0646\u0629 \u0645\u0634\u0627\u0628\u0647\u0629","link":""},"img":{"alt_text":"","src":"","width":0,"height":0},"classes":[]},{"id":3,"url":"https:\/\/cavernart.com\/ar\/privacy-policy\/","url_meta":{"origin":8,"position":2},"title":"Politique de confidentialit\u00e9","author":"stark","date":"7 \u0633\u0628\u062a\u0645\u0628\u0631 2025","format":false,"excerpt":"Vivons le travail manuel, le travail artisanal Notre politique de remboursement et de retour se fait uniquement \u00e0 la livraison. Si le livreur repart votre achat sera confirm\u00e9,nous ne pouvons pas vous offrir un remboursement ou un \u00e9change. Pour \u00eatre admissible \u00e0 un retour, votre article doit \u00eatre refus\u00e9 au\u2026","rel":"","context":"\u062a\u062f\u0648\u064a\u0646\u0629 \u0645\u0634\u0627\u0628\u0647\u0629","block_context":{"text":"\u062a\u062f\u0648\u064a\u0646\u0629 \u0645\u0634\u0627\u0628\u0647\u0629","link":""},"img":{"alt_text":"","src":"","width":0,"height":0},"classes":[]}],"_links":{"self":[{"href":"https:\/\/cavernart.com\/ar\/wp-json\/wp\/v2\/pages\/8","targetHints":{"allow":["GET"]}}],"collection":[{"href":"https:\/\/cavernart.com\/ar\/wp-json\/wp\/v2\/pages"}],"about":[{"href":"https:\/\/cavernart.com\/ar\/wp-json\/wp\/v2\/types\/page"}],"author":[{"embeddable":true,"href":"https:\/\/cavernart.com\/ar\/wp-json\/wp\/v2\/users\/1"}],"replies":[{"embeddable":true,"href":"https:\/\/cavernart.com\/ar\/wp-json\/wp\/v2\/comments?post=8"}],"version-history":[{"count":3,"href":"https:\/\/cavernart.com\/ar\/wp-json\/wp\/v2\/pages\/8\/revisions"}],"predecessor-version":[{"id":690,"href":"https:\/\/cavernart.com\/ar\/wp-json\/wp\/v2\/pages\/8\/revisions\/690"}],"wp:attachment":[{"href":"https:\/\/cavernart.com\/ar\/wp-json\/wp\/v2\/media?parent=8"}],"curies":[{"name":"wp","href":"https:\/\/api.w.org\/{rel}","templated":true}]}}